{"id":982,"date":"2025-01-30T11:01:39","date_gmt":"2025-01-30T10:01:39","guid":{"rendered":"https:\/\/conflansmontjoie.org\/?page_id=982"},"modified":"2025-03-02T09:32:08","modified_gmt":"2025-03-02T08:32:08","slug":"rejoignez-nous","status":"publish","type":"page","link":"https:\/\/conflansmontjoie.org\/?page_id=982","title":{"rendered":"Rejoignez-nous"},"content":{"rendered":"\t\t<div data-elementor-type=\"wp-page\" data-elementor-id=\"982\" class=\"elementor elementor-982\">\n\t\t\t\t<div class=\"elementor-element elementor-element-4d2e651 e-flex e-con-boxed e-con e-parent\" data-id=\"4d2e651\" data-element_type=\"container\" data-e-type=\"container\">\n\t\t\t\t\t<div class=\"e-con-inner\">\n\t\t\t\t<div class=\"elementor-element elementor-element-25895a8 elementor-widget elementor-widget-image\" data-id=\"25895a8\" data-element_type=\"widget\" data-e-type=\"widget\" data-widget_type=\"image.default\">\n\t\t\t\t<div class=\"elementor-widget-container\">\n\t\t\t\t\t\t\t\t\t\t\t\t\t\t\t<img fetchpriority=\"high\" decoding=\"async\" width=\"931\" height=\"197\" src=\"https:\/\/conflansmontjoie.org\/wp-content\/uploads\/2025\/03\/Baniere.png\" class=\"attachment-large size-large wp-image-1588\" alt=\"\" srcset=\"https:\/\/conflansmontjoie.org\/wp-content\/uploads\/2025\/03\/Baniere.png 931w, https:\/\/conflansmontjoie.org\/wp-content\/uploads\/2025\/03\/Baniere-300x63.png 300w, https:\/\/conflansmontjoie.org\/wp-content\/uploads\/2025\/03\/Baniere-768x163.png 768w\" sizes=\"(max-width: 931px) 100vw, 931px\" \/>\t\t\t\t\t\t\t\t\t\t\t\t\t\t\t<\/div>\n\t\t\t\t<\/div>\n\t\t\t\t<div class=\"elementor-element elementor-element-298128f elementor-widget elementor-widget-text-editor\" data-id=\"298128f\" data-element_type=\"widget\" data-e-type=\"widget\" data-widget_type=\"text-editor.default\">\n\t\t\t\t<div class=\"elementor-widget-container\">\n\t\t\t\t\t\t\t\t\t<p><span style=\"color: #000000;\">Madame, monsieur, <\/span><\/p><p><span style=\"color: #000000;\">Si vous souhaitez mieux nous connaitre, mieux comprendre nos actions, devenir acteur dans votre cit\u00e9, venez assister \u00e0 notre prochaine r\u00e9union, nous nous r\u00e9unissons deux fois par mois (R\u00e9union statutaire) dans une ambiance conviviale, le 1er et 3\u00e8me jeudis du mois \u00e0 Carri\u00e8res-sous-Poissy, lors d\u2019un d\u00eener studieux\u00a0 pour organiser nos actions .<\/span><\/p><p><span style=\"color: #000000;\">Enfin, nous servons la cit\u00e9 par nos actions sur le terrain, ponctuellement ou pendant quelques semaines comme pour notre action les tulipes contre le cancer. Nous servons par nos actions pour les plus d\u00e9munies, pour les personnes, pour les enfants malades, pour nos ain\u00e9es et contribuons \u00e0 l\u2019environnement. <\/span><\/p><p><span style=\"color: #000000;\">Alors, venez servir \u00e0 nos c\u00f4t\u00e9s !\u00a0 participer \u00e0 nos actions, dans un premier temps comme b\u00e9n\u00e9vole et dans un second, si vos valeurs sont celles du Lionisme, alors si vous le souhaitez vous serez intronis\u00e9 \u00ab\u00a0Lions\u00a0\u00bb.<\/span><\/p><p style=\"text-align: center;\"><a href=\"https:\/\/conflansmontjoie.org\/?page_id=122\"><u><b>Contactez-nous<\/b><\/u><\/a><\/p>\t\t\t\t\t\t\t\t<\/div>\n\t\t\t\t<\/div>\n\t\t\t\t\t<\/div>\n\t\t\t\t<\/div>\n\t\t<div class=\"elementor-element elementor-element-5cd88c7 e-grid e-con-full e-con e-parent\" data-id=\"5cd88c7\" data-element_type=\"container\" data-e-type=\"container\">\n\t\t\t\t<div class=\"elementor-element elementor-element-ca2f42f elementor-widget elementor-widget-image\" data-id=\"ca2f42f\" data-element_type=\"widget\" data-e-type=\"widget\" data-widget_type=\"image.default\">\n\t\t\t\t<div class=\"elementor-widget-container\">\n\t\t\t\t\t\t\t\t\t\t\t\t\t\t\t<img decoding=\"async\" width=\"960\" height=\"609\" src=\"https:\/\/conflansmontjoie.org\/wp-content\/uploads\/2025\/03\/Screenshot_20211006-2050042-1024x650.png\" class=\"attachment-large size-large wp-image-1589\" alt=\"\" srcset=\"https:\/\/conflansmontjoie.org\/wp-content\/uploads\/2025\/03\/Screenshot_20211006-2050042-1024x650.png 1024w, https:\/\/conflansmontjoie.org\/wp-content\/uploads\/2025\/03\/Screenshot_20211006-2050042-300x190.png 300w, https:\/\/conflansmontjoie.org\/wp-content\/uploads\/2025\/03\/Screenshot_20211006-2050042-768x488.png 768w, https:\/\/conflansmontjoie.org\/wp-content\/uploads\/2025\/03\/Screenshot_20211006-2050042-1140x724.png 1140w, https:\/\/conflansmontjoie.org\/wp-content\/uploads\/2025\/03\/Screenshot_20211006-2050042.png 1536w\" sizes=\"(max-width: 960px) 100vw, 960px\" \/>\t\t\t\t\t\t\t\t\t\t\t\t\t\t\t<\/div>\n\t\t\t\t<\/div>\n\t\t\t\t<div class=\"elementor-element elementor-element-6a1890e elementor-widget elementor-widget-text-editor\" data-id=\"6a1890e\" data-element_type=\"widget\" data-e-type=\"widget\" data-widget_type=\"text-editor.default\">\n\t\t\t\t<div class=\"elementor-widget-container\">\n\t\t\t\t\t\t\t\t\t<p><b><i>Le <\/i><\/b><b><i>Lionisme<\/i><\/b><b><i> implique :<\/i><\/b><\/p><ul><li>Ouverture de c\u0153ur et d\u2019esprit, tol\u00e9rance, acceptation de l\u2019autre avec ses diff\u00e9rences et ses convictions id\u00e9ologiques, philosophiques et politiques.<\/li><li>Esprit de paix, entente, amiti\u00e9 et fid\u00e9lit\u00e9.<\/li><li>Sens de la solidarit\u00e9, consciente et non impos\u00e9e.<\/li><\/ul>\t\t\t\t\t\t\t\t<\/div>\n\t\t\t\t<\/div>\n\t\t\t\t<\/div>\n\t\t\t\t<\/div>\n\t\t","protected":false},"excerpt":{"rendered":"<p>Madame, monsieur, Si vous souhaitez mieux nous connaitre, mieux comprendre nos actions, devenir acteur dans votre cit\u00e9, venez assister \u00e0 notre prochaine r\u00e9union, nous nous r\u00e9unissons deux fois par mois (R\u00e9union statutaire) dans une ambiance conviviale, le 1er et 3\u00e8me jeudis du mois \u00e0 Carri\u00e8res-sous-Poissy, lors d\u2019un d\u00eener studieux\u00a0 pour organiser nos actions . Enfin, nous servons la cit\u00e9 par nos actions sur le terrain, ponctuellement ou pendant quelques semaines comme pour notre action les tulipes contre le cancer. Nous servons par nos actions pour les plus d\u00e9munies, pour les personnes, pour les enfants malades, pour nos ain\u00e9es et contribuons \u00e0 l\u2019environnement. Alors, venez servir \u00e0 nos c\u00f4t\u00e9s !\u00a0 participer \u00e0 nos actions, dans un premier temps comme b\u00e9n\u00e9vole et dans un second, si vos valeurs sont celles du Lionisme, alors si vous le souhaitez vous serez intronis\u00e9 \u00ab\u00a0Lions\u00a0\u00bb. Contactez-nous Le Lionisme implique : Ouverture de c\u0153ur et d\u2019esprit, tol\u00e9rance, acceptation de l\u2019autre avec ses diff\u00e9rences et ses convictions id\u00e9ologiques, philosophiques et politiques. Esprit de paix, entente, amiti\u00e9 et fid\u00e9lit\u00e9. Sens de la solidarit\u00e9, consciente et non impos\u00e9e.<\/p>\n","protected":false},"author":1,"featured_media":0,"parent":0,"menu_order":0,"comment_status":"closed","ping_status":"closed","template":"","meta":{"footnotes":""},"class_list":["post-982","page","type-page","status-publish","hentry"],"_links":{"self":[{"href":"https:\/\/conflansmontjoie.org\/index.php?rest_route=\/wp\/v2\/pages\/982","targetHints":{"allow":["GET"]}}],"collection":[{"href":"https:\/\/conflansmontjoie.org\/index.php?rest_route=\/wp\/v2\/pages"}],"about":[{"href":"https:\/\/conflansmontjoie.org\/index.php?rest_route=\/wp\/v2\/types\/page"}],"author":[{"embeddable":true,"href":"https:\/\/conflansmontjoie.org\/index.php?rest_route=\/wp\/v2\/users\/1"}],"replies":[{"embeddable":true,"href":"https:\/\/conflansmontjoie.org\/index.php?rest_route=%2Fwp%2Fv2%2Fcomments&post=982"}],"version-history":[{"count":22,"href":"https:\/\/conflansmontjoie.org\/index.php?rest_route=\/wp\/v2\/pages\/982\/revisions"}],"predecessor-version":[{"id":1605,"href":"https:\/\/conflansmontjoie.org\/index.php?rest_route=\/wp\/v2\/pages\/982\/revisions\/1605"}],"wp:attachment":[{"href":"https:\/\/conflansmontjoie.org\/index.php?rest_route=%2Fwp%2Fv2%2Fmedia&parent=982"}],"curies":[{"name":"wp","href":"https:\/\/api.w.org\/{rel}","templated":true}]}}