{"id":968,"date":"2025-01-30T10:39:12","date_gmt":"2025-01-30T09:39:12","guid":{"rendered":"https:\/\/conflansmontjoie.org\/?page_id=968"},"modified":"2025-03-12T17:04:36","modified_gmt":"2025-03-12T16:04:36","slug":"poneyvasion-2","status":"publish","type":"page","link":"https:\/\/conflansmontjoie.org\/?page_id=968","title":{"rendered":"Poneyvasion"},"content":{"rendered":"\t\t<div data-elementor-type=\"wp-page\" data-elementor-id=\"968\" class=\"elementor elementor-968\">\n\t\t\t\t<div class=\"elementor-element elementor-element-7e54375 e-flex e-con-boxed e-con e-parent\" data-id=\"7e54375\" data-element_type=\"container\" data-e-type=\"container\">\n\t\t\t\t\t<div class=\"e-con-inner\">\n\t\t\t\t<div class=\"elementor-element elementor-element-0b8bf16 elementor-widget elementor-widget-text-editor\" data-id=\"0b8bf16\" data-element_type=\"widget\" data-e-type=\"widget\" data-widget_type=\"text-editor.default\">\n\t\t\t\t<div class=\"elementor-widget-container\">\n\t\t\t\t\t\t\t\t\t<div align=\"center\">\u00a0<\/div><div align=\"justify\"><div style=\"float: left; margin-right: 15px;\"><span style=\"color: #000000;\"><img decoding=\"async\" class=\"alignleft wp-image-72\" src=\"http:\/\/conflansmontjoie.org\/wp-content\/uploads\/2025\/01\/Poneyvasion_0292.webp\" alt=\"\" width=\"250\" height=\"190\" data-wp-editing=\"1\" \/><\/span><\/div><div><div><span style=\"color: #000000;\">L&rsquo;\u00e9quith\u00e9rapie, c&rsquo;est l&rsquo;art de soigner l&rsquo;esprit par la m\u00e9diation du cheval, qui cherche \u00e0 am\u00e9liorer des difficult\u00e9s d&rsquo;ordre psychique. C&rsquo;est sur cette id\u00e9e que chaque ann\u00e9e au mois de juin, le <b>Lions Club Conflans-Montjoie<\/b> accueille des enfants hospitalis\u00e9s au sein d&rsquo;un centre \u00e9questre : <a style=\"color: #000000;\" href=\"http:\/\/www.la-petite-cavalerie.fr\"><u> La Petite Cavalerie \u00e0 Triel-sur-Seine<\/u><\/a> pour leur offrir un moment d\u2019\u00e9vasion le temps d&rsquo;une journ\u00e9e. Le matin pr\u00e9sentation du poney, s\u00e9ance de brossage puis apr\u00e8s un pique-nique m\u00e9rit\u00e9, l&rsquo;apr\u00e8s-midi est consacr\u00e9 aux premi\u00e8res le\u00e7ons d&rsquo;\u00e9quitation. <\/span><\/div><div>\u00a0<\/div><div><span style=\"color: #000000;\">Cette journ\u00e9e est encadr\u00e9e par des professionnels tant sur le plan hippique que m\u00e9dical. Nous ne pouvons que constater le changement d&rsquo;attitude de chaque enfant envers le poney en fin de journ\u00e9e: craintif au d\u00e9but, la plupart ont pris confiance en eux et repartent avec le sourire. Quelle meilleure r\u00e9compense pour les membres organisateurs du Lions Club Conflans-Montjoie.<\/span><\/div><\/div><\/div>\t\t\t\t\t\t\t\t<\/div>\n\t\t\t\t<\/div>\n\t\t\t\t\t<\/div>\n\t\t\t\t<\/div>\n\t\t\t\t<\/div>\n\t\t","protected":false},"excerpt":{"rendered":"<p>\u00a0L&rsquo;\u00e9quith\u00e9rapie, c&rsquo;est l&rsquo;art de soigner l&rsquo;esprit par la m\u00e9diation du cheval, qui cherche \u00e0 am\u00e9liorer des difficult\u00e9s d&rsquo;ordre psychique. C&rsquo;est sur cette id\u00e9e que chaque ann\u00e9e au mois de juin, le Lions Club Conflans-Montjoie accueille des enfants hospitalis\u00e9s au sein d&rsquo;un centre \u00e9questre : La Petite Cavalerie \u00e0 Triel-sur-Seine pour leur offrir un moment d\u2019\u00e9vasion le temps d&rsquo;une journ\u00e9e. Le matin pr\u00e9sentation du poney, s\u00e9ance de brossage puis apr\u00e8s un pique-nique m\u00e9rit\u00e9, l&rsquo;apr\u00e8s-midi est consacr\u00e9 aux premi\u00e8res le\u00e7ons d&rsquo;\u00e9quitation. \u00a0Cette journ\u00e9e est encadr\u00e9e par des professionnels tant sur le plan hippique que m\u00e9dical. Nous ne pouvons que constater le changement d&rsquo;attitude de chaque enfant envers le poney en fin de journ\u00e9e: craintif au d\u00e9but, la plupart ont pris confiance en eux et repartent avec le sourire. Quelle meilleure r\u00e9compense pour les membres organisateurs du Lions Club Conflans-Montjoie.<\/p>\n","protected":false},"author":1,"featured_media":0,"parent":754,"menu_order":0,"comment_status":"closed","ping_status":"closed","template":"","meta":{"footnotes":""},"class_list":["post-968","page","type-page","status-publish","hentry"],"_links":{"self":[{"href":"https:\/\/conflansmontjoie.org\/index.php?rest_route=\/wp\/v2\/pages\/968","targetHints":{"allow":["GET"]}}],"collection":[{"href":"https:\/\/conflansmontjoie.org\/index.php?rest_route=\/wp\/v2\/pages"}],"about":[{"href":"https:\/\/conflansmontjoie.org\/index.php?rest_route=\/wp\/v2\/types\/page"}],"author":[{"embeddable":true,"href":"https:\/\/conflansmontjoie.org\/index.php?rest_route=\/wp\/v2\/users\/1"}],"replies":[{"embeddable":true,"href":"https:\/\/conflansmontjoie.org\/index.php?rest_route=%2Fwp%2Fv2%2Fcomments&post=968"}],"version-history":[{"count":22,"href":"https:\/\/conflansmontjoie.org\/index.php?rest_route=\/wp\/v2\/pages\/968\/revisions"}],"predecessor-version":[{"id":3205,"href":"https:\/\/conflansmontjoie.org\/index.php?rest_route=\/wp\/v2\/pages\/968\/revisions\/3205"}],"up":[{"embeddable":true,"href":"https:\/\/conflansmontjoie.org\/index.php?rest_route=\/wp\/v2\/pages\/754"}],"wp:attachment":[{"href":"https:\/\/conflansmontjoie.org\/index.php?rest_route=%2Fwp%2Fv2%2Fmedia&parent=968"}],"curies":[{"name":"wp","href":"https:\/\/api.w.org\/{rel}","templated":true}]}}