{"id":837,"date":"2025-01-29T11:31:34","date_gmt":"2025-01-29T10:31:34","guid":{"rendered":"https:\/\/conflansmontjoie.org\/?page_id=837"},"modified":"2025-03-18T13:52:19","modified_gmt":"2025-03-18T12:52:19","slug":"alzheimer","status":"publish","type":"page","link":"https:\/\/conflansmontjoie.org\/?page_id=837","title":{"rendered":"En faveur des r\u00e9sidents des EHPAD"},"content":{"rendered":"\t\t<div data-elementor-type=\"wp-page\" data-elementor-id=\"837\" class=\"elementor elementor-837\">\n\t\t\t\t<div class=\"elementor-element elementor-element-ea8809d e-flex e-con-boxed e-con e-parent\" data-id=\"ea8809d\" data-element_type=\"container\" data-e-type=\"container\">\n\t\t\t\t\t<div class=\"e-con-inner\">\n\t\t\t\t<div class=\"elementor-element elementor-element-0d78802 elementor-widget elementor-widget-image\" data-id=\"0d78802\" data-element_type=\"widget\" data-e-type=\"widget\" data-widget_type=\"image.default\">\n\t\t\t\t<div class=\"elementor-widget-container\">\n\t\t\t\t\t\t\t\t\t\t\t\t\t\t\t<img decoding=\"async\" width=\"150\" height=\"150\" src=\"https:\/\/conflansmontjoie.org\/wp-content\/uploads\/2025\/03\/95733818_2898556726876404_6706234757144903680_n-150x150.jpg\" class=\"attachment-thumbnail size-thumbnail wp-image-2776\" alt=\"\" srcset=\"https:\/\/conflansmontjoie.org\/wp-content\/uploads\/2025\/03\/95733818_2898556726876404_6706234757144903680_n-150x150.jpg 150w, https:\/\/conflansmontjoie.org\/wp-content\/uploads\/2025\/03\/95733818_2898556726876404_6706234757144903680_n-300x300.jpg 300w, https:\/\/conflansmontjoie.org\/wp-content\/uploads\/2025\/03\/95733818_2898556726876404_6706234757144903680_n-75x75.jpg 75w\" sizes=\"(max-width: 150px) 100vw, 150px\" \/>\t\t\t\t\t\t\t\t\t\t\t\t\t\t\t<\/div>\n\t\t\t\t<\/div>\n\t\t\t\t<div class=\"elementor-element elementor-element-fb1b424 elementor-widget elementor-widget-text-editor\" data-id=\"fb1b424\" data-element_type=\"widget\" data-e-type=\"widget\" data-widget_type=\"text-editor.default\">\n\t\t\t\t<div class=\"elementor-widget-container\">\n\t\t\t\t\t\t\t\t\t<div align=\"justify\"><div><span style=\"color: #000000;\">Le <b>Lions Club Conflans-Montjoie <\/b> participe \u00e0 des projets visant \u00e0 l&rsquo;am\u00e9lioration de la qualit\u00e9 de vie des personnes en Ehpad et notamment ceux atteints de la maladie d&rsquo;Alzheimer : <br \/><\/span><\/div><div>\u00a0<\/div><\/div><p><strong><span style=\"color: #000000;\"><img decoding=\"async\" class=\"wp-image-2792 size-thumbnail alignleft\" src=\"http:\/\/conflansmontjoie.org\/wp-content\/uploads\/2025\/03\/Olympiage-2-150x150.jpg\" alt=\"\" width=\"150\" height=\"150\" srcset=\"https:\/\/conflansmontjoie.org\/wp-content\/uploads\/2025\/03\/Olympiage-2-150x150.jpg 150w, https:\/\/conflansmontjoie.org\/wp-content\/uploads\/2025\/03\/Olympiage-2-300x300.jpg 300w, https:\/\/conflansmontjoie.org\/wp-content\/uploads\/2025\/03\/Olympiage-2-1024x1024.jpg 1024w, https:\/\/conflansmontjoie.org\/wp-content\/uploads\/2025\/03\/Olympiage-2-768x768.jpg 768w, https:\/\/conflansmontjoie.org\/wp-content\/uploads\/2025\/03\/Olympiage-2-1140x1140.jpg 1140w, https:\/\/conflansmontjoie.org\/wp-content\/uploads\/2025\/03\/Olympiage-2-75x75.jpg 75w, https:\/\/conflansmontjoie.org\/wp-content\/uploads\/2025\/03\/Olympiage-2.jpg 1440w\" sizes=\"(max-width: 150px) 100vw, 150px\" \/><\/span><\/strong><\/p><p style=\"text-align: center;\"><span style=\"color: #000000;\"><strong>Mat\u00e9riel pour la pratique du tir \u00e0 l&rsquo;arc<\/strong><\/span><\/p><p><span style=\"color: #000000;\"><strong>En 2024<\/strong>, ann\u00e9e Olympique en France, le club offre aux r\u00e9sidents du mat\u00e9riel pour la pratique du tir \u00e0 l&rsquo;arc. La maison Richard organisera leur \u00ab\u00a0Olympi\u00e2ge\u00a0\u00bb. <\/span><\/p><p>\u00a0<\/p><p>\u00a0<\/p><hr \/><p style=\"text-align: center;\"><span style=\"color: #000000;\"><strong><img decoding=\"async\" class=\"wp-image-2791 size-thumbnail alignleft\" src=\"http:\/\/conflansmontjoie.org\/wp-content\/uploads\/2025\/03\/IMG_20230616_161009727-1-150x150.jpg\" alt=\"\" width=\"150\" height=\"150\" srcset=\"https:\/\/conflansmontjoie.org\/wp-content\/uploads\/2025\/03\/IMG_20230616_161009727-1-150x150.jpg 150w, https:\/\/conflansmontjoie.org\/wp-content\/uploads\/2025\/03\/IMG_20230616_161009727-1-300x300.jpg 300w, https:\/\/conflansmontjoie.org\/wp-content\/uploads\/2025\/03\/IMG_20230616_161009727-1-75x75.jpg 75w\" sizes=\"(max-width: 150px) 100vw, 150px\" \/>jeux d&rsquo;adresse<\/strong><\/span><\/p><p><span style=\"color: #000000;\"><strong>En 2023<\/strong>, le club offre \u00e0 l&rsquo;EHPAD de la Maison Richard \u00e0 Conflans plusieurs jeux d&rsquo;adresse pour les r\u00e9sidents.<\/span><\/p><p>\u00a0<\/p><p>\u00a0<\/p><p>\u00a0<\/p><p style=\"text-align: center;\"><span style=\"color: #000000;\"><strong>Mat\u00e9riel de jardinage<\/strong><\/span><\/p><p><span style=\"color: #000000;\"><strong>En 2021<\/strong>, en faveur des r\u00e9sidents de la R\u00e9sidence du Clos de Rome, le club a financ\u00e9 du mat\u00e9riel de<\/span><span style=\"color: #000000;\"> jardinage (projet pour les r\u00e9sidents).<\/span><\/p><p>\u00a0<\/p><p style=\"text-align: center;\"><span style=\"color: #000000;\"><strong>Tablettes<\/strong><\/span><\/p><p><span style=\"color: #000000;\"><img loading=\"lazy\" decoding=\"async\" class=\"alignleft wp-image-2784 size-thumbnail\" src=\"http:\/\/conflansmontjoie.org\/wp-content\/uploads\/2025\/03\/95733818_2898556726876404_6706234757144903680_n-1-150x150.jpg\" alt=\"\" width=\"150\" height=\"150\" srcset=\"https:\/\/conflansmontjoie.org\/wp-content\/uploads\/2025\/03\/95733818_2898556726876404_6706234757144903680_n-1-150x150.jpg 150w, https:\/\/conflansmontjoie.org\/wp-content\/uploads\/2025\/03\/95733818_2898556726876404_6706234757144903680_n-1-300x300.jpg 300w, https:\/\/conflansmontjoie.org\/wp-content\/uploads\/2025\/03\/95733818_2898556726876404_6706234757144903680_n-1-75x75.jpg 75w\" sizes=\"(max-width: 150px) 100vw, 150px\" \/><strong>En 2020<\/strong>, lors des p\u00e9riodes de confinement \u00e0 cause du Covid, le club <a href=\"https:\/\/actu.fr\/ile-de-france\/conflans-sainte-honorine_78172\/yvelines-lions-club-conflans-montjoie-distribue-tablettes-les-seniors-dans-ehpad_33346819.html\">offre des tablettes<\/a> afin que les r\u00e9sidents puissent communiquer avec leur famille dans plusieurs EHPAD : \u00c9tablissements servis : La R\u00e9sidence \u00e0 Andr\u00e9sy, La Tour, Les Glycines, Le Prieur\u00e9 et Richard \u00e0 Conflans, Le Tilleul \u00e0 Chanteloup et la R\u00e9sidence du Sourire \u00e0 Carri\u00e8res-sous-Poissy.<br \/><\/span><\/p><p>\u00a0<\/p><p style=\"text-align: center;\"><span style=\"color: #000000;\"><strong>Matelas \u00e0 andullation<\/strong><\/span><\/p><div align=\"justify\"><div><p><span style=\"color: #000000;\"><strong>En<\/strong> <b>2019<\/b>, toujours en partenariat avec Lions Alzheimer, le club offre respectivement deux <a style=\"color: #000000;\" href=\"https:\/\/youtu.be\/j-YpICbo3vs\"><u>matelas \u00e0 andullation<\/u><\/a> aux EHPAD de Conflans-Sainte-Honorine Richard et R\u00e9sidence La Tour. Le matelas \u00e0 andullation est le fruit de la recherche de plusieurs disciplines : a\u00e9rospatiale, informatique, m\u00e9dicale, sportive.<\/span><\/p><p><img loading=\"lazy\" decoding=\"async\" class=\"wp-image-2777 size-medium aligncenter\" src=\"http:\/\/conflansmontjoie.org\/wp-content\/uploads\/2025\/03\/87492369_2756998731032205_6202936951662706688_n-300x225.jpg\" alt=\"\" width=\"300\" height=\"225\" srcset=\"https:\/\/conflansmontjoie.org\/wp-content\/uploads\/2025\/03\/87492369_2756998731032205_6202936951662706688_n-300x225.jpg 300w, https:\/\/conflansmontjoie.org\/wp-content\/uploads\/2025\/03\/87492369_2756998731032205_6202936951662706688_n-768x576.jpg 768w, https:\/\/conflansmontjoie.org\/wp-content\/uploads\/2025\/03\/87492369_2756998731032205_6202936951662706688_n.jpg 960w\" sizes=\"(max-width: 300px) 100vw, 300px\" \/><\/p><p style=\"text-align: center;\"><span style=\"color: #000000;\"><strong><br \/>Jardin Sensoriel<\/strong><\/span><\/p><div align=\"justify\"><div><p><span style=\"color: #000000;\"><strong>En<\/strong><b> 2015<\/b> , l&rsquo;EPHAD Richard \u00e0 Conflans-Sainte-Honorine a sollicit\u00e9 le club pour <a href=\"https:\/\/www.leparisien.fr\/yvelines-78\/conflans-sainte-honorine-78700\/conflans-le-lions-club-offre-un-jardin-sensoriel-a-l-ehpad-04-03-2016-5598807.php\">une participation \u00e0 son Jardin Sensoriel<\/a>. Le club, en partenariat avec <a style=\"color: #000000;\" href=\"https:\/\/www.lions-alzheimer-france.fr\"><u>Lions Alzheimer France<\/u><\/a> finance ce projet, reconnu comme un outil qui favorise le bien-\u00eatre de la personne et stimule la m\u00e9moire sensorielle (la vue avec les diff\u00e9rentes couleurs, l&rsquo;odorat avec des herbes aromatiques, le gout avec la d\u00e9gustation des fruits et l\u00e9gumes). Il devient un lieu d&rsquo;\u00e9changes et de rencontres qui embellit le cadre de vie des r\u00e9sidents et cr\u00e9e un lieu d&rsquo;\u00e9changes et de rencontres.<\/span><\/p><\/div><div><p><img loading=\"lazy\" decoding=\"async\" class=\"size-medium wp-image-3491 aligncenter\" src=\"http:\/\/conflansmontjoie.org\/wp-content\/uploads\/2025\/03\/jardin-sensoriel-300x187.jpg\" alt=\"\" width=\"300\" height=\"187\" srcset=\"https:\/\/conflansmontjoie.org\/wp-content\/uploads\/2025\/03\/jardin-sensoriel-300x187.jpg 300w, https:\/\/conflansmontjoie.org\/wp-content\/uploads\/2025\/03\/jardin-sensoriel-768x480.jpg 768w, https:\/\/conflansmontjoie.org\/wp-content\/uploads\/2025\/03\/jardin-sensoriel.jpg 932w\" sizes=\"(max-width: 300px) 100vw, 300px\" \/><\/p><p>\u00a0<\/p><p style=\"text-align: center;\"><span style=\"color: #000000;\"><strong>Borne musicale multi-activit\u00e9s<\/strong><\/span><\/p><p><img loading=\"lazy\" decoding=\"async\" class=\"alignleft wp-image-2779 size-thumbnail\" src=\"http:\/\/conflansmontjoie.org\/wp-content\/uploads\/2025\/03\/87574048_2756997721032306_3570369784467947520_n-150x150.jpg\" alt=\"\" width=\"150\" height=\"150\" srcset=\"https:\/\/conflansmontjoie.org\/wp-content\/uploads\/2025\/03\/87574048_2756997721032306_3570369784467947520_n-150x150.jpg 150w, https:\/\/conflansmontjoie.org\/wp-content\/uploads\/2025\/03\/87574048_2756997721032306_3570369784467947520_n-300x300.jpg 300w, https:\/\/conflansmontjoie.org\/wp-content\/uploads\/2025\/03\/87574048_2756997721032306_3570369784467947520_n-75x75.jpg 75w\" sizes=\"(max-width: 150px) 100vw, 150px\" \/><span style=\"color: #000000;\"><strong>En 2018,<\/strong> en partenariat avec Lions Alzheimer, le club a offert au Centre d&rsquo;Accueil de Jour de l&rsquo;EPHAD Richard Garnier, une borne musicale multi-activit\u00e9s pour la plus grande joie des personnes accueillies. Cette borne num\u00e9rique, tactile, musicale et ludique, personnalisable et tr\u00e8s simple d&rsquo;utilisation permet de travailler la m\u00e9moire en sollicitant des souvenirs.<\/span><\/p><\/div><\/div><\/div><\/div>\t\t\t\t\t\t\t\t<\/div>\n\t\t\t\t<\/div>\n\t\t\t\t\t<\/div>\n\t\t\t\t<\/div>\n\t\t\t\t<\/div>\n\t\t","protected":false},"excerpt":{"rendered":"<p>Le Lions Club Conflans-Montjoie participe \u00e0 des projets visant \u00e0 l&rsquo;am\u00e9lioration de la qualit\u00e9 de vie des personnes en Ehpad et notamment ceux atteints de la maladie d&rsquo;Alzheimer : \u00a0 Mat\u00e9riel pour la pratique du tir \u00e0 l&rsquo;arc En 2024, ann\u00e9e Olympique en France, le club offre aux r\u00e9sidents du mat\u00e9riel pour la pratique du tir \u00e0 l&rsquo;arc. La maison Richard organisera leur \u00ab\u00a0Olympi\u00e2ge\u00a0\u00bb. \u00a0 \u00a0 jeux d&rsquo;adresse En 2023, le club offre \u00e0 l&rsquo;EHPAD de la Maison Richard \u00e0 Conflans plusieurs jeux d&rsquo;adresse pour les r\u00e9sidents. \u00a0 \u00a0 \u00a0 Mat\u00e9riel de jardinage En 2021, en faveur des r\u00e9sidents de la R\u00e9sidence du Clos de Rome, le club a financ\u00e9 du mat\u00e9riel de jardinage (projet pour les r\u00e9sidents). \u00a0 Tablettes En 2020, lors des p\u00e9riodes de confinement \u00e0 cause du Covid, le club offre des tablettes afin que les r\u00e9sidents puissent communiquer avec leur famille dans plusieurs EHPAD : \u00c9tablissements servis : La R\u00e9sidence \u00e0 Andr\u00e9sy, La Tour, Les Glycines, Le Prieur\u00e9 et Richard \u00e0 Conflans, Le Tilleul \u00e0 Chanteloup et la R\u00e9sidence du Sourire \u00e0 Carri\u00e8res-sous-Poissy. \u00a0 Matelas \u00e0 andullation En 2019, toujours en partenariat avec Lions Alzheimer, le club offre respectivement deux matelas \u00e0 andullation aux EHPAD de Conflans-Sainte-Honorine Richard et R\u00e9sidence La Tour. Le matelas \u00e0 andullation est le fruit de la recherche de plusieurs disciplines : a\u00e9rospatiale, informatique, m\u00e9dicale, sportive. Jardin Sensoriel En 2015 , l&rsquo;EPHAD Richard \u00e0 Conflans-Sainte-Honorine a sollicit\u00e9 le club pour une participation \u00e0 son Jardin Sensoriel. Le club, en partenariat avec Lions Alzheimer France finance ce projet, reconnu comme un outil qui favorise le bien-\u00eatre de la personne et stimule la m\u00e9moire sensorielle (la vue avec les diff\u00e9rentes couleurs, l&rsquo;odorat avec des herbes aromatiques, le gout avec la d\u00e9gustation des fruits et l\u00e9gumes). Il devient un lieu d&rsquo;\u00e9changes et de rencontres qui embellit le cadre de vie des r\u00e9sidents et cr\u00e9e un lieu d&rsquo;\u00e9changes et de rencontres. \u00a0 Borne musicale multi-activit\u00e9s En 2018, en partenariat avec Lions Alzheimer, le club a offert au Centre d&rsquo;Accueil de Jour de l&rsquo;EPHAD Richard Garnier, une borne musicale multi-activit\u00e9s pour la plus grande joie des personnes accueillies. Cette borne num\u00e9rique, tactile, musicale et ludique, personnalisable et tr\u00e8s simple d&rsquo;utilisation permet de travailler la m\u00e9moire en sollicitant des souvenirs.<\/p>\n","protected":false},"author":1,"featured_media":0,"parent":754,"menu_order":0,"comment_status":"closed","ping_status":"closed","template":"elementor_theme","meta":{"footnotes":""},"class_list":["post-837","page","type-page","status-publish","hentry"],"_links":{"self":[{"href":"https:\/\/conflansmontjoie.org\/index.php?rest_route=\/wp\/v2\/pages\/837","targetHints":{"allow":["GET"]}}],"collection":[{"href":"https:\/\/conflansmontjoie.org\/index.php?rest_route=\/wp\/v2\/pages"}],"about":[{"href":"https:\/\/conflansmontjoie.org\/index.php?rest_route=\/wp\/v2\/types\/page"}],"author":[{"embeddable":true,"href":"https:\/\/conflansmontjoie.org\/index.php?rest_route=\/wp\/v2\/users\/1"}],"replies":[{"embeddable":true,"href":"https:\/\/conflansmontjoie.org\/index.php?rest_route=%2Fwp%2Fv2%2Fcomments&post=837"}],"version-history":[{"count":149,"href":"https:\/\/conflansmontjoie.org\/index.php?rest_route=\/wp\/v2\/pages\/837\/revisions"}],"predecessor-version":[{"id":3532,"href":"https:\/\/conflansmontjoie.org\/index.php?rest_route=\/wp\/v2\/pages\/837\/revisions\/3532"}],"up":[{"embeddable":true,"href":"https:\/\/conflansmontjoie.org\/index.php?rest_route=\/wp\/v2\/pages\/754"}],"wp:attachment":[{"href":"https:\/\/conflansmontjoie.org\/index.php?rest_route=%2Fwp%2Fv2%2Fmedia&parent=837"}],"curies":[{"name":"wp","href":"https:\/\/api.w.org\/{rel}","templated":true}]}}