{"id":775,"date":"2025-01-29T09:14:37","date_gmt":"2025-01-29T08:14:37","guid":{"rendered":"https:\/\/conflansmontjoie.org\/?page_id=775"},"modified":"2025-03-12T16:53:10","modified_gmt":"2025-03-12T15:53:10","slug":"banque-alimentaire","status":"publish","type":"page","link":"https:\/\/conflansmontjoie.org\/?page_id=775","title":{"rendered":"Banque Alimentaire"},"content":{"rendered":"\t\t<div data-elementor-type=\"wp-page\" data-elementor-id=\"775\" class=\"elementor elementor-775\">\n\t\t\t\t<div class=\"elementor-element elementor-element-4b8d19d e-flex e-con-boxed e-con e-parent\" data-id=\"4b8d19d\" data-element_type=\"container\" data-e-type=\"container\">\n\t\t\t\t\t<div class=\"e-con-inner\">\n\t\t\t\t<div class=\"elementor-element elementor-element-5ee99aa elementor-widget elementor-widget-image\" data-id=\"5ee99aa\" data-element_type=\"widget\" data-e-type=\"widget\" data-widget_type=\"image.default\">\n\t\t\t\t<div class=\"elementor-widget-container\">\n\t\t\t\t\t\t\t\t\t\t\t\t\t\t\t<img fetchpriority=\"high\" decoding=\"async\" width=\"300\" height=\"219\" src=\"https:\/\/conflansmontjoie.org\/wp-content\/uploads\/2025\/03\/Two-on-a-bench-BanqueAlimentaire-300x219.jpg\" class=\"attachment-medium size-medium wp-image-1912\" alt=\"\" srcset=\"https:\/\/conflansmontjoie.org\/wp-content\/uploads\/2025\/03\/Two-on-a-bench-BanqueAlimentaire-300x219.jpg 300w, https:\/\/conflansmontjoie.org\/wp-content\/uploads\/2025\/03\/Two-on-a-bench-BanqueAlimentaire.jpg 747w\" sizes=\"(max-width: 300px) 100vw, 300px\" \/>\t\t\t\t\t\t\t\t\t\t\t\t\t\t\t<\/div>\n\t\t\t\t<\/div>\n\t\t\t\t<div class=\"elementor-element elementor-element-8daa853 elementor-widget elementor-widget-text-editor\" data-id=\"8daa853\" data-element_type=\"widget\" data-e-type=\"widget\" data-widget_type=\"text-editor.default\">\n\t\t\t\t<div class=\"elementor-widget-container\">\n\t\t\t\t\t\t\t\t\t<div align=\"center\"><br \/><strong><span style=\"color: #000000;\">LA BANQUE ALIMENTAIRE<\/span><\/strong><\/div><div align=\"center\">\u00a0<\/div><div align=\"justify\"><div style=\"float: left; margin-right: 15px;\"><span style=\"color: #000000;\">Une des actions humanitaires de notre club qui cherche \u00e0 r\u00e9pondre aux besoins imm\u00e9diats des plus d\u00e9munis et lutter contre la pr\u00e9carit\u00e9 alimentaire. Chaque ann\u00e9e, le dernier week-end de novembre, notre club, participe \u00e0 l&rsquo;op\u00e9ration nationale en effectuant sa collecte dans le hall du centre Leclerc de Conflans-Sainte-Honorine (ZA des Boutries). <\/span><\/div><div style=\"float: left; margin-right: 15px;\"><span style=\"color: #000000;\"><br \/><img decoding=\"async\" class=\"alignnone wp-image-2151 size-large\" src=\"http:\/\/conflansmontjoie.org\/wp-content\/uploads\/2025\/03\/315680513_5610689295663120_9109366260147371504_n-1024x576.jpg\" alt=\"\" width=\"960\" height=\"540\" srcset=\"https:\/\/conflansmontjoie.org\/wp-content\/uploads\/2025\/03\/315680513_5610689295663120_9109366260147371504_n-1024x576.jpg 1024w, https:\/\/conflansmontjoie.org\/wp-content\/uploads\/2025\/03\/315680513_5610689295663120_9109366260147371504_n-300x169.jpg 300w, https:\/\/conflansmontjoie.org\/wp-content\/uploads\/2025\/03\/315680513_5610689295663120_9109366260147371504_n-768x432.jpg 768w, https:\/\/conflansmontjoie.org\/wp-content\/uploads\/2025\/03\/315680513_5610689295663120_9109366260147371504_n-1536x864.jpg 1536w, https:\/\/conflansmontjoie.org\/wp-content\/uploads\/2025\/03\/315680513_5610689295663120_9109366260147371504_n-1140x641.jpg 1140w, https:\/\/conflansmontjoie.org\/wp-content\/uploads\/2025\/03\/315680513_5610689295663120_9109366260147371504_n.jpg 1600w\" sizes=\"(max-width: 960px) 100vw, 960px\" \/><br \/>Les 2 \u00e0 7 tonnes de denr\u00e9es et produits r\u00e9colt\u00e9s sont achemin\u00e9s aupr\u00e8s d&rsquo;une association solidaire \u00e0 Conflans-Sainte-Honorine, \u00ab\u00a0la boutique familiale\u00a0\u00bb, qui redistribue aupr\u00e8s des b\u00e9n\u00e9ficiaires de l&rsquo;aide alimentaire.<\/span><\/div><div>\u00a0<\/div><div>\u00a0<\/div><div>\u00a0<\/div><div style=\"float: left; margin-right: 15px;\"><span style=\"color: #000000;\"><img decoding=\"async\" class=\"aligncenter wp-image-2839 size-large\" src=\"http:\/\/conflansmontjoie.org\/wp-content\/uploads\/2025\/03\/IMG_20230428_102944223-2-1024x770.jpg\" alt=\"\" width=\"960\" height=\"722\" srcset=\"https:\/\/conflansmontjoie.org\/wp-content\/uploads\/2025\/03\/IMG_20230428_102944223-2-1024x770.jpg 1024w, https:\/\/conflansmontjoie.org\/wp-content\/uploads\/2025\/03\/IMG_20230428_102944223-2-300x226.jpg 300w, https:\/\/conflansmontjoie.org\/wp-content\/uploads\/2025\/03\/IMG_20230428_102944223-2-768x578.jpg 768w, https:\/\/conflansmontjoie.org\/wp-content\/uploads\/2025\/03\/IMG_20230428_102944223-2-1536x1155.jpg 1536w, https:\/\/conflansmontjoie.org\/wp-content\/uploads\/2025\/03\/IMG_20230428_102944223-2-1140x857.jpg 1140w, https:\/\/conflansmontjoie.org\/wp-content\/uploads\/2025\/03\/IMG_20230428_102944223-2.jpg 2000w\" sizes=\"(max-width: 960px) 100vw, 960px\" \/>\u00a0<br \/><\/span><\/div><div>\u00a0<\/div><div>\u00a0<\/div><div>\u00a0<\/div><\/div>\t\t\t\t\t\t\t\t<\/div>\n\t\t\t\t<\/div>\n\t\t\t\t\t<\/div>\n\t\t\t\t<\/div>\n\t\t\t\t<\/div>\n\t\t","protected":false},"excerpt":{"rendered":"<p>LA BANQUE ALIMENTAIRE\u00a0Une des actions humanitaires de notre club qui cherche \u00e0 r\u00e9pondre aux besoins imm\u00e9diats des plus d\u00e9munis et lutter contre la pr\u00e9carit\u00e9 alimentaire. Chaque ann\u00e9e, le dernier week-end de novembre, notre club, participe \u00e0 l&rsquo;op\u00e9ration nationale en effectuant sa collecte dans le hall du centre Leclerc de Conflans-Sainte-Honorine (ZA des Boutries). Les 2 \u00e0 7 tonnes de denr\u00e9es et produits r\u00e9colt\u00e9s sont achemin\u00e9s aupr\u00e8s d&rsquo;une association solidaire \u00e0 Conflans-Sainte-Honorine, \u00ab\u00a0la boutique familiale\u00a0\u00bb, qui redistribue aupr\u00e8s des b\u00e9n\u00e9ficiaires de l&rsquo;aide alimentaire.\u00a0\u00a0\u00a0\u00a0\u00a0\u00a0\u00a0<\/p>\n","protected":false},"author":1,"featured_media":0,"parent":754,"menu_order":0,"comment_status":"closed","ping_status":"closed","template":"","meta":{"footnotes":""},"class_list":["post-775","page","type-page","status-publish","hentry"],"_links":{"self":[{"href":"https:\/\/conflansmontjoie.org\/index.php?rest_route=\/wp\/v2\/pages\/775","targetHints":{"allow":["GET"]}}],"collection":[{"href":"https:\/\/conflansmontjoie.org\/index.php?rest_route=\/wp\/v2\/pages"}],"about":[{"href":"https:\/\/conflansmontjoie.org\/index.php?rest_route=\/wp\/v2\/types\/page"}],"author":[{"embeddable":true,"href":"https:\/\/conflansmontjoie.org\/index.php?rest_route=\/wp\/v2\/users\/1"}],"replies":[{"embeddable":true,"href":"https:\/\/conflansmontjoie.org\/index.php?rest_route=%2Fwp%2Fv2%2Fcomments&post=775"}],"version-history":[{"count":49,"href":"https:\/\/conflansmontjoie.org\/index.php?rest_route=\/wp\/v2\/pages\/775\/revisions"}],"predecessor-version":[{"id":3178,"href":"https:\/\/conflansmontjoie.org\/index.php?rest_route=\/wp\/v2\/pages\/775\/revisions\/3178"}],"up":[{"embeddable":true,"href":"https:\/\/conflansmontjoie.org\/index.php?rest_route=\/wp\/v2\/pages\/754"}],"wp:attachment":[{"href":"https:\/\/conflansmontjoie.org\/index.php?rest_route=%2Fwp%2Fv2%2Fmedia&parent=775"}],"curies":[{"name":"wp","href":"https:\/\/api.w.org\/{rel}","templated":true}]}}