{"id":769,"date":"2025-01-29T09:04:48","date_gmt":"2025-01-29T08:04:48","guid":{"rendered":"https:\/\/conflansmontjoie.org\/?page_id=769"},"modified":"2025-04-06T07:48:25","modified_gmt":"2025-04-06T05:48:25","slug":"autoevasion","status":"publish","type":"page","link":"https:\/\/conflansmontjoie.org\/?page_id=769","title":{"rendered":"Le Tacot Evasion"},"content":{"rendered":"\t\t<div data-elementor-type=\"wp-page\" data-elementor-id=\"769\" class=\"elementor elementor-769\">\n\t\t\t\t<div class=\"elementor-element elementor-element-783848c e-flex e-con-boxed e-con e-parent\" data-id=\"783848c\" data-element_type=\"container\" data-e-type=\"container\">\n\t\t\t\t\t<div class=\"e-con-inner\">\n\t\t\t\t<div class=\"elementor-element elementor-element-eb3624b elementor-widget elementor-widget-text-editor\" data-id=\"eb3624b\" data-element_type=\"widget\" data-e-type=\"widget\" data-widget_type=\"text-editor.default\">\n\t\t\t\t<div class=\"elementor-widget-container\">\n\t\t\t\t\t\t\t\t\t<div align=\"justify\"><span style=\"color: #000000;\">Le Tacot \u00c9vasion est une op\u00e9ration de Zone men\u00e9e par le <b> Lions Club Auvers-Iris <\/b>au ch\u00e2teau d&rsquo;Osny<b>, <\/b>permettant aux enfants atteints d&rsquo;un handicap (psychique, physique et autistique) de passer une journ\u00e9e en famille dont principalement un tour de 45 minutes dans une voiture ancienne. <strong>La prochaine \u00e9dition aura lieu le 25 mai 2025<\/strong> : <br \/><\/span><\/div><div align=\"justify\">\u00a0<\/div><div align=\"justify\"><img fetchpriority=\"high\" decoding=\"async\" class=\"aligncenter wp-image-3739 size-large\" src=\"http:\/\/conflansmontjoie.org\/wp-content\/uploads\/2025\/04\/485359598_627962236751451_7214297072454753457_n-735x1024.jpg\" alt=\"\" width=\"735\" height=\"1024\" srcset=\"https:\/\/conflansmontjoie.org\/wp-content\/uploads\/2025\/04\/485359598_627962236751451_7214297072454753457_n-735x1024.jpg 735w, https:\/\/conflansmontjoie.org\/wp-content\/uploads\/2025\/04\/485359598_627962236751451_7214297072454753457_n-215x300.jpg 215w, https:\/\/conflansmontjoie.org\/wp-content\/uploads\/2025\/04\/485359598_627962236751451_7214297072454753457_n-768x1069.jpg 768w, https:\/\/conflansmontjoie.org\/wp-content\/uploads\/2025\/04\/485359598_627962236751451_7214297072454753457_n-1103x1536.jpg 1103w, https:\/\/conflansmontjoie.org\/wp-content\/uploads\/2025\/04\/485359598_627962236751451_7214297072454753457_n-1140x1587.jpg 1140w, https:\/\/conflansmontjoie.org\/wp-content\/uploads\/2025\/04\/485359598_627962236751451_7214297072454753457_n.jpg 1284w\" sizes=\"(max-width: 735px) 100vw, 735px\" \/><\/div><div align=\"justify\">\u00a0<\/div><div align=\"justify\"><span style=\"color: #000000;\">Notre club est \u00e0 l&rsquo;initiative de cette action, aujourd&rsquo;hui il y contribue chaque ann\u00e9e,\u00a0<\/span><span style=\"color: #000000;\"> avec la participation des autres Lions club de notre zone 9 : <br \/><\/span><\/div><div align=\"justify\"><ul><li><span style=\"color: #000000;\">Auvers-Iris<\/span><\/li><li><span style=\"color: #000000;\">Conflans Montjoie<\/span><\/li><li><span style=\"color: #000000;\">Pontoise<\/span><\/li><li><span style=\"color: #000000;\">Eragny<\/span><\/li><li><span style=\"color: #000000;\">Cergy-Ville Nouvelle<\/span><\/li><li><span style=\"color: #000000;\">L&rsquo;Isle adam<\/span><\/li><li>Marine<\/li><\/ul><\/div><p><span style=\"color: #000000;\"><strong>Nos partenaires et leurs animations :<\/strong><\/span><\/p><p>Sans nos partenaires cette action ne pourrait avoir lieu :<\/p><div align=\"justify\"><p><img decoding=\"async\" class=\"alignleft wp-image-2725 size-thumbnail\" src=\"http:\/\/conflansmontjoie.org\/wp-content\/uploads\/2025\/03\/Site-6-150x150.jpg\" alt=\"\" width=\"150\" height=\"150\" srcset=\"https:\/\/conflansmontjoie.org\/wp-content\/uploads\/2025\/03\/Site-6-150x150.jpg 150w, https:\/\/conflansmontjoie.org\/wp-content\/uploads\/2025\/03\/Site-6-300x300.jpg 300w, https:\/\/conflansmontjoie.org\/wp-content\/uploads\/2025\/03\/Site-6-75x75.jpg 75w\" sizes=\"(max-width: 150px) 100vw, 150px\" \/><\/p><\/div><div><ul><li><span style=\"color: #000000;\">Voitures anciennes avec le Club du Chevron<\/span><\/li><li><span style=\"color: #000000;\">Groupes de bikers : les Souls Kippers et les Chapter C\u0153ur de Seine<\/span><\/li><li><span style=\"color: #000000;\">ateliers rugby avec Christo Rugby Adapt\u00e9,<\/span><\/li><li><span style=\"color: #000000;\">d\u00e9monstrations de karat\u00e9, de cheerleading, de jonglerie et d&rsquo;\u00e9quilibrisme avec Cabaret Passion.<\/span><\/li><\/ul><\/div><div align=\"justify\"><div style=\"float: right; margin-right: 15px;\"><p><img decoding=\"async\" class=\"alignleft wp-image-72\" src=\"&lt;a href=\\\" \/><\/p><\/div><\/div>\t\t\t\t\t\t\t\t<\/div>\n\t\t\t\t<\/div>\n\t\t\t\t\t<\/div>\n\t\t\t\t<\/div>\n\t\t<div class=\"elementor-element elementor-element-94115c5 e-flex e-con-boxed e-con e-parent\" data-id=\"94115c5\" data-element_type=\"container\" data-e-type=\"container\">\n\t\t\t\t\t<div class=\"e-con-inner\">\n\t\t\t\t<div class=\"elementor-element elementor-element-77e4a1b elementor-widget elementor-widget-video\" data-id=\"77e4a1b\" data-element_type=\"widget\" data-e-type=\"widget\" data-settings=\"{&quot;youtube_url&quot;:&quot;youtu.be\\\/-VbsQJnbKC0\\\\&quot;,&quot;video_type&quot;:&quot;youtube&quot;,&quot;controls&quot;:&quot;yes&quot;}\" data-widget_type=\"video.default\">\n\t\t\t\t<div class=\"elementor-widget-container\">\n\t\t\t\t\t\t\t<div class=\"elementor-wrapper elementor-open-inline\">\n\t\t\t<div class=\"elementor-video\"><\/div>\t\t<\/div>\n\t\t\t\t\t\t<\/div>\n\t\t\t\t<\/div>\n\t\t\t\t\t<\/div>\n\t\t\t\t<\/div>\n\t\t\t\t<\/div>\n\t\t","protected":false},"excerpt":{"rendered":"<p>Le Tacot \u00c9vasion est une op\u00e9ration de Zone men\u00e9e par le Lions Club Auvers-Iris au ch\u00e2teau d&rsquo;Osny, permettant aux enfants atteints d&rsquo;un handicap (psychique, physique et autistique) de passer une journ\u00e9e en famille dont principalement un tour de 45 minutes dans une voiture ancienne. La prochaine \u00e9dition aura lieu le 25 mai 2025 : \u00a0\u00a0Notre club est \u00e0 l&rsquo;initiative de cette action, aujourd&rsquo;hui il y contribue chaque ann\u00e9e,\u00a0 avec la participation des autres Lions club de notre zone 9 : Auvers-Iris Conflans Montjoie Pontoise Eragny Cergy-Ville Nouvelle L&rsquo;Isle adam Marine Nos partenaires et leurs animations : Sans nos partenaires cette action ne pourrait avoir lieu : Voitures anciennes avec le Club du Chevron Groupes de bikers : les Souls Kippers et les Chapter C\u0153ur de Seine ateliers rugby avec Christo Rugby Adapt\u00e9, d\u00e9monstrations de karat\u00e9, de cheerleading, de jonglerie et d&rsquo;\u00e9quilibrisme avec Cabaret Passion. http:\/\/youtu.be\/-VbsQJnbKC0<\/p>\n","protected":false},"author":1,"featured_media":0,"parent":754,"menu_order":0,"comment_status":"closed","ping_status":"closed","template":"","meta":{"footnotes":""},"class_list":["post-769","page","type-page","status-publish","hentry"],"_links":{"self":[{"href":"https:\/\/conflansmontjoie.org\/index.php?rest_route=\/wp\/v2\/pages\/769","targetHints":{"allow":["GET"]}}],"collection":[{"href":"https:\/\/conflansmontjoie.org\/index.php?rest_route=\/wp\/v2\/pages"}],"about":[{"href":"https:\/\/conflansmontjoie.org\/index.php?rest_route=\/wp\/v2\/types\/page"}],"author":[{"embeddable":true,"href":"https:\/\/conflansmontjoie.org\/index.php?rest_route=\/wp\/v2\/users\/1"}],"replies":[{"embeddable":true,"href":"https:\/\/conflansmontjoie.org\/index.php?rest_route=%2Fwp%2Fv2%2Fcomments&post=769"}],"version-history":[{"count":49,"href":"https:\/\/conflansmontjoie.org\/index.php?rest_route=\/wp\/v2\/pages\/769\/revisions"}],"predecessor-version":[{"id":3746,"href":"https:\/\/conflansmontjoie.org\/index.php?rest_route=\/wp\/v2\/pages\/769\/revisions\/3746"}],"up":[{"embeddable":true,"href":"https:\/\/conflansmontjoie.org\/index.php?rest_route=\/wp\/v2\/pages\/754"}],"wp:attachment":[{"href":"https:\/\/conflansmontjoie.org\/index.php?rest_route=%2Fwp%2Fv2%2Fmedia&parent=769"}],"curies":[{"name":"wp","href":"https:\/\/api.w.org\/{rel}","templated":true}]}}