{"id":754,"date":"2025-01-28T17:56:03","date_gmt":"2025-01-28T16:56:03","guid":{"rendered":"https:\/\/conflansmontjoie.org\/?page_id=754"},"modified":"2025-07-07T23:03:07","modified_gmt":"2025-07-07T21:03:07","slug":"actions","status":"publish","type":"page","link":"https:\/\/conflansmontjoie.org\/?page_id=754","title":{"rendered":"Nos actions"},"content":{"rendered":"\t\t<div data-elementor-type=\"wp-page\" data-elementor-id=\"754\" class=\"elementor elementor-754\">\n\t\t\t\t<div class=\"elementor-element elementor-element-013e755 e-con-full e-flex e-con e-parent\" data-id=\"013e755\" data-element_type=\"container\" data-e-type=\"container\">\n\t\t\t\t<div class=\"elementor-element elementor-element-8b52e99 elementor-widget elementor-widget-text-editor\" data-id=\"8b52e99\" data-element_type=\"widget\" data-e-type=\"widget\" data-widget_type=\"text-editor.default\">\n\t\t\t\t<div class=\"elementor-widget-container\">\n\t\t\t\t\t\t\t\t\t<p>Depuis sa cr\u00e9ation, notre club <b>Conflans Montjoie <\/b>m\u00e8ne des actions dont le fruit est port\u00e9 au profit de personnes atteintes de graves maladies ou des plus d\u00e9munies.\u00a0<\/p><p><strong>Nous finan\u00e7ons des projets :<\/strong><\/p><ul><li>50 % concerne le cancer p\u00e9diatrique (aide aux malades)<\/li><li>30 % concerne la vue<\/li><li>20 % concerne la maladie d\u2019Alzheimer<\/li><\/ul><p><b>Choix <\/b><b>d<\/b><b>es projets <\/b>: ils sont choisies depuis plusieurs ann\u00e9es en relation avec le fond de dotation des Yvelines, nous proposant des projets qui ont eux m\u00eame identifi\u00e9s.<\/p><p><b>Les projets <\/b>doivent \u00eatre en ad\u00e9quation avec notre projet de club et les b\u00e9n\u00e9ficiaires sont choisie par le club selon les projets pr\u00e9sent\u00e9s par les b\u00e9n\u00e9ficiaires.<\/p><p><b>Maitrise des co\u00fbts <\/b>: Aucun ch\u00e8que n\u2019est remis aux b\u00e9n\u00e9ficiaires, les clubs r\u00e8gles la ou les factures directement.<\/p><p>Les b\u00e9n\u00e9ficiaires doivent \u00eatre au niveau local au niveau de d\u00e9partement (78), sauf participation au projet du district. Les projets sont valid\u00e9s en r\u00e9union statutaire.<\/p><p>\u00a0Les Lions financent leurs multiples actions en organisant des op\u00e9rations men\u00e9es par eux-m\u00eames.<\/p><p>\u00a0La totalit\u00e9 des r\u00e9sultats financiers de ces manifestations est affect\u00e9e \u00e0 l\u2019\u0153uvre d\u00e9finie au pr\u00e9alable.<\/p><h2 style=\"text-align: center;\">\u00a0<strong>1 \u20ac<\/strong> <b>r\u00e9colt\u00e9\u00a0 =\u00a0 1\u20ac distribu\u00e9<\/b><\/h2><p>D\u00e9couvrez nos principales actions :<\/p>\t\t\t\t\t\t\t\t<\/div>\n\t\t\t\t<\/div>\n\t\t\t\t<\/div>\n\t\t<div class=\"elementor-element elementor-element-6018e69 e-grid e-con-boxed e-con e-parent\" data-id=\"6018e69\" data-element_type=\"container\" data-e-type=\"container\">\n\t\t\t\t\t<div class=\"e-con-inner\">\n\t\t\t\t<div class=\"elementor-element elementor-element-1d324bb elementor-widget elementor-widget-image\" data-id=\"1d324bb\" data-element_type=\"widget\" data-e-type=\"widget\" data-widget_type=\"image.default\">\n\t\t\t\t<div class=\"elementor-widget-container\">\n\t\t\t\t\t\t\t\t\t\t\t\t<figure class=\"wp-caption\">\n\t\t\t\t\t\t\t\t\t\t\t<a href=\"https:\/\/conflansmontjoie.org\/?page_id=801\">\n\t\t\t\t\t\t\t<img fetchpriority=\"high\" decoding=\"async\" width=\"768\" height=\"576\" src=\"https:\/\/conflansmontjoie.org\/wp-content\/uploads\/2025\/03\/Site-4-768x576.jpg\" class=\"attachment-medium_large size-medium_large wp-image-2339\" alt=\"\" srcset=\"https:\/\/conflansmontjoie.org\/wp-content\/uploads\/2025\/03\/Site-4-768x576.jpg 768w, https:\/\/conflansmontjoie.org\/wp-content\/uploads\/2025\/03\/Site-4-300x225.jpg 300w, https:\/\/conflansmontjoie.org\/wp-content\/uploads\/2025\/03\/Site-4-1024x768.jpg 1024w, https:\/\/conflansmontjoie.org\/wp-content\/uploads\/2025\/03\/Site-4-1536x1152.jpg 1536w, https:\/\/conflansmontjoie.org\/wp-content\/uploads\/2025\/03\/Site-4-1140x855.jpg 1140w, https:\/\/conflansmontjoie.org\/wp-content\/uploads\/2025\/03\/Site-4.jpg 2000w\" sizes=\"(max-width: 768px) 100vw, 768px\" \/>\t\t\t\t\t\t\t\t<\/a>\n\t\t\t\t\t\t\t\t\t\t\t<figcaption class=\"widget-image-caption wp-caption-text\">Tulipes contre le Cancer p\u00e9diatrique <\/figcaption>\n\t\t\t\t\t\t\t\t\t\t<\/figure>\n\t\t\t\t\t\t\t\t\t<\/div>\n\t\t\t\t<\/div>\n\t\t\t\t<div class=\"elementor-element elementor-element-e2c4163 elementor-widget elementor-widget-image\" data-id=\"e2c4163\" data-element_type=\"widget\" data-e-type=\"widget\" data-widget_type=\"image.default\">\n\t\t\t\t<div class=\"elementor-widget-container\">\n\t\t\t\t\t\t\t\t\t\t\t\t<figure class=\"wp-caption\">\n\t\t\t\t\t\t\t\t\t\t\t<a href=\"https:\/\/conflansmontjoie.org\/?page_id=1651\">\n\t\t\t\t\t\t\t<img decoding=\"async\" width=\"960\" height=\"720\" src=\"https:\/\/conflansmontjoie.org\/wp-content\/uploads\/2025\/03\/Loto-2025-1024x768.jpg\" class=\"attachment-large size-large wp-image-1644\" alt=\"\" srcset=\"https:\/\/conflansmontjoie.org\/wp-content\/uploads\/2025\/03\/Loto-2025-1024x768.jpg 1024w, https:\/\/conflansmontjoie.org\/wp-content\/uploads\/2025\/03\/Loto-2025-300x225.jpg 300w, https:\/\/conflansmontjoie.org\/wp-content\/uploads\/2025\/03\/Loto-2025-768x576.jpg 768w, https:\/\/conflansmontjoie.org\/wp-content\/uploads\/2025\/03\/Loto-2025-1536x1152.jpg 1536w, https:\/\/conflansmontjoie.org\/wp-content\/uploads\/2025\/03\/Loto-2025-1140x855.jpg 1140w, https:\/\/conflansmontjoie.org\/wp-content\/uploads\/2025\/03\/Loto-2025.jpg 2048w\" sizes=\"(max-width: 960px) 100vw, 960px\" \/>\t\t\t\t\t\t\t\t<\/a>\n\t\t\t\t\t\t\t\t\t\t\t<figcaption class=\"widget-image-caption wp-caption-text\">Grand Loto contre le cancer<\/figcaption>\n\t\t\t\t\t\t\t\t\t\t<\/figure>\n\t\t\t\t\t\t\t\t\t<\/div>\n\t\t\t\t<\/div>\n\t\t\t\t<div class=\"elementor-element elementor-element-904cbfe elementor-widget elementor-widget-image\" data-id=\"904cbfe\" data-element_type=\"widget\" data-e-type=\"widget\" data-widget_type=\"image.default\">\n\t\t\t\t<div class=\"elementor-widget-container\">\n\t\t\t\t\t\t\t\t\t\t\t\t<figure class=\"wp-caption\">\n\t\t\t\t\t\t\t\t\t\t\t<a href=\"https:\/\/conflansmontjoie.org\/?p=2633\">\n\t\t\t\t\t\t\t<img decoding=\"async\" width=\"150\" height=\"150\" src=\"https:\/\/conflansmontjoie.org\/wp-content\/uploads\/2025\/03\/Concert-Lions-150x150.jpg\" class=\"attachment-thumbnail size-thumbnail wp-image-1282\" alt=\"\" srcset=\"https:\/\/conflansmontjoie.org\/wp-content\/uploads\/2025\/03\/Concert-Lions-150x150.jpg 150w, https:\/\/conflansmontjoie.org\/wp-content\/uploads\/2025\/03\/Concert-Lions-539x539.jpg 539w\" sizes=\"(max-width: 150px) 100vw, 150px\" \/>\t\t\t\t\t\t\t\t<\/a>\n\t\t\t\t\t\t\t\t\t\t\t<figcaption class=\"widget-image-caption wp-caption-text\">Contre le cancer p\u00e9diatrique<\/figcaption>\n\t\t\t\t\t\t\t\t\t\t<\/figure>\n\t\t\t\t\t\t\t\t\t<\/div>\n\t\t\t\t<\/div>\n\t\t\t\t<div class=\"elementor-element elementor-element-b7571c2 elementor-widget elementor-widget-image\" data-id=\"b7571c2\" data-element_type=\"widget\" data-e-type=\"widget\" data-widget_type=\"image.default\">\n\t\t\t\t<div class=\"elementor-widget-container\">\n\t\t\t\t\t\t\t\t\t\t\t\t<figure class=\"wp-caption\">\n\t\t\t\t\t\t\t\t\t\t\t<a href=\"https:\/\/conflansmontjoie.org\/?page_id=775\">\n\t\t\t\t\t\t\t<img loading=\"lazy\" decoding=\"async\" width=\"2048\" height=\"1537\" src=\"https:\/\/conflansmontjoie.org\/wp-content\/uploads\/2025\/03\/DSC_9693-1-2048x1537.jpg\" class=\"attachment-2048x2048 size-2048x2048 wp-image-1500\" alt=\"\" srcset=\"https:\/\/conflansmontjoie.org\/wp-content\/uploads\/2025\/03\/DSC_9693-1-2048x1537.jpg 2048w, https:\/\/conflansmontjoie.org\/wp-content\/uploads\/2025\/03\/DSC_9693-1-300x225.jpg 300w, https:\/\/conflansmontjoie.org\/wp-content\/uploads\/2025\/03\/DSC_9693-1-1024x768.jpg 1024w, https:\/\/conflansmontjoie.org\/wp-content\/uploads\/2025\/03\/DSC_9693-1-768x576.jpg 768w, https:\/\/conflansmontjoie.org\/wp-content\/uploads\/2025\/03\/DSC_9693-1-1536x1152.jpg 1536w, https:\/\/conflansmontjoie.org\/wp-content\/uploads\/2025\/03\/DSC_9693-1-1140x855.jpg 1140w\" sizes=\"(max-width: 2048px) 100vw, 2048px\" \/>\t\t\t\t\t\t\t\t<\/a>\n\t\t\t\t\t\t\t\t\t\t\t<figcaption class=\"widget-image-caption wp-caption-text\">Banque Alimentaire contre la faim<\/figcaption>\n\t\t\t\t\t\t\t\t\t\t<\/figure>\n\t\t\t\t\t\t\t\t\t<\/div>\n\t\t\t\t<\/div>\n\t\t\t\t<div class=\"elementor-element elementor-element-d0bb626 elementor-widget elementor-widget-image\" data-id=\"d0bb626\" data-element_type=\"widget\" data-e-type=\"widget\" data-widget_type=\"image.default\">\n\t\t\t\t<div class=\"elementor-widget-container\">\n\t\t\t\t\t\t\t\t\t\t\t\t<figure class=\"wp-caption\">\n\t\t\t\t\t\t\t\t\t\t\t<a href=\"https:\/\/conflansmontjoie.org\/?page_id=968\">\n\t\t\t\t\t\t\t<img loading=\"lazy\" decoding=\"async\" width=\"150\" height=\"150\" src=\"https:\/\/conflansmontjoie.org\/wp-content\/uploads\/2025\/01\/Poneyvasion_0292-150x150.webp\" class=\"attachment-thumbnail size-thumbnail wp-image-757\" alt=\"\" \/>\t\t\t\t\t\t\t\t<\/a>\n\t\t\t\t\t\t\t\t\t\t\t<figcaption class=\"widget-image-caption wp-caption-text\">PoneyEvasion<\/figcaption>\n\t\t\t\t\t\t\t\t\t\t<\/figure>\n\t\t\t\t\t\t\t\t\t<\/div>\n\t\t\t\t<\/div>\n\t\t\t\t<div class=\"elementor-element elementor-element-d0096bf elementor-widget elementor-widget-image\" data-id=\"d0096bf\" data-element_type=\"widget\" data-e-type=\"widget\" data-widget_type=\"image.default\">\n\t\t\t\t<div class=\"elementor-widget-container\">\n\t\t\t\t\t\t\t\t\t\t\t\t<figure class=\"wp-caption\">\n\t\t\t\t\t\t\t\t\t\t\t<a href=\"https:\/\/conflansmontjoie.org\/?page_id=1970\">\n\t\t\t\t\t\t\t<img loading=\"lazy\" decoding=\"async\" width=\"150\" height=\"150\" src=\"https:\/\/conflansmontjoie.org\/wp-content\/uploads\/2025\/03\/476832469_9124436090955072_4948855911232101154_n-150x150.jpg\" class=\"attachment-thumbnail size-thumbnail wp-image-2849\" alt=\"\" srcset=\"https:\/\/conflansmontjoie.org\/wp-content\/uploads\/2025\/03\/476832469_9124436090955072_4948855911232101154_n-150x150.jpg 150w, https:\/\/conflansmontjoie.org\/wp-content\/uploads\/2025\/03\/476832469_9124436090955072_4948855911232101154_n-75x75.jpg 75w\" sizes=\"(max-width: 150px) 100vw, 150px\" \/>\t\t\t\t\t\t\t\t<\/a>\n\t\t\t\t\t\t\t\t\t\t\t<figcaption class=\"widget-image-caption wp-caption-text\">Chien guide d'aveugle<\/figcaption>\n\t\t\t\t\t\t\t\t\t\t<\/figure>\n\t\t\t\t\t\t\t\t\t<\/div>\n\t\t\t\t<\/div>\n\t\t\t\t<div class=\"elementor-element elementor-element-3e3b0df elementor-widget elementor-widget-image\" data-id=\"3e3b0df\" data-element_type=\"widget\" data-e-type=\"widget\" data-widget_type=\"image.default\">\n\t\t\t\t<div class=\"elementor-widget-container\">\n\t\t\t\t\t\t\t\t\t\t\t\t<figure class=\"wp-caption\">\n\t\t\t\t\t\t\t\t\t\t\t<a href=\"https:\/\/conflansmontjoie.org\/?page_id=2368\">\n\t\t\t\t\t\t\t<img loading=\"lazy\" decoding=\"async\" width=\"150\" height=\"150\" src=\"https:\/\/conflansmontjoie.org\/wp-content\/uploads\/2025\/03\/E44uNjvXoAMZwhG-150x150.jpeg\" class=\"attachment-thumbnail size-thumbnail wp-image-2344\" alt=\"\" srcset=\"https:\/\/conflansmontjoie.org\/wp-content\/uploads\/2025\/03\/E44uNjvXoAMZwhG-150x150.jpeg 150w, https:\/\/conflansmontjoie.org\/wp-content\/uploads\/2025\/03\/E44uNjvXoAMZwhG-300x300.jpeg 300w, https:\/\/conflansmontjoie.org\/wp-content\/uploads\/2025\/03\/E44uNjvXoAMZwhG-1024x1024.jpeg 1024w, https:\/\/conflansmontjoie.org\/wp-content\/uploads\/2025\/03\/E44uNjvXoAMZwhG-768x768.jpeg 768w, https:\/\/conflansmontjoie.org\/wp-content\/uploads\/2025\/03\/E44uNjvXoAMZwhG-1536x1536.jpeg 1536w, https:\/\/conflansmontjoie.org\/wp-content\/uploads\/2025\/03\/E44uNjvXoAMZwhG-1140x1140.jpeg 1140w, https:\/\/conflansmontjoie.org\/wp-content\/uploads\/2025\/03\/E44uNjvXoAMZwhG-75x75.jpeg 75w, https:\/\/conflansmontjoie.org\/wp-content\/uploads\/2025\/03\/E44uNjvXoAMZwhG.jpeg 2048w\" sizes=\"(max-width: 150px) 100vw, 150px\" \/>\t\t\t\t\t\t\t\t<\/a>\n\t\t\t\t\t\t\t\t\t\t\t<figcaption class=\"widget-image-caption wp-caption-text\">Collecte de Lunettes<\/figcaption>\n\t\t\t\t\t\t\t\t\t\t<\/figure>\n\t\t\t\t\t\t\t\t\t<\/div>\n\t\t\t\t<\/div>\n\t\t\t\t<div class=\"elementor-element elementor-element-d5d330f elementor-widget elementor-widget-image\" data-id=\"d5d330f\" data-element_type=\"widget\" data-e-type=\"widget\" data-widget_type=\"image.default\">\n\t\t\t\t<div class=\"elementor-widget-container\">\n\t\t\t\t\t\t\t\t\t\t\t\t<figure class=\"wp-caption\">\n\t\t\t\t\t\t\t\t\t\t\t<a href=\"https:\/\/conflansmontjoie.org\/?page_id=1540\">\n\t\t\t\t\t\t\t<img decoding=\"async\" src=\"http:\/\/conflansmontjoie.org\/wp-content\/uploads\/2025\/03\/Boite-Repair.jpg\" title=\"\" alt=\"\" loading=\"lazy\" \/>\t\t\t\t\t\t\t\t<\/a>\n\t\t\t\t\t\t\t\t\t\t\t<figcaption class=\"widget-image-caption wp-caption-text\">Repair Caf\u00e9 Lions<\/figcaption>\n\t\t\t\t\t\t\t\t\t\t<\/figure>\n\t\t\t\t\t\t\t\t\t<\/div>\n\t\t\t\t<\/div>\n\t\t\t\t<div class=\"elementor-element elementor-element-c7bcfca elementor-widget elementor-widget-image\" data-id=\"c7bcfca\" data-element_type=\"widget\" data-e-type=\"widget\" data-widget_type=\"image.default\">\n\t\t\t\t<div class=\"elementor-widget-container\">\n\t\t\t\t\t\t\t\t\t\t\t\t<figure class=\"wp-caption\">\n\t\t\t\t\t\t\t\t\t\t<img loading=\"lazy\" decoding=\"async\" width=\"300\" height=\"210\" src=\"https:\/\/conflansmontjoie.org\/wp-content\/uploads\/2025\/03\/collecte-radio-1-300x210.jpg\" class=\"attachment-medium size-medium wp-image-2587\" alt=\"\" srcset=\"https:\/\/conflansmontjoie.org\/wp-content\/uploads\/2025\/03\/collecte-radio-1-300x210.jpg 300w, https:\/\/conflansmontjoie.org\/wp-content\/uploads\/2025\/03\/collecte-radio-1-1024x716.jpg 1024w, https:\/\/conflansmontjoie.org\/wp-content\/uploads\/2025\/03\/collecte-radio-1-768x537.jpg 768w, https:\/\/conflansmontjoie.org\/wp-content\/uploads\/2025\/03\/collecte-radio-1-1536x1074.jpg 1536w, https:\/\/conflansmontjoie.org\/wp-content\/uploads\/2025\/03\/collecte-radio-1-1140x797.jpg 1140w, https:\/\/conflansmontjoie.org\/wp-content\/uploads\/2025\/03\/collecte-radio-1.jpg 2000w\" sizes=\"(max-width: 300px) 100vw, 300px\" \/>\t\t\t\t\t\t\t\t\t\t\t<figcaption class=\"widget-image-caption wp-caption-text\">Collecte de radiographies<\/figcaption>\n\t\t\t\t\t\t\t\t\t\t<\/figure>\n\t\t\t\t\t\t\t\t\t<\/div>\n\t\t\t\t<\/div>\n\t\t\t\t<div class=\"elementor-element elementor-element-6e69848 elementor-widget elementor-widget-image\" data-id=\"6e69848\" data-element_type=\"widget\" data-e-type=\"widget\" data-widget_type=\"image.default\">\n\t\t\t\t<div class=\"elementor-widget-container\">\n\t\t\t\t\t\t\t\t\t\t\t\t<figure class=\"wp-caption\">\n\t\t\t\t\t\t\t\t\t\t\t<a href=\"https:\/\/conflansmontjoie.org\/?page_id=1731\">\n\t\t\t\t\t\t\t<img loading=\"lazy\" decoding=\"async\" width=\"960\" height=\"720\" src=\"https:\/\/conflansmontjoie.org\/wp-content\/uploads\/2025\/03\/Site-1-1024x768.jpg\" class=\"attachment-large size-large wp-image-1745\" alt=\"\" srcset=\"https:\/\/conflansmontjoie.org\/wp-content\/uploads\/2025\/03\/Site-1-1024x768.jpg 1024w, https:\/\/conflansmontjoie.org\/wp-content\/uploads\/2025\/03\/Site-1-300x225.jpg 300w, https:\/\/conflansmontjoie.org\/wp-content\/uploads\/2025\/03\/Site-1-768x576.jpg 768w, https:\/\/conflansmontjoie.org\/wp-content\/uploads\/2025\/03\/Site-1-1536x1152.jpg 1536w, https:\/\/conflansmontjoie.org\/wp-content\/uploads\/2025\/03\/Site-1-1140x855.jpg 1140w, https:\/\/conflansmontjoie.org\/wp-content\/uploads\/2025\/03\/Site-1.jpg 2000w\" sizes=\"(max-width: 960px) 100vw, 960px\" \/>\t\t\t\t\t\t\t\t<\/a>\n\t\t\t\t\t\t\t\t\t\t\t<figcaption class=\"widget-image-caption wp-caption-text\">Camps YEC<\/figcaption>\n\t\t\t\t\t\t\t\t\t\t<\/figure>\n\t\t\t\t\t\t\t\t\t<\/div>\n\t\t\t\t<\/div>\n\t\t\t\t<div class=\"elementor-element elementor-element-4d8e3b1 elementor-widget elementor-widget-image\" data-id=\"4d8e3b1\" data-element_type=\"widget\" data-e-type=\"widget\" data-widget_type=\"image.default\">\n\t\t\t\t<div class=\"elementor-widget-container\">\n\t\t\t\t\t\t\t\t\t\t\t\t<figure class=\"wp-caption\">\n\t\t\t\t\t\t\t\t\t\t\t<a href=\"https:\/\/conflansmontjoie.org\/?page_id=769\">\n\t\t\t\t\t\t\t<img loading=\"lazy\" decoding=\"async\" width=\"150\" height=\"150\" src=\"https:\/\/conflansmontjoie.org\/wp-content\/uploads\/2025\/03\/Site-6-150x150.jpg\" class=\"attachment-thumbnail size-thumbnail wp-image-2725\" alt=\"\" srcset=\"https:\/\/conflansmontjoie.org\/wp-content\/uploads\/2025\/03\/Site-6-150x150.jpg 150w, https:\/\/conflansmontjoie.org\/wp-content\/uploads\/2025\/03\/Site-6-300x300.jpg 300w, https:\/\/conflansmontjoie.org\/wp-content\/uploads\/2025\/03\/Site-6-75x75.jpg 75w\" sizes=\"(max-width: 150px) 100vw, 150px\" \/>\t\t\t\t\t\t\t\t<\/a>\n\t\t\t\t\t\t\t\t\t\t\t<figcaption class=\"widget-image-caption wp-caption-text\">Tacot Evasion<\/figcaption>\n\t\t\t\t\t\t\t\t\t\t<\/figure>\n\t\t\t\t\t\t\t\t\t<\/div>\n\t\t\t\t<\/div>\n\t\t\t\t<div class=\"elementor-element elementor-element-35038b2 elementor-widget elementor-widget-image\" data-id=\"35038b2\" data-element_type=\"widget\" data-e-type=\"widget\" data-widget_type=\"image.default\">\n\t\t\t\t<div class=\"elementor-widget-container\">\n\t\t\t\t\t\t\t\t\t\t\t\t<figure class=\"wp-caption\">\n\t\t\t\t\t\t\t\t\t\t\t<a href=\"https:\/\/conflansmontjoie.org\/?page_id=2801\">\n\t\t\t\t\t\t\t<img loading=\"lazy\" decoding=\"async\" width=\"150\" height=\"150\" src=\"https:\/\/conflansmontjoie.org\/wp-content\/uploads\/2025\/03\/DSC_4799-150x150.jpg\" class=\"attachment-thumbnail size-thumbnail wp-image-2803\" alt=\"\" srcset=\"https:\/\/conflansmontjoie.org\/wp-content\/uploads\/2025\/03\/DSC_4799-150x150.jpg 150w, https:\/\/conflansmontjoie.org\/wp-content\/uploads\/2025\/03\/DSC_4799-300x300.jpg 300w, https:\/\/conflansmontjoie.org\/wp-content\/uploads\/2025\/03\/DSC_4799-75x75.jpg 75w\" sizes=\"(max-width: 150px) 100vw, 150px\" \/>\t\t\t\t\t\t\t\t<\/a>\n\t\t\t\t\t\t\t\t\t\t\t<figcaption class=\"widget-image-caption wp-caption-text\">Petite boite pour la vie<\/figcaption>\n\t\t\t\t\t\t\t\t\t\t<\/figure>\n\t\t\t\t\t\t\t\t\t<\/div>\n\t\t\t\t<\/div>\n\t\t\t\t<div class=\"elementor-element elementor-element-e106624 elementor-widget elementor-widget-image\" data-id=\"e106624\" data-element_type=\"widget\" data-e-type=\"widget\" data-widget_type=\"image.default\">\n\t\t\t\t<div class=\"elementor-widget-container\">\n\t\t\t\t\t\t\t\t\t\t\t\t<figure class=\"wp-caption\">\n\t\t\t\t\t\t\t\t\t\t\t<a href=\"https:\/\/conflansmontjoie.org\/?page_id=2445\">\n\t\t\t\t\t\t\t<img loading=\"lazy\" decoding=\"async\" width=\"743\" height=\"751\" src=\"https:\/\/conflansmontjoie.org\/wp-content\/uploads\/2025\/03\/LCIF-Icon-Disaster-Relief.png\" class=\"attachment-large size-large wp-image-1864\" alt=\"\" srcset=\"https:\/\/conflansmontjoie.org\/wp-content\/uploads\/2025\/03\/LCIF-Icon-Disaster-Relief.png 743w, https:\/\/conflansmontjoie.org\/wp-content\/uploads\/2025\/03\/LCIF-Icon-Disaster-Relief-297x300.png 297w, https:\/\/conflansmontjoie.org\/wp-content\/uploads\/2025\/03\/LCIF-Icon-Disaster-Relief-75x75.png 75w\" sizes=\"(max-width: 743px) 100vw, 743px\" \/>\t\t\t\t\t\t\t\t<\/a>\n\t\t\t\t\t\t\t\t\t\t\t<figcaption class=\"widget-image-caption wp-caption-text\">Catastrophes naturelles<\/figcaption>\n\t\t\t\t\t\t\t\t\t\t<\/figure>\n\t\t\t\t\t\t\t\t\t<\/div>\n\t\t\t\t<\/div>\n\t\t\t\t<div class=\"elementor-element elementor-element-35d6b32 elementor-widget elementor-widget-image\" data-id=\"35d6b32\" data-element_type=\"widget\" data-e-type=\"widget\" data-widget_type=\"image.default\">\n\t\t\t\t<div class=\"elementor-widget-container\">\n\t\t\t\t\t\t\t\t\t\t\t\t\t\t\t<img loading=\"lazy\" decoding=\"async\" width=\"539\" height=\"757\" src=\"https:\/\/conflansmontjoie.org\/wp-content\/uploads\/2025\/03\/Concours-affiche-environnement.jpg\" class=\"attachment-large size-large wp-image-1678\" alt=\"\" srcset=\"https:\/\/conflansmontjoie.org\/wp-content\/uploads\/2025\/03\/Concours-affiche-environnement.jpg 539w, https:\/\/conflansmontjoie.org\/wp-content\/uploads\/2025\/03\/Concours-affiche-environnement-214x300.jpg 214w\" sizes=\"(max-width: 539px) 100vw, 539px\" \/>\t\t\t\t\t\t\t\t\t\t\t\t\t\t\t<\/div>\n\t\t\t\t<\/div>\n\t\t\t\t<div class=\"elementor-element elementor-element-c6a1992 elementor-widget elementor-widget-image\" data-id=\"c6a1992\" data-element_type=\"widget\" data-e-type=\"widget\" data-widget_type=\"image.default\">\n\t\t\t\t<div class=\"elementor-widget-container\">\n\t\t\t\t\t\t\t\t\t\t\t\t\t\t\t\t<a href=\"https:\/\/conflansmontjoie.org\/?page_id=1530\">\n\t\t\t\t\t\t\t<img loading=\"lazy\" decoding=\"async\" width=\"525\" height=\"653\" src=\"https:\/\/conflansmontjoie.org\/wp-content\/uploads\/2025\/03\/Concours-deloc2.jpg\" class=\"attachment-large size-large wp-image-2576\" alt=\"\" srcset=\"https:\/\/conflansmontjoie.org\/wp-content\/uploads\/2025\/03\/Concours-deloc2.jpg 525w, https:\/\/conflansmontjoie.org\/wp-content\/uploads\/2025\/03\/Concours-deloc2-241x300.jpg 241w\" sizes=\"(max-width: 525px) 100vw, 525px\" \/>\t\t\t\t\t\t\t\t<\/a>\n\t\t\t\t\t\t\t\t\t\t\t\t\t\t\t<\/div>\n\t\t\t\t<\/div>\n\t\t\t\t\t<\/div>\n\t\t\t\t<\/div>\n\t\t<div class=\"elementor-element elementor-element-8abf348 e-grid e-con-boxed e-con e-parent\" data-id=\"8abf348\" data-element_type=\"container\" data-e-type=\"container\">\n\t\t\t\t\t<div class=\"e-con-inner\">\n\t\t\t\t\t<\/div>\n\t\t\t\t<\/div>\n\t\t\t\t<\/div>\n\t\t","protected":false},"excerpt":{"rendered":"<p>Depuis sa cr\u00e9ation, notre club Conflans Montjoie m\u00e8ne des actions dont le fruit est port\u00e9 au profit de personnes atteintes de graves maladies ou des plus d\u00e9munies.\u00a0 Nous finan\u00e7ons des projets : 50 % concerne le cancer p\u00e9diatrique (aide aux malades) 30 % concerne la vue 20 % concerne la maladie d\u2019Alzheimer Choix des projets : ils sont choisies depuis plusieurs ann\u00e9es en relation avec le fond de dotation des Yvelines, nous proposant des projets qui ont eux m\u00eame identifi\u00e9s. Les projets doivent \u00eatre en ad\u00e9quation avec notre projet de club et les b\u00e9n\u00e9ficiaires sont choisie par le club selon les projets pr\u00e9sent\u00e9s par les b\u00e9n\u00e9ficiaires. Maitrise des co\u00fbts : Aucun ch\u00e8que n\u2019est remis aux b\u00e9n\u00e9ficiaires, les clubs r\u00e8gles la ou les factures directement. Les b\u00e9n\u00e9ficiaires doivent \u00eatre au niveau local au niveau de d\u00e9partement (78), sauf participation au projet du district. Les projets sont valid\u00e9s en r\u00e9union statutaire. \u00a0Les Lions financent leurs multiples actions en organisant des op\u00e9rations men\u00e9es par eux-m\u00eames. \u00a0La totalit\u00e9 des r\u00e9sultats financiers de ces manifestations est affect\u00e9e \u00e0 l\u2019\u0153uvre d\u00e9finie au pr\u00e9alable. \u00a01 \u20ac r\u00e9colt\u00e9\u00a0 =\u00a0 1\u20ac distribu\u00e9 D\u00e9couvrez nos principales actions : Tulipes contre le Cancer p\u00e9diatrique Grand Loto contre le cancer Contre le cancer p\u00e9diatrique Banque Alimentaire contre la faim PoneyEvasion Chien guide d&rsquo;aveugle Collecte de Lunettes Repair Caf\u00e9 Lions Collecte de radiographies Camps YEC Tacot Evasion Petite boite pour la vie Catastrophes naturelles<\/p>\n","protected":false},"author":1,"featured_media":0,"parent":0,"menu_order":0,"comment_status":"closed","ping_status":"closed","template":"","meta":{"footnotes":""},"class_list":["post-754","page","type-page","status-publish","hentry"],"_links":{"self":[{"href":"https:\/\/conflansmontjoie.org\/index.php?rest_route=\/wp\/v2\/pages\/754","targetHints":{"allow":["GET"]}}],"collection":[{"href":"https:\/\/conflansmontjoie.org\/index.php?rest_route=\/wp\/v2\/pages"}],"about":[{"href":"https:\/\/conflansmontjoie.org\/index.php?rest_route=\/wp\/v2\/types\/page"}],"author":[{"embeddable":true,"href":"https:\/\/conflansmontjoie.org\/index.php?rest_route=\/wp\/v2\/users\/1"}],"replies":[{"embeddable":true,"href":"https:\/\/conflansmontjoie.org\/index.php?rest_route=%2Fwp%2Fv2%2Fcomments&post=754"}],"version-history":[{"count":197,"href":"https:\/\/conflansmontjoie.org\/index.php?rest_route=\/wp\/v2\/pages\/754\/revisions"}],"predecessor-version":[{"id":4136,"href":"https:\/\/conflansmontjoie.org\/index.php?rest_route=\/wp\/v2\/pages\/754\/revisions\/4136"}],"wp:attachment":[{"href":"https:\/\/conflansmontjoie.org\/index.php?rest_route=%2Fwp%2Fv2%2Fmedia&parent=754"}],"curies":[{"name":"wp","href":"https:\/\/api.w.org\/{rel}","templated":true}]}}