{"id":733,"date":"2025-01-28T10:32:09","date_gmt":"2025-01-28T09:32:09","guid":{"rendered":"https:\/\/conflansmontjoie.org\/?page_id=733"},"modified":"2025-08-01T12:16:22","modified_gmt":"2025-08-01T10:16:22","slug":"histoire-du-club","status":"publish","type":"page","link":"https:\/\/conflansmontjoie.org\/?page_id=733","title":{"rendered":"Pr\u00e9sentation du Lions Club Conflans Montjoie"},"content":{"rendered":"\t\t<div data-elementor-type=\"wp-page\" data-elementor-id=\"733\" class=\"elementor elementor-733\">\n\t\t\t\t<div class=\"elementor-element elementor-element-89ff988 e-con-full e-flex e-con e-parent\" data-id=\"89ff988\" data-element_type=\"container\" data-e-type=\"container\">\n\t\t\t\t<div class=\"elementor-element elementor-element-463959c elementor-widget__width-initial elementor-widget elementor-widget-text-editor\" data-id=\"463959c\" data-element_type=\"widget\" data-e-type=\"widget\" data-widget_type=\"text-editor.default\">\n\t\t\t\t<div class=\"elementor-widget-container\">\n\t\t\t\t\t\t\t\t\t<div align=\"justify\"><div style=\"float: left; margin-right: 15px;\">\u00a0<\/div><div><span style=\"color: #000000;\">C\u2019est le <strong>12 juin 1990<\/strong> que le Lions Club Conflans Montjoie est cr\u00e9\u00e9. La remise de charte ne sera remise que le 16 novembre 1990 par Fran\u00e7ois BERARD, alors Gouverneur du district IDFO, \u00e0 son Pr\u00e9sident fondateur Jean-Pierre FAYAUD. Notre si\u00e8ge est \u00e9tabli \u00e0 l\u2019H\u00f4tel de Ville de Conflans-Ste-Honorine. <br \/><\/span><\/div><\/div><div align=\"justify\"><div>\u00a0<\/div><div><span style=\"color: #000000;\">Les membres du club se rencontrent tous les premier et troisi\u00e8me jeudi du mois pour d\u00e9finir les projets et suivre les actions en faveur des personnes de communes de Conflans-Sainte-Honorine, Andr\u00e9sy, Chanteloup-les-Vignes, Carri\u00e8res-sous-Poissy, de Triel et de Maurecourt. <\/span><\/div><div>\u00a0<\/div><div><span style=\"color: #000000;\">Le Club intervient dans de nombreux domaines tels que la sant\u00e9 (Cancer P\u00e9diatrique), l&rsquo;aide aux d\u00e9munis, l&rsquo;handicap, la jeunesse, le soutien aux personnes \u00e2g\u00e9es. Nos actions les plus connues (pass\u00e9es et actuelles) sont l\u2019op\u00e9ration Tulipes contre le cancer, la banque alimentaire, le soutien \u00e0 la maison de retraite Richard Garnier de Conflans-Sainte-Honorine, la \u00ab\u00a0Poneyvasion\u00a0\u00bb et des actions plus ponctuelles comme la fourniture de d\u00e9fibrillateurs cardiaques ou de panneaux de stationnement handicap aupr\u00e8s de nos communes de notre p\u00e9rim\u00e8tre. <\/span><span style=\"color: #000000;\">Pour mener \u00e0 bien nos actions, nous faisons appel au public et \u00e0 sa g\u00e9n\u00e9rosit\u00e9 par des manifestations comme les diff\u00e9rents lotos organis\u00e9s \u00e0 Conflans-Sainte-Honorine. <\/span><\/div><\/div>\t\t\t\t\t\t\t\t<\/div>\n\t\t\t\t<\/div>\n\t\t\t\t<\/div>\n\t\t<div class=\"elementor-element elementor-element-781bad5 e-flex e-con-boxed e-con e-parent\" data-id=\"781bad5\" data-element_type=\"container\" data-e-type=\"container\">\n\t\t\t\t\t<div class=\"e-con-inner\">\n\t\t\t\t<div class=\"elementor-element elementor-element-4325ce2 elementor-widget elementor-widget-image\" data-id=\"4325ce2\" data-element_type=\"widget\" data-e-type=\"widget\" data-widget_type=\"image.default\">\n\t\t\t\t<div class=\"elementor-widget-container\">\n\t\t\t\t\t\t\t\t\t\t\t\t\t\t\t<img fetchpriority=\"high\" decoding=\"async\" width=\"960\" height=\"640\" src=\"https:\/\/conflansmontjoie.org\/wp-content\/uploads\/2025\/03\/Charte-1024x683.jpg\" class=\"attachment-large size-large wp-image-1402\" alt=\"\" srcset=\"https:\/\/conflansmontjoie.org\/wp-content\/uploads\/2025\/03\/Charte-1024x683.jpg 1024w, https:\/\/conflansmontjoie.org\/wp-content\/uploads\/2025\/03\/Charte-300x200.jpg 300w, https:\/\/conflansmontjoie.org\/wp-content\/uploads\/2025\/03\/Charte-768x512.jpg 768w, https:\/\/conflansmontjoie.org\/wp-content\/uploads\/2025\/03\/Charte-1536x1024.jpg 1536w, https:\/\/conflansmontjoie.org\/wp-content\/uploads\/2025\/03\/Charte-2048x1365.jpg 2048w, https:\/\/conflansmontjoie.org\/wp-content\/uploads\/2025\/03\/Charte-1140x760.jpg 1140w\" sizes=\"(max-width: 960px) 100vw, 960px\" \/>\t\t\t\t\t\t\t\t\t\t\t\t\t\t\t<\/div>\n\t\t\t\t<\/div>\n\t\t\t\t\t<\/div>\n\t\t\t\t<\/div>\n\t\t<div class=\"elementor-element elementor-element-2337f31 e-flex e-con-boxed e-con e-parent\" data-id=\"2337f31\" data-element_type=\"container\" data-e-type=\"container\">\n\t\t\t\t\t<div class=\"e-con-inner\">\n\t\t\t\t<div class=\"elementor-element elementor-element-e0cee98 elementor-widget elementor-widget-text-editor\" data-id=\"e0cee98\" data-element_type=\"widget\" data-e-type=\"widget\" data-widget_type=\"text-editor.default\">\n\t\t\t\t<div class=\"elementor-widget-container\">\n\t\t\t\t\t\t\t\t\t<p><span style=\"color: #000000;\">Nous sommes un Club mixte compos\u00e9 de 19 membres partageant les m\u00eames objectifs. Le club organise plusieurs actions chaque ann\u00e9e :<\/span><\/p><ul><li><a href=\"https:\/\/conflansmontjoie.org\/?page_id=1758\">Le cancer infantile<\/a><\/li><li><a href=\"https:\/\/conflansmontjoie.org\/?page_id=1765\">La jeunesse<\/a><\/li><li><a href=\"https:\/\/conflansmontjoie.org\/?page_id=1775\">La lutte contre la Faim<\/a><\/li><li><a href=\"https:\/\/conflansmontjoie.org\/?page_id=1758\">La vue<\/a><\/li><li><a href=\"https:\/\/conflansmontjoie.org\/?page_id=2445\">L&rsquo;aide en cas de catastrophe<\/a><\/li><li><a href=\"https:\/\/conflansmontjoie.org\/?page_id=1798\">l&rsquo;Environnement<\/a><\/li><\/ul><p><span style=\"color: #000000;\">Nous participons aux actions nationales comme les tulipes contre le cancer et la banque alimentaire.<\/span><\/p><p><b>Notre p\u00e9rim\u00e8tre d\u2019action : <\/b><\/p>\t\t\t\t\t\t\t\t<\/div>\n\t\t\t\t<\/div>\n\t\t<div class=\"elementor-element elementor-element-bb24a60 e-grid e-con-full e-con e-child\" data-id=\"bb24a60\" data-element_type=\"container\" data-e-type=\"container\">\n\t\t\t\t<div class=\"elementor-element elementor-element-4c3bfcf elementor-widget elementor-widget-image\" data-id=\"4c3bfcf\" data-element_type=\"widget\" data-e-type=\"widget\" data-widget_type=\"image.default\">\n\t\t\t\t<div class=\"elementor-widget-container\">\n\t\t\t\t\t\t\t\t\t\t\t\t\t\t\t<img decoding=\"async\" width=\"164\" height=\"115\" src=\"https:\/\/conflansmontjoie.org\/wp-content\/uploads\/2025\/03\/Conflans.jpg\" class=\"attachment-large size-large wp-image-1906\" alt=\"\" \/>\t\t\t\t\t\t\t\t\t\t\t\t\t\t\t<\/div>\n\t\t\t\t<\/div>\n\t\t\t\t<div class=\"elementor-element elementor-element-a7f80b1 elementor-widget elementor-widget-image\" data-id=\"a7f80b1\" data-element_type=\"widget\" data-e-type=\"widget\" data-widget_type=\"image.default\">\n\t\t\t\t<div class=\"elementor-widget-container\">\n\t\t\t\t\t\t\t\t\t\t\t\t\t\t\t<img decoding=\"async\" width=\"320\" height=\"320\" src=\"https:\/\/conflansmontjoie.org\/wp-content\/uploads\/2025\/03\/397571439_738273371652262_4751543808597444146_n.jpg\" class=\"attachment-large size-large wp-image-1901\" alt=\"\" srcset=\"https:\/\/conflansmontjoie.org\/wp-content\/uploads\/2025\/03\/397571439_738273371652262_4751543808597444146_n.jpg 320w, https:\/\/conflansmontjoie.org\/wp-content\/uploads\/2025\/03\/397571439_738273371652262_4751543808597444146_n-300x300.jpg 300w, https:\/\/conflansmontjoie.org\/wp-content\/uploads\/2025\/03\/397571439_738273371652262_4751543808597444146_n-150x150.jpg 150w, https:\/\/conflansmontjoie.org\/wp-content\/uploads\/2025\/03\/397571439_738273371652262_4751543808597444146_n-75x75.jpg 75w\" sizes=\"(max-width: 320px) 100vw, 320px\" \/>\t\t\t\t\t\t\t\t\t\t\t\t\t\t\t<\/div>\n\t\t\t\t<\/div>\n\t\t\t\t<div class=\"elementor-element elementor-element-781c6fa elementor-widget elementor-widget-image\" data-id=\"781c6fa\" data-element_type=\"widget\" data-e-type=\"widget\" data-widget_type=\"image.default\">\n\t\t\t\t<div class=\"elementor-widget-container\">\n\t\t\t\t\t\t\t\t\t\t\t\t\t\t\t<img loading=\"lazy\" decoding=\"async\" width=\"339\" height=\"339\" src=\"https:\/\/conflansmontjoie.org\/wp-content\/uploads\/2025\/03\/1.jpg\" class=\"attachment-large size-large wp-image-1900\" alt=\"\" srcset=\"https:\/\/conflansmontjoie.org\/wp-content\/uploads\/2025\/03\/1.jpg 339w, https:\/\/conflansmontjoie.org\/wp-content\/uploads\/2025\/03\/1-300x300.jpg 300w, https:\/\/conflansmontjoie.org\/wp-content\/uploads\/2025\/03\/1-150x150.jpg 150w, https:\/\/conflansmontjoie.org\/wp-content\/uploads\/2025\/03\/1-75x75.jpg 75w\" sizes=\"(max-width: 339px) 100vw, 339px\" \/>\t\t\t\t\t\t\t\t\t\t\t\t\t\t\t<\/div>\n\t\t\t\t<\/div>\n\t\t\t\t<div class=\"elementor-element elementor-element-2a03f03 elementor-widget elementor-widget-image\" data-id=\"2a03f03\" data-element_type=\"widget\" data-e-type=\"widget\" data-widget_type=\"image.default\">\n\t\t\t\t<div class=\"elementor-widget-container\">\n\t\t\t\t\t\t\t\t\t\t\t\t\t\t\t<img loading=\"lazy\" decoding=\"async\" width=\"237\" height=\"212\" src=\"https:\/\/conflansmontjoie.org\/wp-content\/uploads\/2025\/03\/images.png\" class=\"attachment-large size-large wp-image-1910\" alt=\"\" \/>\t\t\t\t\t\t\t\t\t\t\t\t\t\t\t<\/div>\n\t\t\t\t<\/div>\n\t\t\t\t<div class=\"elementor-element elementor-element-69a2825 elementor-widget elementor-widget-image\" data-id=\"69a2825\" data-element_type=\"widget\" data-e-type=\"widget\" data-widget_type=\"image.default\">\n\t\t\t\t<div class=\"elementor-widget-container\">\n\t\t\t\t\t\t\t\t\t\t\t\t\t\t\t<img loading=\"lazy\" decoding=\"async\" width=\"143\" height=\"132\" src=\"https:\/\/conflansmontjoie.org\/wp-content\/uploads\/2025\/03\/Triel.jpg\" class=\"attachment-large size-large wp-image-1909\" alt=\"\" \/>\t\t\t\t\t\t\t\t\t\t\t\t\t\t\t<\/div>\n\t\t\t\t<\/div>\n\t\t\t\t<div class=\"elementor-element elementor-element-c24b992 elementor-widget elementor-widget-image\" data-id=\"c24b992\" data-element_type=\"widget\" data-e-type=\"widget\" data-widget_type=\"image.default\">\n\t\t\t\t<div class=\"elementor-widget-container\">\n\t\t\t\t\t\t\t\t\t\t\t\t\t\t\t<img loading=\"lazy\" decoding=\"async\" width=\"214\" height=\"235\" src=\"https:\/\/conflansmontjoie.org\/wp-content\/uploads\/2025\/03\/Maurecourt.jpg\" class=\"attachment-large size-large wp-image-1908\" alt=\"\" \/>\t\t\t\t\t\t\t\t\t\t\t\t\t\t\t<\/div>\n\t\t\t\t<\/div>\n\t\t\t\t<\/div>\n\t\t\t\t\t<\/div>\n\t\t\t\t<\/div>\n\t\t<div class=\"elementor-element elementor-element-8686b95 e-flex e-con-boxed e-con e-parent\" data-id=\"8686b95\" data-element_type=\"container\" data-e-type=\"container\">\n\t\t\t\t\t<div class=\"e-con-inner\">\n\t\t\t\t\t<\/div>\n\t\t\t\t<\/div>\n\t\t<div class=\"elementor-element elementor-element-a684b2f e-flex e-con-boxed e-con e-parent\" data-id=\"a684b2f\" data-element_type=\"container\" data-e-type=\"container\">\n\t\t\t\t\t<div class=\"e-con-inner\">\n\t\t\t\t<div class=\"elementor-element elementor-element-d74fc34 elementor-widget elementor-widget-heading\" data-id=\"d74fc34\" data-element_type=\"widget\" data-e-type=\"widget\" data-widget_type=\"heading.default\">\n\t\t\t\t<div class=\"elementor-widget-container\">\n\t\t\t\t\t<h2 class=\"elementor-heading-title elementor-size-default\">Pr\u00e9sidence du club depuis 1990<\/h2>\t\t\t\t<\/div>\n\t\t\t\t<\/div>\n\t\t\t\t\t<\/div>\n\t\t\t\t<\/div>\n\t\t<div class=\"elementor-element elementor-element-7d9c732 e-flex e-con-boxed e-con e-parent\" data-id=\"7d9c732\" data-element_type=\"container\" data-e-type=\"container\">\n\t\t\t\t\t<div class=\"e-con-inner\">\n\t\t\t\t<div class=\"elementor-element elementor-element-6f1c072 elementor-widget elementor-widget-text-editor\" data-id=\"6f1c072\" data-element_type=\"widget\" data-e-type=\"widget\" data-widget_type=\"text-editor.default\">\n\t\t\t\t<div class=\"elementor-widget-container\">\n\t\t\t\t\t\t\t\t\t<p>2023-2025 &#8211; Jean-Claude MICHAUD<br \/>2021-2023\u00a0 &#8211; Thierry DORNBERGER<br \/>2019-2021\u00a0 \u00a0&#8211; Bertrand OGEE<br \/>2017-2019\u00a0 \u00a0&#8211; Edouard GOXE<br \/>2015-2017\u00a0 \u00a0&#8211; Jean-Raphael THIERRY FORESTIER LAMBERT<br \/>2013-2015\u00a0 \u00a0&#8211; Joseph CADO<br \/>2011-2013\u00a0 \u00a0&#8211; Claude NEY<br \/>2009-2011\u00a0 &#8211; Pascal VEILLAND<br \/>2008-2009 &#8211; Philippe BOUGOUIN<br \/>2007-2008 &#8211; Fran\u00e7ois MULLER<br \/>2006-2007 &#8211; Georges FAURE<br \/>2005-2006 &#8211; Jean-Louis BRUEL<br \/>2004-2005 &#8211; Pascal DELOFFRE<br \/>2003-2004 &#8211; Claude NEY<br \/>2002-2003 &#8211; Jean-Luc BOISSARD<br \/>2001-2002 &#8211; Philippe CHAVIN<br \/>2000-2001 &#8211; G\u00e9rard MARTINEZ<br \/>1999-2000 &#8211; Roger ABBAD<br \/>1998-1999 &#8211; Fran\u00e7ois ESNAULT<br \/>1997-1998 &#8211; Jacques ZVACH<br \/>1996-1997 &#8211; Claude RENNIS<br \/>1995-1996 &#8211; Pierre GROSSIN<br \/>1994-1995 &#8211; Alain BERNARD<br \/>1993-1994 -Robert TEYSSIER<br \/>1992-1993 &#8211; Bernard IRAHY<br \/>1991-1992 &#8211; Guy VILLAUDIERE<br \/>1990-1991 &#8211; Jean-Pierre FAYAUD &#8211; Pr\u00e9sident fondateur<\/p>\t\t\t\t\t\t\t\t<\/div>\n\t\t\t\t<\/div>\n\t\t\t\t\t<\/div>\n\t\t\t\t<\/div>\n\t\t\t\t<\/div>\n\t\t","protected":false},"excerpt":{"rendered":"<p>\u00a0C\u2019est le 12 juin 1990 que le Lions Club Conflans Montjoie est cr\u00e9\u00e9. La remise de charte ne sera remise que le 16 novembre 1990 par Fran\u00e7ois BERARD, alors Gouverneur du district IDFO, \u00e0 son Pr\u00e9sident fondateur Jean-Pierre FAYAUD. Notre si\u00e8ge est \u00e9tabli \u00e0 l\u2019H\u00f4tel de Ville de Conflans-Ste-Honorine. \u00a0Les membres du club se rencontrent tous les premier et troisi\u00e8me jeudi du mois pour d\u00e9finir les projets et suivre les actions en faveur des personnes de communes de Conflans-Sainte-Honorine, Andr\u00e9sy, Chanteloup-les-Vignes, Carri\u00e8res-sous-Poissy, de Triel et de Maurecourt. \u00a0Le Club intervient dans de nombreux domaines tels que la sant\u00e9 (Cancer P\u00e9diatrique), l&rsquo;aide aux d\u00e9munis, l&rsquo;handicap, la jeunesse, le soutien aux personnes \u00e2g\u00e9es. Nos actions les plus connues (pass\u00e9es et actuelles) sont l\u2019op\u00e9ration Tulipes contre le cancer, la banque alimentaire, le soutien \u00e0 la maison de retraite Richard Garnier de Conflans-Sainte-Honorine, la \u00ab\u00a0Poneyvasion\u00a0\u00bb et des actions plus ponctuelles comme la fourniture de d\u00e9fibrillateurs cardiaques ou de panneaux de stationnement handicap aupr\u00e8s de nos communes de notre p\u00e9rim\u00e8tre. Pour mener \u00e0 bien nos actions, nous faisons appel au public et \u00e0 sa g\u00e9n\u00e9rosit\u00e9 par des manifestations comme les diff\u00e9rents lotos organis\u00e9s \u00e0 Conflans-Sainte-Honorine. Nous sommes un Club mixte compos\u00e9 de 19 membres partageant les m\u00eames objectifs. Le club organise plusieurs actions chaque ann\u00e9e : Le cancer infantile La jeunesse La lutte contre la Faim La vue L&rsquo;aide en cas de catastrophe l&rsquo;Environnement Nous participons aux actions nationales comme les tulipes contre le cancer et la banque alimentaire. Notre p\u00e9rim\u00e8tre d\u2019action : Pr\u00e9sidence du club depuis 1990 2023-2025 &#8211; Jean-Claude MICHAUD2021-2023\u00a0 &#8211; Thierry DORNBERGER2019-2021\u00a0 \u00a0&#8211; Bertrand OGEE2017-2019\u00a0 \u00a0&#8211; Edouard GOXE2015-2017\u00a0 \u00a0&#8211; Jean-Raphael THIERRY FORESTIER LAMBERT2013-2015\u00a0 \u00a0&#8211; Joseph CADO2011-2013\u00a0 \u00a0&#8211; Claude NEY2009-2011\u00a0 &#8211; Pascal VEILLAND2008-2009 &#8211; Philippe BOUGOUIN2007-2008 &#8211; Fran\u00e7ois MULLER2006-2007 &#8211; Georges FAURE2005-2006 &#8211; Jean-Louis BRUEL2004-2005 &#8211; Pascal DELOFFRE2003-2004 &#8211; Claude NEY2002-2003 &#8211; Jean-Luc BOISSARD2001-2002 &#8211; Philippe CHAVIN2000-2001 &#8211; G\u00e9rard MARTINEZ1999-2000 &#8211; Roger ABBAD1998-1999 &#8211; Fran\u00e7ois ESNAULT1997-1998 &#8211; Jacques ZVACH1996-1997 &#8211; Claude RENNIS1995-1996 &#8211; Pierre GROSSIN1994-1995 &#8211; Alain BERNARD1993-1994 -Robert TEYSSIER1992-1993 &#8211; Bernard IRAHY1991-1992 &#8211; Guy VILLAUDIERE1990-1991 &#8211; Jean-Pierre FAYAUD &#8211; Pr\u00e9sident fondateur<\/p>\n","protected":false},"author":1,"featured_media":0,"parent":70,"menu_order":0,"comment_status":"closed","ping_status":"closed","template":"","meta":{"footnotes":""},"class_list":["post-733","page","type-page","status-publish","hentry"],"_links":{"self":[{"href":"https:\/\/conflansmontjoie.org\/index.php?rest_route=\/wp\/v2\/pages\/733","targetHints":{"allow":["GET"]}}],"collection":[{"href":"https:\/\/conflansmontjoie.org\/index.php?rest_route=\/wp\/v2\/pages"}],"about":[{"href":"https:\/\/conflansmontjoie.org\/index.php?rest_route=\/wp\/v2\/types\/page"}],"author":[{"embeddable":true,"href":"https:\/\/conflansmontjoie.org\/index.php?rest_route=\/wp\/v2\/users\/1"}],"replies":[{"embeddable":true,"href":"https:\/\/conflansmontjoie.org\/index.php?rest_route=%2Fwp%2Fv2%2Fcomments&post=733"}],"version-history":[{"count":72,"href":"https:\/\/conflansmontjoie.org\/index.php?rest_route=\/wp\/v2\/pages\/733\/revisions"}],"predecessor-version":[{"id":4276,"href":"https:\/\/conflansmontjoie.org\/index.php?rest_route=\/wp\/v2\/pages\/733\/revisions\/4276"}],"up":[{"embeddable":true,"href":"https:\/\/conflansmontjoie.org\/index.php?rest_route=\/wp\/v2\/pages\/70"}],"wp:attachment":[{"href":"https:\/\/conflansmontjoie.org\/index.php?rest_route=%2Fwp%2Fv2%2Fmedia&parent=733"}],"curies":[{"name":"wp","href":"https:\/\/api.w.org\/{rel}","templated":true}]}}