{"id":70,"date":"2024-04-28T21:03:22","date_gmt":"2024-04-28T19:03:22","guid":{"rendered":"https:\/\/new.lions103idfo.org\/?page_id=70"},"modified":"2025-03-21T14:14:33","modified_gmt":"2025-03-21T13:14:33","slug":"histoire","status":"publish","type":"page","link":"https:\/\/conflansmontjoie.org\/?page_id=70","title":{"rendered":"Lions Club Conflans Montjoie"},"content":{"rendered":"\t\t<div data-elementor-type=\"wp-page\" data-elementor-id=\"70\" class=\"elementor elementor-70\">\n\t\t\t\t<div class=\"elementor-element elementor-element-194c006 e-grid e-con-boxed e-con e-parent\" data-id=\"194c006\" data-element_type=\"container\" data-e-type=\"container\">\n\t\t\t\t\t<div class=\"e-con-inner\">\n\t\t\t\t<div class=\"elementor-element elementor-element-c09e0e0 elementor-widget elementor-widget-image\" data-id=\"c09e0e0\" data-element_type=\"widget\" data-e-type=\"widget\" data-widget_type=\"image.default\">\n\t\t\t\t<div class=\"elementor-widget-container\">\n\t\t\t\t\t\t\t\t\t\t\t\t\t\t\t<img decoding=\"async\" width=\"150\" height=\"215\" src=\"https:\/\/conflansmontjoie.org\/wp-content\/uploads\/2025\/03\/LC-CONFLANS-MONTJOIE-2025.png\" class=\"attachment-large size-large wp-image-1269\" alt=\"\" \/>\t\t\t\t\t\t\t\t\t\t\t\t\t\t\t<\/div>\n\t\t\t\t<\/div>\n\t\t\t\t<div class=\"elementor-element elementor-element-faa51bf elementor-widget elementor-widget-image\" data-id=\"faa51bf\" data-element_type=\"widget\" data-e-type=\"widget\" data-widget_type=\"image.default\">\n\t\t\t\t<div class=\"elementor-widget-container\">\n\t\t\t\t\t\t\t\t\t\t\t\t\t\t\t<img fetchpriority=\"high\" decoding=\"async\" width=\"250\" height=\"250\" src=\"https:\/\/conflansmontjoie.org\/wp-content\/uploads\/2025\/03\/LOGO-EMMA.png\" class=\"attachment-large size-large wp-image-1270\" alt=\"\" srcset=\"https:\/\/conflansmontjoie.org\/wp-content\/uploads\/2025\/03\/LOGO-EMMA.png 250w, https:\/\/conflansmontjoie.org\/wp-content\/uploads\/2025\/03\/LOGO-EMMA-150x150.png 150w\" sizes=\"(max-width: 250px) 100vw, 250px\" \/>\t\t\t\t\t\t\t\t\t\t\t\t\t\t\t<\/div>\n\t\t\t\t<\/div>\n\t\t\t\t\t<\/div>\n\t\t\t\t<\/div>\n\t\t<div class=\"elementor-element elementor-element-aee4c2e e-flex e-con-boxed e-con e-parent\" data-id=\"aee4c2e\" data-element_type=\"container\" data-e-type=\"container\">\n\t\t\t\t\t<div class=\"e-con-inner\">\n\t\t\t\t<div class=\"elementor-element elementor-element-368cd39 elementor-widget elementor-widget-text-editor\" data-id=\"368cd39\" data-element_type=\"widget\" data-e-type=\"widget\" data-widget_type=\"text-editor.default\">\n\t\t\t\t<div class=\"elementor-widget-container\">\n\t\t\t\t\t\t\t\t\t<p><span style=\"color: #000000;\">Nous sommes un Club mixte compos\u00e9 de 19 membres partageant les m\u00eames objectifs. Le club organise plusieurs actions chaque ann\u00e9e :<\/span><\/p><ul><li><a href=\"https:\/\/conflansmontjoie.org\/?page_id=1758\"><span style=\"color: #000000;\">Le cancer infantile<\/span><\/a><\/li><li><a href=\"https:\/\/conflansmontjoie.org\/?page_id=1765\"><span style=\"color: #000000;\">La jeunesse<\/span><\/a><\/li><li><a href=\"https:\/\/conflansmontjoie.org\/?page_id=1775\"><span style=\"color: #000000;\">La lutte contre la Faim<\/span><\/a><\/li><li><a href=\"https:\/\/conflansmontjoie.org\/?page_id=1758\"><span style=\"color: #000000;\">La vue<\/span><\/a><\/li><li><span style=\"color: #000000;\">L&rsquo;aide en cas de catastrophe<\/span><\/li><li><a href=\"https:\/\/conflansmontjoie.org\/?page_id=1798\"><span style=\"color: #000000;\">l&rsquo;Environnement<\/span><\/a><\/li><\/ul><p><span style=\"color: #000000;\">Nous participons aux actions nationales comme les tulipes contre le cancer et la banque alimentaire.<\/span><\/p><p><span style=\"color: #000000;\"><b>Notre p\u00e9rim\u00e8tre d\u2019action : <\/b><\/span><\/p><ul><li><span style=\"color: #000000;\">Conflans-Sainte-Honorine<\/span><\/li><li><span style=\"color: #000000;\">Andr\u00e9sy<\/span><\/li><li><span style=\"color: #000000;\">Maurecourt<\/span><\/li><li><span style=\"color: #000000;\">Chanteloup-Les-Vignes<\/span><\/li><li><span style=\"color: #000000;\">Carri\u00e8res-sous-Poissy<\/span><\/li><li><span style=\"color: #000000;\">Triel-sur-Seine<\/span><\/li><\/ul><h2 style=\"text-align: center;\">\u00a0<\/h2>\t\t\t\t\t\t\t\t<\/div>\n\t\t\t\t<\/div>\n\t\t<div class=\"elementor-element elementor-element-67d6bfe e-grid e-con-full e-con e-child\" data-id=\"67d6bfe\" data-element_type=\"container\" data-e-type=\"container\">\n\t\t\t\t<div class=\"elementor-element elementor-element-96ae065 elementor-widget elementor-widget-image\" data-id=\"96ae065\" data-element_type=\"widget\" data-e-type=\"widget\" data-widget_type=\"image.default\">\n\t\t\t\t<div class=\"elementor-widget-container\">\n\t\t\t\t\t\t\t\t\t\t\t\t\t\t\t<img decoding=\"async\" width=\"164\" height=\"115\" src=\"https:\/\/conflansmontjoie.org\/wp-content\/uploads\/2025\/03\/Conflans.jpg\" class=\"attachment-large size-large wp-image-1906\" alt=\"\" \/>\t\t\t\t\t\t\t\t\t\t\t\t\t\t\t<\/div>\n\t\t\t\t<\/div>\n\t\t\t\t<div class=\"elementor-element elementor-element-446fa5b elementor-widget elementor-widget-image\" data-id=\"446fa5b\" data-element_type=\"widget\" data-e-type=\"widget\" data-widget_type=\"image.default\">\n\t\t\t\t<div class=\"elementor-widget-container\">\n\t\t\t\t\t\t\t\t\t\t\t\t\t\t\t<img loading=\"lazy\" decoding=\"async\" width=\"150\" height=\"150\" src=\"https:\/\/conflansmontjoie.org\/wp-content\/uploads\/2025\/03\/397571439_738273371652262_4751543808597444146_n-150x150.jpg\" class=\"attachment-thumbnail size-thumbnail wp-image-1901\" alt=\"\" srcset=\"https:\/\/conflansmontjoie.org\/wp-content\/uploads\/2025\/03\/397571439_738273371652262_4751543808597444146_n-150x150.jpg 150w, https:\/\/conflansmontjoie.org\/wp-content\/uploads\/2025\/03\/397571439_738273371652262_4751543808597444146_n-300x300.jpg 300w, https:\/\/conflansmontjoie.org\/wp-content\/uploads\/2025\/03\/397571439_738273371652262_4751543808597444146_n-75x75.jpg 75w, https:\/\/conflansmontjoie.org\/wp-content\/uploads\/2025\/03\/397571439_738273371652262_4751543808597444146_n.jpg 320w\" sizes=\"(max-width: 150px) 100vw, 150px\" \/>\t\t\t\t\t\t\t\t\t\t\t\t\t\t\t<\/div>\n\t\t\t\t<\/div>\n\t\t\t\t<div class=\"elementor-element elementor-element-26ae17d elementor-widget elementor-widget-image\" data-id=\"26ae17d\" data-element_type=\"widget\" data-e-type=\"widget\" data-widget_type=\"image.default\">\n\t\t\t\t<div class=\"elementor-widget-container\">\n\t\t\t\t\t\t\t\t\t\t\t\t\t\t\t<img loading=\"lazy\" decoding=\"async\" width=\"300\" height=\"300\" src=\"https:\/\/conflansmontjoie.org\/wp-content\/uploads\/2025\/03\/1-300x300.jpg\" class=\"attachment-medium size-medium wp-image-1900\" alt=\"\" srcset=\"https:\/\/conflansmontjoie.org\/wp-content\/uploads\/2025\/03\/1-300x300.jpg 300w, https:\/\/conflansmontjoie.org\/wp-content\/uploads\/2025\/03\/1-150x150.jpg 150w, https:\/\/conflansmontjoie.org\/wp-content\/uploads\/2025\/03\/1-75x75.jpg 75w, https:\/\/conflansmontjoie.org\/wp-content\/uploads\/2025\/03\/1.jpg 339w\" sizes=\"(max-width: 300px) 100vw, 300px\" \/>\t\t\t\t\t\t\t\t\t\t\t\t\t\t\t<\/div>\n\t\t\t\t<\/div>\n\t\t\t\t<div class=\"elementor-element elementor-element-08d8616 elementor-widget elementor-widget-image\" data-id=\"08d8616\" data-element_type=\"widget\" data-e-type=\"widget\" data-widget_type=\"image.default\">\n\t\t\t\t<div class=\"elementor-widget-container\">\n\t\t\t\t\t\t\t\t\t\t\t\t\t\t\t<img loading=\"lazy\" decoding=\"async\" width=\"237\" height=\"212\" src=\"https:\/\/conflansmontjoie.org\/wp-content\/uploads\/2025\/03\/images.png\" class=\"attachment-medium size-medium wp-image-1910\" alt=\"\" \/>\t\t\t\t\t\t\t\t\t\t\t\t\t\t\t<\/div>\n\t\t\t\t<\/div>\n\t\t\t\t<div class=\"elementor-element elementor-element-81f02f6 elementor-widget elementor-widget-image\" data-id=\"81f02f6\" data-element_type=\"widget\" data-e-type=\"widget\" data-widget_type=\"image.default\">\n\t\t\t\t<div class=\"elementor-widget-container\">\n\t\t\t\t\t\t\t\t\t\t\t\t\t\t\t<img loading=\"lazy\" decoding=\"async\" width=\"143\" height=\"132\" src=\"https:\/\/conflansmontjoie.org\/wp-content\/uploads\/2025\/03\/Triel.jpg\" class=\"attachment-medium size-medium wp-image-1909\" alt=\"\" \/>\t\t\t\t\t\t\t\t\t\t\t\t\t\t\t<\/div>\n\t\t\t\t<\/div>\n\t\t\t\t<div class=\"elementor-element elementor-element-adaa7f6 elementor-widget elementor-widget-image\" data-id=\"adaa7f6\" data-element_type=\"widget\" data-e-type=\"widget\" data-widget_type=\"image.default\">\n\t\t\t\t<div class=\"elementor-widget-container\">\n\t\t\t\t\t\t\t\t\t\t\t\t\t\t\t<img loading=\"lazy\" decoding=\"async\" width=\"214\" height=\"235\" src=\"https:\/\/conflansmontjoie.org\/wp-content\/uploads\/2025\/03\/Maurecourt.jpg\" class=\"attachment-medium size-medium wp-image-1908\" alt=\"\" \/>\t\t\t\t\t\t\t\t\t\t\t\t\t\t\t<\/div>\n\t\t\t\t<\/div>\n\t\t\t\t<\/div>\n\t\t\t\t\t<\/div>\n\t\t\t\t<\/div>\n\t\t<div class=\"elementor-element elementor-element-8b57242 e-flex e-con-boxed e-con e-parent\" data-id=\"8b57242\" data-element_type=\"container\" data-e-type=\"container\">\n\t\t\t\t\t<div class=\"e-con-inner\">\n\t\t\t\t<div class=\"elementor-element elementor-element-6b25855 elementor-widget elementor-widget-text-editor\" data-id=\"6b25855\" data-element_type=\"widget\" data-e-type=\"widget\" data-widget_type=\"text-editor.default\">\n\t\t\t\t<div class=\"elementor-widget-container\">\n\t\t\t\t\t\t\t\t\t<p><span style=\"color: #000000;\"><strong>Nous finan\u00e7ons des projets :<\/strong><\/span><\/p><ul><li><span style=\"color: #000000;\">50 % concerne le cancer p\u00e9diatrique (aide aux malades)<\/span><\/li><li><span style=\"color: #000000;\">30 % concerne la vue<\/span><\/li><li><span style=\"color: #000000;\">20 % concerne la maladie d\u2019Alzheimer<\/span><\/li><\/ul><p><span style=\"color: #000000;\"><b>Choix <\/b><b>d<\/b><b>es projets <\/b>: ils sont choisis depuis plusieurs ann\u00e9es en relation avec le fonds de dotation des Yvelines, nous proposant des projets qui sont eux m\u00eame identifi\u00e9s.<\/span><\/p><p><span style=\"color: #000000;\"><b>Les projets <\/b>doivent \u00eatre en ad\u00e9quation avec notre projet de club et les b\u00e9n\u00e9ficiaires sont choisis par le club selon les projets pr\u00e9sent\u00e9s par les b\u00e9n\u00e9ficiaires.<\/span><\/p><p><span style=\"color: #000000;\"><b>Maitrise des co\u00fbts <\/b>: Aucun ch\u00e8que n\u2019est remis aux b\u00e9n\u00e9ficiaires, les clubs r\u00e8glent la ou les factures directement.<\/span><\/p><p><span style=\"color: #000000;\">Les b\u00e9n\u00e9ficiaires doivent \u00eatre au niveau local ou au niveau du d\u00e9partement (78), sauf participation au projet du district (au niveau r\u00e9gional Lions). Les projets sont valid\u00e9s en r\u00e9union statutaire.<\/span><\/p><p><span style=\"color: #000000;\">\u00a0Les Lions financent leurs multiples actions en organisant des op\u00e9rations men\u00e9es par eux-m\u00eames.<\/span><\/p><p><span style=\"color: #000000;\">\u00a0La totalit\u00e9 des r\u00e9sultats financiers de ces manifestations est affect\u00e9e \u00e0 l\u2019\u0153uvre d\u00e9finie au pr\u00e9alable.<\/span><\/p><h2 style=\"text-align: center;\">\u00a0<strong>1 \u20ac<\/strong> <b>r\u00e9colt\u00e9\u00a0 =\u00a0 1\u20ac distribu\u00e9<\/b><\/h2>\t\t\t\t\t\t\t\t<\/div>\n\t\t\t\t<\/div>\n\t\t\t\t\t<\/div>\n\t\t\t\t<\/div>\n\t\t\t\t<\/div>\n\t\t","protected":false},"excerpt":{"rendered":"<p>Nous sommes un Club mixte compos\u00e9 de 19 membres partageant les m\u00eames objectifs. Le club organise plusieurs actions chaque ann\u00e9e : Le cancer infantile La jeunesse La lutte contre la Faim La vue L&rsquo;aide en cas de catastrophe l&rsquo;Environnement Nous participons aux actions nationales comme les tulipes contre le cancer et la banque alimentaire. Notre p\u00e9rim\u00e8tre d\u2019action : Conflans-Sainte-Honorine Andr\u00e9sy Maurecourt Chanteloup-Les-Vignes Carri\u00e8res-sous-Poissy Triel-sur-Seine \u00a0 Nous finan\u00e7ons des projets : 50 % concerne le cancer p\u00e9diatrique (aide aux malades) 30 % concerne la vue 20 % concerne la maladie d\u2019Alzheimer Choix des projets : ils sont choisis depuis plusieurs ann\u00e9es en relation avec le fonds de dotation des Yvelines, nous proposant des projets qui sont eux m\u00eame identifi\u00e9s. Les projets doivent \u00eatre en ad\u00e9quation avec notre projet de club et les b\u00e9n\u00e9ficiaires sont choisis par le club selon les projets pr\u00e9sent\u00e9s par les b\u00e9n\u00e9ficiaires. Maitrise des co\u00fbts : Aucun ch\u00e8que n\u2019est remis aux b\u00e9n\u00e9ficiaires, les clubs r\u00e8glent la ou les factures directement. Les b\u00e9n\u00e9ficiaires doivent \u00eatre au niveau local ou au niveau du d\u00e9partement (78), sauf participation au projet du district (au niveau r\u00e9gional Lions). Les projets sont valid\u00e9s en r\u00e9union statutaire. \u00a0Les Lions financent leurs multiples actions en organisant des op\u00e9rations men\u00e9es par eux-m\u00eames. \u00a0La totalit\u00e9 des r\u00e9sultats financiers de ces manifestations est affect\u00e9e \u00e0 l\u2019\u0153uvre d\u00e9finie au pr\u00e9alable. \u00a01 \u20ac r\u00e9colt\u00e9\u00a0 =\u00a0 1\u20ac distribu\u00e9<\/p>\n","protected":false},"author":3,"featured_media":0,"parent":0,"menu_order":0,"comment_status":"closed","ping_status":"closed","template":"","meta":{"footnotes":""},"class_list":["post-70","page","type-page","status-publish","hentry"],"_links":{"self":[{"href":"https:\/\/conflansmontjoie.org\/index.php?rest_route=\/wp\/v2\/pages\/70","targetHints":{"allow":["GET"]}}],"collection":[{"href":"https:\/\/conflansmontjoie.org\/index.php?rest_route=\/wp\/v2\/pages"}],"about":[{"href":"https:\/\/conflansmontjoie.org\/index.php?rest_route=\/wp\/v2\/types\/page"}],"author":[{"embeddable":true,"href":"https:\/\/conflansmontjoie.org\/index.php?rest_route=\/wp\/v2\/users\/3"}],"replies":[{"embeddable":true,"href":"https:\/\/conflansmontjoie.org\/index.php?rest_route=%2Fwp%2Fv2%2Fcomments&post=70"}],"version-history":[{"count":59,"href":"https:\/\/conflansmontjoie.org\/index.php?rest_route=\/wp\/v2\/pages\/70\/revisions"}],"predecessor-version":[{"id":3591,"href":"https:\/\/conflansmontjoie.org\/index.php?rest_route=\/wp\/v2\/pages\/70\/revisions\/3591"}],"wp:attachment":[{"href":"https:\/\/conflansmontjoie.org\/index.php?rest_route=%2Fwp%2Fv2%2Fmedia&parent=70"}],"curies":[{"name":"wp","href":"https:\/\/api.w.org\/{rel}","templated":true}]}}