{"id":3553,"date":"2025-03-19T09:39:43","date_gmt":"2025-03-19T08:39:43","guid":{"rendered":"https:\/\/conflansmontjoie.org\/?page_id=3553"},"modified":"2025-03-19T10:10:22","modified_gmt":"2025-03-19T09:10:22","slug":"en-faveur-de-la-jeunesse","status":"publish","type":"page","link":"https:\/\/conflansmontjoie.org\/?page_id=3553","title":{"rendered":"En faveur de la jeunesse"},"content":{"rendered":"\t\t<div data-elementor-type=\"wp-page\" data-elementor-id=\"3553\" class=\"elementor elementor-3553\">\n\t\t\t\t<div class=\"elementor-element elementor-element-6430801 e-flex e-con-boxed e-con e-parent\" data-id=\"6430801\" data-element_type=\"container\" data-e-type=\"container\">\n\t\t\t\t\t<div class=\"e-con-inner\">\n\t\t\t\t<div class=\"elementor-element elementor-element-d614363 elementor-widget elementor-widget-image\" data-id=\"d614363\" data-element_type=\"widget\" data-e-type=\"widget\" data-widget_type=\"image.default\">\n\t\t\t\t<div class=\"elementor-widget-container\">\n\t\t\t\t\t\t\t\t\t\t\t\t\t\t\t<img decoding=\"async\" width=\"150\" height=\"150\" src=\"https:\/\/conflansmontjoie.org\/wp-content\/uploads\/2025\/03\/LCIF-Icon-Youth-150x150.png\" class=\"attachment-thumbnail size-thumbnail wp-image-1767\" alt=\"\" srcset=\"https:\/\/conflansmontjoie.org\/wp-content\/uploads\/2025\/03\/LCIF-Icon-Youth-150x150.png 150w, https:\/\/conflansmontjoie.org\/wp-content\/uploads\/2025\/03\/LCIF-Icon-Youth-300x300.png 300w, https:\/\/conflansmontjoie.org\/wp-content\/uploads\/2025\/03\/LCIF-Icon-Youth-75x75.png 75w\" sizes=\"(max-width: 150px) 100vw, 150px\" \/>\t\t\t\t\t\t\t\t\t\t\t\t\t\t\t<\/div>\n\t\t\t\t<\/div>\n\t\t\t\t<div class=\"elementor-element elementor-element-19a5990 elementor-widget elementor-widget-text-editor\" data-id=\"19a5990\" data-element_type=\"widget\" data-e-type=\"widget\" data-widget_type=\"text-editor.default\">\n\t\t\t\t<div class=\"elementor-widget-container\">\n\t\t\t\t\t\t\t\t\t<p>La jeunesse est une cause cher \u00e0 notre club dans de multiples actions comme :<\/p><ul><li>Prise en charge d&rsquo;un camps de jeune en Europe ou \u00e0 l&rsquo;\u00e9tranger.<\/li><li>Prise en charge d&rsquo;un s\u00e9jour en centre de vacances.<\/li><li>Achat de casques virtuelle en faveur d&rsquo;un centre de formation.<\/li><li>Parrainage de jeunes au concours d&rsquo;\u00e9loquence du Lions.<\/li><li>Parrainage d&rsquo;une classe au concours d&rsquo;affiche de l&rsquo;environnement.<\/li><\/ul>\t\t\t\t\t\t\t\t<\/div>\n\t\t\t\t<\/div>\n\t\t<div class=\"elementor-element elementor-element-e1ee11b e-grid e-con-full e-con e-child\" data-id=\"e1ee11b\" data-element_type=\"container\" data-e-type=\"container\">\n\t\t\t\t<div class=\"elementor-element elementor-element-c17ed40 elementor-widget elementor-widget-image\" data-id=\"c17ed40\" data-element_type=\"widget\" data-e-type=\"widget\" data-widget_type=\"image.default\">\n\t\t\t\t<div class=\"elementor-widget-container\">\n\t\t\t\t\t\t\t\t\t\t\t\t<figure class=\"wp-caption\">\n\t\t\t\t\t\t\t\t\t\t\t<a href=\"https:\/\/conflansmontjoie.org\/?page_id=1731\">\n\t\t\t\t\t\t\t<img decoding=\"async\" width=\"150\" height=\"150\" src=\"https:\/\/conflansmontjoie.org\/wp-content\/uploads\/2025\/03\/YEC_logo-150x150.gif\" class=\"attachment-thumbnail size-thumbnail wp-image-1947\" alt=\"\" srcset=\"https:\/\/conflansmontjoie.org\/wp-content\/uploads\/2025\/03\/YEC_logo-150x150.gif 150w, https:\/\/conflansmontjoie.org\/wp-content\/uploads\/2025\/03\/YEC_logo-300x300.gif 300w, https:\/\/conflansmontjoie.org\/wp-content\/uploads\/2025\/03\/YEC_logo-75x75.gif 75w\" sizes=\"(max-width: 150px) 100vw, 150px\" \/>\t\t\t\t\t\t\t\t<\/a>\n\t\t\t\t\t\t\t\t\t\t\t<figcaption class=\"widget-image-caption wp-caption-text\">Prise en charge d'un camps de jeunes<\/figcaption>\n\t\t\t\t\t\t\t\t\t\t<\/figure>\n\t\t\t\t\t\t\t\t\t<\/div>\n\t\t\t\t<\/div>\n\t\t\t\t<div class=\"elementor-element elementor-element-718f565 elementor-widget elementor-widget-image\" data-id=\"718f565\" data-element_type=\"widget\" data-e-type=\"widget\" data-widget_type=\"image.default\">\n\t\t\t\t<div class=\"elementor-widget-container\">\n\t\t\t\t\t\t\t\t\t\t\t\t<figure class=\"wp-caption\">\n\t\t\t\t\t\t\t\t\t\t\t<a href=\"https:\/\/conflansmontjoie.org\/?page_id=2824\">\n\t\t\t\t\t\t\t<img decoding=\"async\" width=\"266\" height=\"114\" src=\"https:\/\/conflansmontjoie.org\/wp-content\/uploads\/2025\/03\/logo_light2.png\" class=\"attachment-medium size-medium wp-image-1936\" alt=\"\" \/>\t\t\t\t\t\t\t\t<\/a>\n\t\t\t\t\t\t\t\t\t\t\t<figcaption class=\"widget-image-caption wp-caption-text\">Prise en charge d'un s\u00e9jour pour des enfants<\/figcaption>\n\t\t\t\t\t\t\t\t\t\t<\/figure>\n\t\t\t\t\t\t\t\t\t<\/div>\n\t\t\t\t<\/div>\n\t\t\t\t<div class=\"elementor-element elementor-element-f139fca elementor-widget elementor-widget-image\" data-id=\"f139fca\" data-element_type=\"widget\" data-e-type=\"widget\" data-widget_type=\"image.default\">\n\t\t\t\t<div class=\"elementor-widget-container\">\n\t\t\t\t\t\t\t\t\t\t\t\t<figure class=\"wp-caption\">\n\t\t\t\t\t\t\t\t\t\t\t<a href=\"https:\/\/conflansmontjoie.org\/?p=1692\">\n\t\t\t\t\t\t\t<img loading=\"lazy\" decoding=\"async\" width=\"89\" height=\"67\" src=\"https:\/\/conflansmontjoie.org\/wp-content\/uploads\/2025\/03\/Logo-Stelo-formation.jpg\" class=\"attachment-thumbnail size-thumbnail wp-image-3555\" alt=\"\" \/>\t\t\t\t\t\t\t\t<\/a>\n\t\t\t\t\t\t\t\t\t\t\t<figcaption class=\"widget-image-caption wp-caption-text\">financement de casques virtuels<\/figcaption>\n\t\t\t\t\t\t\t\t\t\t<\/figure>\n\t\t\t\t\t\t\t\t\t<\/div>\n\t\t\t\t<\/div>\n\t\t\t\t<div class=\"elementor-element elementor-element-40773a7 elementor-widget elementor-widget-image\" data-id=\"40773a7\" data-element_type=\"widget\" data-e-type=\"widget\" data-widget_type=\"image.default\">\n\t\t\t\t<div class=\"elementor-widget-container\">\n\t\t\t\t\t\t\t\t\t\t\t\t\t\t\t<img loading=\"lazy\" decoding=\"async\" width=\"214\" height=\"300\" src=\"https:\/\/conflansmontjoie.org\/wp-content\/uploads\/2025\/03\/Concours-affiche-environnement-214x300.jpg\" class=\"attachment-medium size-medium wp-image-1678\" alt=\"\" srcset=\"https:\/\/conflansmontjoie.org\/wp-content\/uploads\/2025\/03\/Concours-affiche-environnement-214x300.jpg 214w, https:\/\/conflansmontjoie.org\/wp-content\/uploads\/2025\/03\/Concours-affiche-environnement.jpg 539w\" sizes=\"(max-width: 214px) 100vw, 214px\" \/>\t\t\t\t\t\t\t\t\t\t\t\t\t\t\t<\/div>\n\t\t\t\t<\/div>\n\t\t\t\t<div class=\"elementor-element elementor-element-dde8f71 elementor-widget elementor-widget-image\" data-id=\"dde8f71\" data-element_type=\"widget\" data-e-type=\"widget\" data-widget_type=\"image.default\">\n\t\t\t\t<div class=\"elementor-widget-container\">\n\t\t\t\t\t\t\t\t\t\t\t\t<figure class=\"wp-caption\">\n\t\t\t\t\t\t\t\t\t\t\t<a href=\"https:\/\/conflansmontjoie.org\/?page_id=1530\">\n\t\t\t\t\t\t\t<img loading=\"lazy\" decoding=\"async\" width=\"241\" height=\"300\" src=\"https:\/\/conflansmontjoie.org\/wp-content\/uploads\/2025\/03\/Concours-deloc2-241x300.jpg\" class=\"attachment-medium size-medium wp-image-2576\" alt=\"\" srcset=\"https:\/\/conflansmontjoie.org\/wp-content\/uploads\/2025\/03\/Concours-deloc2-241x300.jpg 241w, https:\/\/conflansmontjoie.org\/wp-content\/uploads\/2025\/03\/Concours-deloc2.jpg 525w\" sizes=\"(max-width: 241px) 100vw, 241px\" \/>\t\t\t\t\t\t\t\t<\/a>\n\t\t\t\t\t\t\t\t\t\t\t<figcaption class=\"widget-image-caption wp-caption-text\">Parrainage d'un \u00e9l\u00e8ve au concours d'\u00e9loquence<\/figcaption>\n\t\t\t\t\t\t\t\t\t\t<\/figure>\n\t\t\t\t\t\t\t\t\t<\/div>\n\t\t\t\t<\/div>\n\t\t\t\t<\/div>\n\t\t\t\t\t<\/div>\n\t\t\t\t<\/div>\n\t\t\t\t<\/div>\n\t\t","protected":false},"excerpt":{"rendered":"<p>La jeunesse est une cause cher \u00e0 notre club dans de multiples actions comme : Prise en charge d&rsquo;un camps de jeune en Europe ou \u00e0 l&rsquo;\u00e9tranger. Prise en charge d&rsquo;un s\u00e9jour en centre de vacances. Achat de casques virtuelle en faveur d&rsquo;un centre de formation. Parrainage de jeunes au concours d&rsquo;\u00e9loquence du Lions. Parrainage d&rsquo;une classe au concours d&rsquo;affiche de l&rsquo;environnement. Prise en charge d&rsquo;un camps de jeunes Prise en charge d&rsquo;un s\u00e9jour pour des enfants financement de casques virtuels Parrainage d&rsquo;un \u00e9l\u00e8ve au concours d&rsquo;\u00e9loquence<\/p>\n","protected":false},"author":1,"featured_media":0,"parent":0,"menu_order":0,"comment_status":"closed","ping_status":"closed","template":"","meta":{"footnotes":""},"class_list":["post-3553","page","type-page","status-publish","hentry"],"_links":{"self":[{"href":"https:\/\/conflansmontjoie.org\/index.php?rest_route=\/wp\/v2\/pages\/3553","targetHints":{"allow":["GET"]}}],"collection":[{"href":"https:\/\/conflansmontjoie.org\/index.php?rest_route=\/wp\/v2\/pages"}],"about":[{"href":"https:\/\/conflansmontjoie.org\/index.php?rest_route=\/wp\/v2\/types\/page"}],"author":[{"embeddable":true,"href":"https:\/\/conflansmontjoie.org\/index.php?rest_route=\/wp\/v2\/users\/1"}],"replies":[{"embeddable":true,"href":"https:\/\/conflansmontjoie.org\/index.php?rest_route=%2Fwp%2Fv2%2Fcomments&post=3553"}],"version-history":[{"count":7,"href":"https:\/\/conflansmontjoie.org\/index.php?rest_route=\/wp\/v2\/pages\/3553\/revisions"}],"predecessor-version":[{"id":3562,"href":"https:\/\/conflansmontjoie.org\/index.php?rest_route=\/wp\/v2\/pages\/3553\/revisions\/3562"}],"wp:attachment":[{"href":"https:\/\/conflansmontjoie.org\/index.php?rest_route=%2Fwp%2Fv2%2Fmedia&parent=3553"}],"curies":[{"name":"wp","href":"https:\/\/api.w.org\/{rel}","templated":true}]}}