{"id":3065,"date":"2025-03-11T23:20:25","date_gmt":"2025-03-11T22:20:25","guid":{"rendered":"https:\/\/conflansmontjoie.org\/?page_id=3065"},"modified":"2025-03-13T17:42:31","modified_gmt":"2025-03-13T16:42:31","slug":"cryostat","status":"publish","type":"page","link":"https:\/\/conflansmontjoie.org\/?page_id=3065","title":{"rendered":"Participation \u00e0 l&rsquo;achat d&rsquo;un Cryostat"},"content":{"rendered":"\t\t<div data-elementor-type=\"wp-page\" data-elementor-id=\"3065\" class=\"elementor elementor-3065\">\n\t\t\t\t<div class=\"elementor-element elementor-element-ce63baf e-flex e-con-boxed e-con e-parent\" data-id=\"ce63baf\" data-element_type=\"container\" data-e-type=\"container\">\n\t\t\t\t\t<div class=\"e-con-inner\">\n\t\t\t\t<div class=\"elementor-element elementor-element-ad012f3 elementor-widget elementor-widget-text-editor\" data-id=\"ad012f3\" data-element_type=\"widget\" data-e-type=\"widget\" data-widget_type=\"text-editor.default\">\n\t\t\t\t<div class=\"elementor-widget-container\">\n\t\t\t\t\t\t\t\t\t<p><br \/><span style=\"color: #000000;\">Participation du Lions Club au financement d&rsquo;un CRYOSTAT <\/span><span style=\"color: #000000;\">pour la Fondation Voir et Entendre \u00ab M\u2019EYES CBEL \u00bb <\/span><span style=\"color: #000000;\">CANNE BLANCHE \u00c9LECTRONIQUE LIONS DE FRANCE.<\/span><\/p><p class=\"Default\"><span style=\"font-size: 11.5pt; color: #1f2021;\">Un <b>cryostat <\/b>c&rsquo;est quoi ? : <\/span><\/p><p class=\"Default\"><span style=\"font-size: 10.0pt; color: #1f2021;\">&#8211; <\/span><span style=\"font-size: 11.5pt; color: #1f2021;\">un instrument de <\/span><span style=\"font-size: 11.5pt; color: #0545ac;\">physique <\/span><span style=\"font-size: 11.5pt; color: #1f2021;\">permettant d\u2019obtenir des <\/span><span style=\"font-size: 11.5pt; color: #0545ac;\">temp\u00e9ratures cryog\u00e9niques <\/span><span style=\"font-size: 11.5pt; color: #1f2021;\">par l\u2019utilisation de l&rsquo;inertie thermique d&rsquo;un liquide tr\u00e8s froid. <\/span><\/p><p class=\"Default\"><span style=\"font-size: 11.5pt;\">\u00a0&#8211;<\/span> <span style=\"font-size: 11.5pt; color: #1f2021;\">un appareil de laboratoire proche de la salle d&rsquo;op\u00e9ration : une enceinte r\u00e9frig\u00e9r\u00e9e destin\u00e9e \u00e0 refroidir rapidement un \u00e9l\u00e9ment de tissu humain issu d&rsquo;une <\/span><span style=\"font-size: 11.5pt; color: #0545ac;\">biopsie <\/span><span style=\"font-size: 11.5pt; color: #1f2021;\">dans le but de l&rsquo;examiner sans d\u00e9lai important en pr\u00e9parant une coupe au <\/span><span style=\"font-size: 11.5pt; color: #0545ac;\">microtome <\/span><span style=\"font-size: 11.5pt; color: #1f2021;\">pour l&rsquo;examen au <\/span><span style=\"font-size: 11.5pt; color: #0545ac;\">microscope <\/span><span style=\"font-size: 11.5pt; color: #1f2021;\">pour la continuation de l&rsquo;op\u00e9ration<\/span><\/p><p><img fetchpriority=\"high\" decoding=\"async\" class=\"alignnone size-medium wp-image-3067\" src=\"http:\/\/conflansmontjoie.org\/wp-content\/uploads\/2025\/03\/Chryostat-300x179.png\" alt=\"\" width=\"300\" height=\"179\" srcset=\"https:\/\/conflansmontjoie.org\/wp-content\/uploads\/2025\/03\/Chryostat-300x179.png 300w, https:\/\/conflansmontjoie.org\/wp-content\/uploads\/2025\/03\/Chryostat.png 695w\" sizes=\"(max-width: 300px) 100vw, 300px\" \/><\/p>\t\t\t\t\t\t\t\t<\/div>\n\t\t\t\t<\/div>\n\t\t\t\t\t<\/div>\n\t\t\t\t<\/div>\n\t\t\t\t<\/div>\n\t\t","protected":false},"excerpt":{"rendered":"<p>Participation du Lions Club au financement d&rsquo;un CRYOSTAT pour la Fondation Voir et Entendre \u00ab M\u2019EYES CBEL \u00bb CANNE BLANCHE \u00c9LECTRONIQUE LIONS DE FRANCE. Un cryostat c&rsquo;est quoi ? : &#8211; un instrument de physique permettant d\u2019obtenir des temp\u00e9ratures cryog\u00e9niques par l\u2019utilisation de l&rsquo;inertie thermique d&rsquo;un liquide tr\u00e8s froid. \u00a0&#8211; un appareil de laboratoire proche de la salle d&rsquo;op\u00e9ration : une enceinte r\u00e9frig\u00e9r\u00e9e destin\u00e9e \u00e0 refroidir rapidement un \u00e9l\u00e9ment de tissu humain issu d&rsquo;une biopsie dans le but de l&rsquo;examiner sans d\u00e9lai important en pr\u00e9parant une coupe au microtome pour l&rsquo;examen au microscope pour la continuation de l&rsquo;op\u00e9ration<\/p>\n","protected":false},"author":1,"featured_media":0,"parent":0,"menu_order":0,"comment_status":"closed","ping_status":"closed","template":"","meta":{"footnotes":""},"class_list":["post-3065","page","type-page","status-publish","hentry"],"_links":{"self":[{"href":"https:\/\/conflansmontjoie.org\/index.php?rest_route=\/wp\/v2\/pages\/3065","targetHints":{"allow":["GET"]}}],"collection":[{"href":"https:\/\/conflansmontjoie.org\/index.php?rest_route=\/wp\/v2\/pages"}],"about":[{"href":"https:\/\/conflansmontjoie.org\/index.php?rest_route=\/wp\/v2\/types\/page"}],"author":[{"embeddable":true,"href":"https:\/\/conflansmontjoie.org\/index.php?rest_route=\/wp\/v2\/users\/1"}],"replies":[{"embeddable":true,"href":"https:\/\/conflansmontjoie.org\/index.php?rest_route=%2Fwp%2Fv2%2Fcomments&post=3065"}],"version-history":[{"count":12,"href":"https:\/\/conflansmontjoie.org\/index.php?rest_route=\/wp\/v2\/pages\/3065\/revisions"}],"predecessor-version":[{"id":3419,"href":"https:\/\/conflansmontjoie.org\/index.php?rest_route=\/wp\/v2\/pages\/3065\/revisions\/3419"}],"wp:attachment":[{"href":"https:\/\/conflansmontjoie.org\/index.php?rest_route=%2Fwp%2Fv2%2Fmedia&parent=3065"}],"curies":[{"name":"wp","href":"https:\/\/api.w.org\/{rel}","templated":true}]}}