{"id":2824,"date":"2025-03-09T19:44:36","date_gmt":"2025-03-09T18:44:36","guid":{"rendered":"https:\/\/conflansmontjoie.org\/?page_id=2824"},"modified":"2025-03-09T21:03:13","modified_gmt":"2025-03-09T20:03:13","slug":"vpa","status":"publish","type":"page","link":"https:\/\/conflansmontjoie.org\/?page_id=2824","title":{"rendered":"VPA &#8211; Vacances Plein Air"},"content":{"rendered":"\t\t<div data-elementor-type=\"wp-page\" data-elementor-id=\"2824\" class=\"elementor elementor-2824\">\n\t\t\t\t<div class=\"elementor-element elementor-element-178b981 e-flex e-con-boxed e-con e-parent\" data-id=\"178b981\" data-element_type=\"container\" data-e-type=\"container\">\n\t\t\t\t\t<div class=\"e-con-inner\">\n\t\t\t\t<div class=\"elementor-element elementor-element-9a30836 elementor-widget elementor-widget-image\" data-id=\"9a30836\" data-element_type=\"widget\" data-e-type=\"widget\" data-widget_type=\"image.default\">\n\t\t\t\t<div class=\"elementor-widget-container\">\n\t\t\t\t\t\t\t\t\t\t\t\t\t\t\t<img decoding=\"async\" width=\"150\" height=\"150\" src=\"https:\/\/conflansmontjoie.org\/wp-content\/uploads\/2025\/03\/471401614_8892809347451082_8133689136085720917_n-150x150.jpg\" class=\"attachment-thumbnail size-thumbnail wp-image-2826\" alt=\"\" srcset=\"https:\/\/conflansmontjoie.org\/wp-content\/uploads\/2025\/03\/471401614_8892809347451082_8133689136085720917_n-150x150.jpg 150w, https:\/\/conflansmontjoie.org\/wp-content\/uploads\/2025\/03\/471401614_8892809347451082_8133689136085720917_n-300x300.jpg 300w, https:\/\/conflansmontjoie.org\/wp-content\/uploads\/2025\/03\/471401614_8892809347451082_8133689136085720917_n-75x75.jpg 75w, https:\/\/conflansmontjoie.org\/wp-content\/uploads\/2025\/03\/471401614_8892809347451082_8133689136085720917_n.jpg 412w\" sizes=\"(max-width: 150px) 100vw, 150px\" \/>\t\t\t\t\t\t\t\t\t\t\t\t\t\t\t<\/div>\n\t\t\t\t<\/div>\n\t\t\t\t\t<\/div>\n\t\t\t\t<\/div>\n\t\t<div class=\"elementor-element elementor-element-7df7e2b e-flex e-con-boxed e-con e-parent\" data-id=\"7df7e2b\" data-element_type=\"container\" data-e-type=\"container\">\n\t\t\t\t\t<div class=\"e-con-inner\">\n\t\t\t\t<div class=\"elementor-element elementor-element-fd46cf1 elementor-widget elementor-widget-text-editor\" data-id=\"fd46cf1\" data-element_type=\"widget\" data-e-type=\"widget\" data-widget_type=\"text-editor.default\">\n\t\t\t\t<div class=\"elementor-widget-container\">\n\t\t\t\t\t\t\t\t\t<p>Depuis plusieurs ann\u00e9es, le club offre des s\u00e9jours l&rsquo;\u00e9t\u00e9 \u00e0 des enfants de 7 \u00e0 12 ans, de familles modestes, 2 semaines de vacances de r\u00eave au grand air au centre Kerber du Conquet.<\/p><p>Il s\u2019agit de s\u00e9jours d\u2019activit\u00e9s de bord de mer et de d\u00e9couvertes organis\u00e9s autour d\u2019un projet p\u00e9dagogique entrant dans le champ des grandes actions du LIONS Club en faveur de la jeunesse.<\/p><p><img fetchpriority=\"high\" decoding=\"async\" class=\"alignnone wp-image-2827 size-large\" src=\"http:\/\/conflansmontjoie.org\/wp-content\/uploads\/2025\/03\/471387641_8892791577452859_6296622014187703241_n-1024x768.jpg\" alt=\"\" width=\"960\" height=\"720\" srcset=\"https:\/\/conflansmontjoie.org\/wp-content\/uploads\/2025\/03\/471387641_8892791577452859_6296622014187703241_n-1024x768.jpg 1024w, https:\/\/conflansmontjoie.org\/wp-content\/uploads\/2025\/03\/471387641_8892791577452859_6296622014187703241_n-300x225.jpg 300w, https:\/\/conflansmontjoie.org\/wp-content\/uploads\/2025\/03\/471387641_8892791577452859_6296622014187703241_n-768x576.jpg 768w, https:\/\/conflansmontjoie.org\/wp-content\/uploads\/2025\/03\/471387641_8892791577452859_6296622014187703241_n-1140x855.jpg 1140w, https:\/\/conflansmontjoie.org\/wp-content\/uploads\/2025\/03\/471387641_8892791577452859_6296622014187703241_n.jpg 1480w\" sizes=\"(max-width: 960px) 100vw, 960px\" \/><\/p><div>L\u2019action \u00e9ducative de l\u2019Association Vacances Loisirs Kerber se d\u00e9cline en cinq intentions majeures, v\u00e9ritable ossature de l\u2019ensemble de nos s\u00e9jours :<\/div><ul><li><strong>Pour une v\u00e9ritable diversit\u00e9 d\u2019activit\u00e9<\/strong>, en affirmant nos diff\u00e9rences en privil\u00e9giant les activit\u00e9s li\u00e9es \u00e0 la mer\u2026la d\u00e9couverte du littoral marin avec la faune et la flore\u2026 les sports nautiques comme le kayak de mer, le surf ou le paddle\u2026la plage avec la baignade et les jeux sur le sable. Mais les activit\u00e9s propos\u00e9es doivent \u00eatre pluriel et permettent \u00e0 chacun de s\u2019exprimer, de se d\u00e9couvrir et de se divertir.<\/li><li><strong>Pour un vivre ensemble harmonieux<\/strong>. La vie en collectivit\u00e9 est, pour l\u2019enfant, facteur d\u2019enrichissement. Au contact des autres, il construit et int\u00e8gre les r\u00e8gles n\u00e9cessaires au \u00ab Vivre ensemble \u00bb.<\/li><li><strong>Pour l\u2019apprentissage de l\u2019autonomie<\/strong>. Les vacances sont une occasion de prendre le temps de mettre les enfants en situation d\u2019apprentissage adapt\u00e9e \u00e0 leur \u00e2ge et ce \u00e0 chaque instant du s\u00e9jour, avec ou sans adulte, mais toujours avec le respect d\u2019autrui.<\/li><li><strong>Pour des enfants acteurs de leurs vacances<\/strong>. Les s\u00e9jours n\u2019ont pas vocation \u00e0 contraindre les enfants \u00e0 un programme d\u2019activit\u00e9s, mais il est indispensable pour le bon d\u00e9roulement des s\u00e9jours. L\u2019\u00e9quipe dirigeante a aussi le devoir de d\u00e9nicher et de promouvoir les envies et les projets des enfants et de les accompagner dans leur r\u00e9alisation.<\/li><li><strong>Pour une d\u00e9marche durable et s\u00e9curitaire<\/strong>. Consciente de sa responsabilit\u00e9 envers les g\u00e9n\u00e9rations futures, l\u2019Association Kerber, promeut des actions d\u2019\u00e9ducation \u00e0 l\u2019environnement pour garantir son respect et sa valorisation. Mais aussi des actions sur la s\u00e9curit\u00e9 en milieu marin.<\/li><\/ul><p><strong>NOTRE OBJECTIF<\/strong> : Faire passer 2 semaines de vacances agr\u00e9ables en bord de mer \u00e0 des enfants qui en ont besoin<\/p><p>\u00a0<\/p>\t\t\t\t\t\t\t\t<\/div>\n\t\t\t\t<\/div>\n\t\t\t\t\t<\/div>\n\t\t\t\t<\/div>\n\t\t\t\t<\/div>\n\t\t","protected":false},"excerpt":{"rendered":"<p>Depuis plusieurs ann\u00e9es, le club offre des s\u00e9jours l&rsquo;\u00e9t\u00e9 \u00e0 des enfants de 7 \u00e0 12 ans, de familles modestes, 2 semaines de vacances de r\u00eave au grand air au centre Kerber du Conquet. Il s\u2019agit de s\u00e9jours d\u2019activit\u00e9s de bord de mer et de d\u00e9couvertes organis\u00e9s autour d\u2019un projet p\u00e9dagogique entrant dans le champ des grandes actions du LIONS Club en faveur de la jeunesse. L\u2019action \u00e9ducative de l\u2019Association Vacances Loisirs Kerber se d\u00e9cline en cinq intentions majeures, v\u00e9ritable ossature de l\u2019ensemble de nos s\u00e9jours : Pour une v\u00e9ritable diversit\u00e9 d\u2019activit\u00e9, en affirmant nos diff\u00e9rences en privil\u00e9giant les activit\u00e9s li\u00e9es \u00e0 la mer\u2026la d\u00e9couverte du littoral marin avec la faune et la flore\u2026 les sports nautiques comme le kayak de mer, le surf ou le paddle\u2026la plage avec la baignade et les jeux sur le sable. Mais les activit\u00e9s propos\u00e9es doivent \u00eatre pluriel et permettent \u00e0 chacun de s\u2019exprimer, de se d\u00e9couvrir et de se divertir. Pour un vivre ensemble harmonieux. La vie en collectivit\u00e9 est, pour l\u2019enfant, facteur d\u2019enrichissement. Au contact des autres, il construit et int\u00e8gre les r\u00e8gles n\u00e9cessaires au \u00ab Vivre ensemble \u00bb. Pour l\u2019apprentissage de l\u2019autonomie. Les vacances sont une occasion de prendre le temps de mettre les enfants en situation d\u2019apprentissage adapt\u00e9e \u00e0 leur \u00e2ge et ce \u00e0 chaque instant du s\u00e9jour, avec ou sans adulte, mais toujours avec le respect d\u2019autrui. Pour des enfants acteurs de leurs vacances. Les s\u00e9jours n\u2019ont pas vocation \u00e0 contraindre les enfants \u00e0 un programme d\u2019activit\u00e9s, mais il est indispensable pour le bon d\u00e9roulement des s\u00e9jours. L\u2019\u00e9quipe dirigeante a aussi le devoir de d\u00e9nicher et de promouvoir les envies et les projets des enfants et de les accompagner dans leur r\u00e9alisation. Pour une d\u00e9marche durable et s\u00e9curitaire. Consciente de sa responsabilit\u00e9 envers les g\u00e9n\u00e9rations futures, l\u2019Association Kerber, promeut des actions d\u2019\u00e9ducation \u00e0 l\u2019environnement pour garantir son respect et sa valorisation. Mais aussi des actions sur la s\u00e9curit\u00e9 en milieu marin. NOTRE OBJECTIF : Faire passer 2 semaines de vacances agr\u00e9ables en bord de mer \u00e0 des enfants qui en ont besoin \u00a0<\/p>\n","protected":false},"author":1,"featured_media":0,"parent":0,"menu_order":0,"comment_status":"closed","ping_status":"closed","template":"","meta":{"footnotes":""},"class_list":["post-2824","page","type-page","status-publish","hentry"],"_links":{"self":[{"href":"https:\/\/conflansmontjoie.org\/index.php?rest_route=\/wp\/v2\/pages\/2824","targetHints":{"allow":["GET"]}}],"collection":[{"href":"https:\/\/conflansmontjoie.org\/index.php?rest_route=\/wp\/v2\/pages"}],"about":[{"href":"https:\/\/conflansmontjoie.org\/index.php?rest_route=\/wp\/v2\/types\/page"}],"author":[{"embeddable":true,"href":"https:\/\/conflansmontjoie.org\/index.php?rest_route=\/wp\/v2\/users\/1"}],"replies":[{"embeddable":true,"href":"https:\/\/conflansmontjoie.org\/index.php?rest_route=%2Fwp%2Fv2%2Fcomments&post=2824"}],"version-history":[{"count":11,"href":"https:\/\/conflansmontjoie.org\/index.php?rest_route=\/wp\/v2\/pages\/2824\/revisions"}],"predecessor-version":[{"id":2848,"href":"https:\/\/conflansmontjoie.org\/index.php?rest_route=\/wp\/v2\/pages\/2824\/revisions\/2848"}],"wp:attachment":[{"href":"https:\/\/conflansmontjoie.org\/index.php?rest_route=%2Fwp%2Fv2%2Fmedia&parent=2824"}],"curies":[{"name":"wp","href":"https:\/\/api.w.org\/{rel}","templated":true}]}}