{"id":2801,"date":"2025-03-09T19:09:51","date_gmt":"2025-03-09T18:09:51","guid":{"rendered":"https:\/\/conflansmontjoie.org\/?page_id=2801"},"modified":"2025-03-13T17:48:11","modified_gmt":"2025-03-13T16:48:11","slug":"petite-boite-pour-la-vie","status":"publish","type":"page","link":"https:\/\/conflansmontjoie.org\/?page_id=2801","title":{"rendered":"Petite boite pour la vie"},"content":{"rendered":"\t\t<div data-elementor-type=\"wp-page\" data-elementor-id=\"2801\" class=\"elementor elementor-2801\">\n\t\t\t\t<div class=\"elementor-element elementor-element-6dfefb7 e-flex e-con-boxed e-con e-parent\" data-id=\"6dfefb7\" data-element_type=\"container\" data-e-type=\"container\">\n\t\t\t\t\t<div class=\"e-con-inner\">\n\t\t\t\t<div class=\"elementor-element elementor-element-d446f36 elementor-widget elementor-widget-text-editor\" data-id=\"d446f36\" data-element_type=\"widget\" data-e-type=\"widget\" data-widget_type=\"text-editor.default\">\n\t\t\t\t<div class=\"elementor-widget-container\">\n\t\t\t\t\t\t\t\t\t<p><img fetchpriority=\"high\" decoding=\"async\" class=\"size-medium wp-image-2803 aligncenter\" src=\"http:\/\/conflansmontjoie.org\/wp-content\/uploads\/2025\/03\/DSC_4799-300x169.jpg\" alt=\"\" width=\"300\" height=\"169\" srcset=\"https:\/\/conflansmontjoie.org\/wp-content\/uploads\/2025\/03\/DSC_4799-300x169.jpg 300w, https:\/\/conflansmontjoie.org\/wp-content\/uploads\/2025\/03\/DSC_4799-1024x576.jpg 1024w, https:\/\/conflansmontjoie.org\/wp-content\/uploads\/2025\/03\/DSC_4799-768x432.jpg 768w, https:\/\/conflansmontjoie.org\/wp-content\/uploads\/2025\/03\/DSC_4799-1536x864.jpg 1536w, https:\/\/conflansmontjoie.org\/wp-content\/uploads\/2025\/03\/DSC_4799-2048x1152.jpg 2048w, https:\/\/conflansmontjoie.org\/wp-content\/uploads\/2025\/03\/DSC_4799-1140x641.jpg 1140w\" sizes=\"(max-width: 300px) 100vw, 300px\" \/><\/p><p>Sur l&rsquo;initiative du Club, les villes de <strong>Carri\u00e8res-sous-Poissy, Conflans, Maurecourt, Andr\u00e9sy et Chanteloup-les-Vignes<\/strong> ont distribu\u00e9 aux personnes isol\u00e9es des petites boites pour la vie financ\u00e9es par notre club. Ces personnes peuvent \u00eatre d\u00e9sormais secourues beaucoup plus vite gr\u00e2ce \u00e0 ces boites par les pompiers partenaires de ce dispositif.<\/p><p><img decoding=\"async\" class=\"alignnone wp-image-2806 size-full\" src=\"http:\/\/conflansmontjoie.org\/wp-content\/uploads\/2025\/03\/presentation.jpg\" alt=\"\" width=\"581\" height=\"498\" srcset=\"https:\/\/conflansmontjoie.org\/wp-content\/uploads\/2025\/03\/presentation.jpg 581w, https:\/\/conflansmontjoie.org\/wp-content\/uploads\/2025\/03\/presentation-300x257.jpg 300w\" sizes=\"(max-width: 581px) 100vw, 581px\" \/><\/p><p>Si vous \u00eates isol\u00e9, ou si vous avez un parent isol\u00e9 ne b\u00e9n\u00e9ficiant pas de ce dispositif, contactez le CCAS de votre commune (communes concern\u00e9es nomm\u00e9es ci-dessus).<\/p>\t\t\t\t\t\t\t\t<\/div>\n\t\t\t\t<\/div>\n\t\t\t\t\t<\/div>\n\t\t\t\t<\/div>\n\t\t\t\t<\/div>\n\t\t","protected":false},"excerpt":{"rendered":"<p>Sur l&rsquo;initiative du Club, les villes de Carri\u00e8res-sous-Poissy, Conflans, Maurecourt, Andr\u00e9sy et Chanteloup-les-Vignes ont distribu\u00e9 aux personnes isol\u00e9es des petites boites pour la vie financ\u00e9es par notre club. Ces personnes peuvent \u00eatre d\u00e9sormais secourues beaucoup plus vite gr\u00e2ce \u00e0 ces boites par les pompiers partenaires de ce dispositif. Si vous \u00eates isol\u00e9, ou si vous avez un parent isol\u00e9 ne b\u00e9n\u00e9ficiant pas de ce dispositif, contactez le CCAS de votre commune (communes concern\u00e9es nomm\u00e9es ci-dessus).<\/p>\n","protected":false},"author":1,"featured_media":0,"parent":0,"menu_order":0,"comment_status":"closed","ping_status":"closed","template":"","meta":{"footnotes":""},"class_list":["post-2801","page","type-page","status-publish","hentry"],"_links":{"self":[{"href":"https:\/\/conflansmontjoie.org\/index.php?rest_route=\/wp\/v2\/pages\/2801","targetHints":{"allow":["GET"]}}],"collection":[{"href":"https:\/\/conflansmontjoie.org\/index.php?rest_route=\/wp\/v2\/pages"}],"about":[{"href":"https:\/\/conflansmontjoie.org\/index.php?rest_route=\/wp\/v2\/types\/page"}],"author":[{"embeddable":true,"href":"https:\/\/conflansmontjoie.org\/index.php?rest_route=\/wp\/v2\/users\/1"}],"replies":[{"embeddable":true,"href":"https:\/\/conflansmontjoie.org\/index.php?rest_route=%2Fwp%2Fv2%2Fcomments&post=2801"}],"version-history":[{"count":40,"href":"https:\/\/conflansmontjoie.org\/index.php?rest_route=\/wp\/v2\/pages\/2801\/revisions"}],"predecessor-version":[{"id":3440,"href":"https:\/\/conflansmontjoie.org\/index.php?rest_route=\/wp\/v2\/pages\/2801\/revisions\/3440"}],"wp:attachment":[{"href":"https:\/\/conflansmontjoie.org\/index.php?rest_route=%2Fwp%2Fv2%2Fmedia&parent=2801"}],"curies":[{"name":"wp","href":"https:\/\/api.w.org\/{rel}","templated":true}]}}