{"id":271,"date":"2024-08-07T23:43:21","date_gmt":"2024-08-07T21:43:21","guid":{"rendered":"https:\/\/conflansmontjoie.org\/?page_id=271"},"modified":"2025-08-01T11:56:08","modified_gmt":"2025-08-01T09:56:08","slug":"les-membres","status":"publish","type":"page","link":"https:\/\/conflansmontjoie.org\/?page_id=271","title":{"rendered":"Membres Melvin Jones"},"content":{"rendered":"\t\t<div data-elementor-type=\"wp-page\" data-elementor-id=\"271\" class=\"elementor elementor-271\">\n\t\t\t\t<div class=\"elementor-element elementor-element-ccd4a5d e-flex e-con-boxed e-con e-parent\" data-id=\"ccd4a5d\" data-element_type=\"container\" data-e-type=\"container\">\n\t\t\t\t\t<div class=\"e-con-inner\">\n\t\t\t\t<div class=\"elementor-element elementor-element-58e4a75 elementor-widget elementor-widget-image\" data-id=\"58e4a75\" data-element_type=\"widget\" data-e-type=\"widget\" data-widget_type=\"image.default\">\n\t\t\t\t<div class=\"elementor-widget-container\">\n\t\t\t\t\t\t\t\t\t\t\t\t\t\t\t<img decoding=\"async\" width=\"150\" height=\"150\" src=\"https:\/\/conflansmontjoie.org\/wp-content\/uploads\/2025\/03\/melvin-jones-1-150x150.jpg\" class=\"attachment-thumbnail size-thumbnail wp-image-1714\" alt=\"\" srcset=\"https:\/\/conflansmontjoie.org\/wp-content\/uploads\/2025\/03\/melvin-jones-1-150x150.jpg 150w, https:\/\/conflansmontjoie.org\/wp-content\/uploads\/2025\/03\/melvin-jones-1-300x300.jpg 300w, https:\/\/conflansmontjoie.org\/wp-content\/uploads\/2025\/03\/melvin-jones-1-75x75.jpg 75w\" sizes=\"(max-width: 150px) 100vw, 150px\" \/>\t\t\t\t\t\t\t\t\t\t\t\t\t\t\t<\/div>\n\t\t\t\t<\/div>\n\t\t\t\t\t<\/div>\n\t\t\t\t<\/div>\n\t\t<div class=\"elementor-element elementor-element-94b8d73 e-grid e-con-boxed e-con e-parent\" data-id=\"94b8d73\" data-element_type=\"container\" data-e-type=\"container\">\n\t\t\t\t\t<div class=\"e-con-inner\">\n\t\t\t\t<div class=\"elementor-element elementor-element-0914d09 elementor-widget elementor-widget-image\" data-id=\"0914d09\" data-element_type=\"widget\" data-e-type=\"widget\" data-widget_type=\"image.default\">\n\t\t\t\t<div class=\"elementor-widget-container\">\n\t\t\t\t\t\t\t\t\t\t\t\t<figure class=\"wp-caption\">\n\t\t\t\t\t\t\t\t\t\t<img decoding=\"async\" src=\"https:\/\/conflansmontjoie.org\/wp-content\/uploads\/2025\/07\/BERTRAND-OGEE.jpg\" title=\"BERTRAND OGEE\" alt=\"BERTRAND OGEE\" loading=\"lazy\" \/>\t\t\t\t\t\t\t\t\t\t\t<figcaption class=\"widget-image-caption wp-caption-text\">Bertrand Og\u00e9e<br>2014<br>Chef du protocole<br><img decoding=\"async\" src=\"http:\/\/conflansmontjoie.org\/wp-content\/uploads\/2024\/08\/cmj.webp\" width=\"10%\" height=\"10%\" \/><\/figcaption>\n\t\t\t\t\t\t\t\t\t\t<\/figure>\n\t\t\t\t\t\t\t\t\t<\/div>\n\t\t\t\t<\/div>\n\t\t\t\t<div class=\"elementor-element elementor-element-bac88ce elementor-widget elementor-widget-text-editor\" data-id=\"bac88ce\" data-element_type=\"widget\" data-e-type=\"widget\" data-widget_type=\"text-editor.default\">\n\t\t\t\t<div class=\"elementor-widget-container\">\n\t\t\t\t\t\t\t\t\t<p>Bertrand OGEE<\/p><p>2023<\/p>\t\t\t\t\t\t\t\t<\/div>\n\t\t\t\t<\/div>\n\t\t\t\t<div class=\"elementor-element elementor-element-40d1726 elementor-widget elementor-widget-image\" data-id=\"40d1726\" data-element_type=\"widget\" data-e-type=\"widget\" data-widget_type=\"image.default\">\n\t\t\t\t<div class=\"elementor-widget-container\">\n\t\t\t\t\t\t\t\t\t\t\t\t<figure class=\"wp-caption\">\n\t\t\t\t\t\t\t\t\t\t<img decoding=\"async\" width=\"96\" height=\"120\" src=\"https:\/\/conflansmontjoie.org\/wp-content\/uploads\/2025\/02\/Gaillard_Pierre.png\" class=\"attachment-large size-large wp-image-1170\" alt=\"\" \/>\t\t\t\t\t\t\t\t\t\t\t<figcaption class=\"widget-image-caption wp-caption-text\">Pierre Gaillard<br>1990<br><img decoding=\"async\" src=\"http:\/\/conflansmontjoie.org\/wp-content\/uploads\/2024\/08\/cmj.webp\" width=\"10%\" height=\"10%\" \/><\/figcaption>\n\t\t\t\t\t\t\t\t\t\t<\/figure>\n\t\t\t\t\t\t\t\t\t<\/div>\n\t\t\t\t<\/div>\n\t\t\t\t<div class=\"elementor-element elementor-element-31df075 elementor-widget elementor-widget-text-editor\" data-id=\"31df075\" data-element_type=\"widget\" data-e-type=\"widget\" data-widget_type=\"text-editor.default\">\n\t\t\t\t<div class=\"elementor-widget-container\">\n\t\t\t\t\t\t\t\t\t<p>Pierre GAILLARD<br \/>Membre fondateur<\/p><p>2023<\/p>\t\t\t\t\t\t\t\t<\/div>\n\t\t\t\t<\/div>\n\t\t<div class=\"elementor-element elementor-element-c318206 e-con-full e-flex e-con e-child\" data-id=\"c318206\" data-element_type=\"container\" data-e-type=\"container\">\n\t\t\t\t<div class=\"elementor-element elementor-element-9d4ef6b elementor-widget elementor-widget-image\" data-id=\"9d4ef6b\" data-element_type=\"widget\" data-e-type=\"widget\" data-widget_type=\"image.default\">\n\t\t\t\t<div class=\"elementor-widget-container\">\n\t\t\t\t\t\t\t\t\t\t\t\t<figure class=\"wp-caption\">\n\t\t\t\t\t\t\t\t\t\t<img decoding=\"async\" width=\"83\" height=\"118\" src=\"https:\/\/conflansmontjoie.org\/wp-content\/uploads\/2025\/02\/Buslon_Jean-Claude.png\" class=\"attachment-thumbnail size-thumbnail wp-image-1174\" alt=\"\" \/>\t\t\t\t\t\t\t\t\t\t\t<figcaption class=\"widget-image-caption wp-caption-text\">Jean-Claude Buslon<br>1990<br><img decoding=\"async\" src=\"http:\/\/conflansmontjoie.org\/wp-content\/uploads\/2024\/08\/cmj.webp\" width=\"10%\" height=\"10%\" \/><\/figcaption>\n\t\t\t\t\t\t\t\t\t\t<\/figure>\n\t\t\t\t\t\t\t\t\t<\/div>\n\t\t\t\t<\/div>\n\t\t\t\t<\/div>\n\t\t\t\t<div class=\"elementor-element elementor-element-dda7e3f elementor-widget elementor-widget-text-editor\" data-id=\"dda7e3f\" data-element_type=\"widget\" data-e-type=\"widget\" data-widget_type=\"text-editor.default\">\n\t\t\t\t<div class=\"elementor-widget-container\">\n\t\t\t\t\t\t\t\t\t<p>Jean-Claude BUSLON<\/p><p>2019<\/p>\t\t\t\t\t\t\t\t<\/div>\n\t\t\t\t<\/div>\n\t\t\t\t<div class=\"elementor-element elementor-element-140e624 elementor-widget elementor-widget-image\" data-id=\"140e624\" data-element_type=\"widget\" data-e-type=\"widget\" data-widget_type=\"image.default\">\n\t\t\t\t<div class=\"elementor-widget-container\">\n\t\t\t\t\t\t\t\t\t\t\t\t<figure class=\"wp-caption\">\n\t\t\t\t\t\t\t\t\t\t<img loading=\"lazy\" decoding=\"async\" width=\"960\" height=\"960\" src=\"https:\/\/conflansmontjoie.org\/wp-content\/uploads\/2025\/07\/DSC_0062-1024x1024.jpg\" class=\"attachment-large size-large wp-image-4223\" alt=\"\" srcset=\"https:\/\/conflansmontjoie.org\/wp-content\/uploads\/2025\/07\/DSC_0062-1024x1024.jpg 1024w, https:\/\/conflansmontjoie.org\/wp-content\/uploads\/2025\/07\/DSC_0062-300x300.jpg 300w, https:\/\/conflansmontjoie.org\/wp-content\/uploads\/2025\/07\/DSC_0062-150x150.jpg 150w, https:\/\/conflansmontjoie.org\/wp-content\/uploads\/2025\/07\/DSC_0062-768x768.jpg 768w, https:\/\/conflansmontjoie.org\/wp-content\/uploads\/2025\/07\/DSC_0062-1140x1140.jpg 1140w, https:\/\/conflansmontjoie.org\/wp-content\/uploads\/2025\/07\/DSC_0062-75x75.jpg 75w, https:\/\/conflansmontjoie.org\/wp-content\/uploads\/2025\/07\/DSC_0062.jpg 1347w\" sizes=\"(max-width: 960px) 100vw, 960px\" \/>\t\t\t\t\t\t\t\t\t\t\t<figcaption class=\"widget-image-caption wp-caption-text\">Joseph Cado<br>2011<br><img decoding=\"async\" src=\"http:\/\/conflansmontjoie.org\/wp-content\/uploads\/2024\/08\/cmj.webp\" width=\"10%\" height=\"10%\" \/><img decoding=\"async\" src=\"http:\/\/conflansmontjoie.org\/wp-content\/uploads\/2024\/08\/cmj.webp\" width=\"10%\" height=\"10%\" \/><\/figcaption>\n\t\t\t\t\t\t\t\t\t\t<\/figure>\n\t\t\t\t\t\t\t\t\t<\/div>\n\t\t\t\t<\/div>\n\t\t\t\t<div class=\"elementor-element elementor-element-4534a7a elementor-widget elementor-widget-text-editor\" data-id=\"4534a7a\" data-element_type=\"widget\" data-e-type=\"widget\" data-widget_type=\"text-editor.default\">\n\t\t\t\t<div class=\"elementor-widget-container\">\n\t\t\t\t\t\t\t\t\t<p>Joseph CADO<\/p><p>2022<\/p><p>2018<\/p>\t\t\t\t\t\t\t\t<\/div>\n\t\t\t\t<\/div>\n\t\t\t\t<div class=\"elementor-element elementor-element-c5d3273 elementor-widget__width-inherit elementor-widget elementor-widget-image\" data-id=\"c5d3273\" data-element_type=\"widget\" data-e-type=\"widget\" data-widget_type=\"image.default\">\n\t\t\t\t<div class=\"elementor-widget-container\">\n\t\t\t\t\t\t\t\t\t\t\t\t<figure class=\"wp-caption\">\n\t\t\t\t\t\t\t\t\t\t<img loading=\"lazy\" decoding=\"async\" width=\"237\" height=\"230\" src=\"https:\/\/conflansmontjoie.org\/wp-content\/uploads\/2025\/03\/JR.jpg\" class=\"attachment-large size-large wp-image-1412\" alt=\"\" \/>\t\t\t\t\t\t\t\t\t\t\t<figcaption class=\"widget-image-caption wp-caption-text\">Jean-Rapha\u00ebl Thierry-Forestier-Lambert<br>2013<br><img decoding=\"async\" src=\"http:\/\/conflansmontjoie.org\/wp-content\/uploads\/2024\/08\/cmj.webp\" width=\"10%\" height=\"10%\" \/><img decoding=\"async\" src=\"http:\/\/conflansmontjoie.org\/wp-content\/uploads\/2024\/08\/cmj.webp\" width=\"10%\" height=\"10%\" \/><\/figcaption>\n\t\t\t\t\t\t\t\t\t\t<\/figure>\n\t\t\t\t\t\t\t\t\t<\/div>\n\t\t\t\t<\/div>\n\t\t\t\t<div class=\"elementor-element elementor-element-3d1b98b elementor-widget elementor-widget-text-editor\" data-id=\"3d1b98b\" data-element_type=\"widget\" data-e-type=\"widget\" data-widget_type=\"text-editor.default\">\n\t\t\t\t<div class=\"elementor-widget-container\">\n\t\t\t\t\t\t\t\t\t<p>Jean-Rapha\u00ebl Thierry Lambert Forestier<\/p><p>2018<\/p><p>2017<\/p>\t\t\t\t\t\t\t\t<\/div>\n\t\t\t\t<\/div>\n\t\t\t\t<div class=\"elementor-element elementor-element-411a419 elementor-widget elementor-widget-image\" data-id=\"411a419\" data-element_type=\"widget\" data-e-type=\"widget\" data-widget_type=\"image.default\">\n\t\t\t\t<div class=\"elementor-widget-container\">\n\t\t\t\t\t\t\t\t\t\t\t\t<figure class=\"wp-caption\">\n\t\t\t\t\t\t\t\t\t\t<img loading=\"lazy\" decoding=\"async\" width=\"400\" height=\"400\" src=\"https:\/\/conflansmontjoie.org\/wp-content\/uploads\/2025\/07\/Claude-NEY_400x400.jpg\" class=\"attachment-large size-large wp-image-4091\" alt=\"\" srcset=\"https:\/\/conflansmontjoie.org\/wp-content\/uploads\/2025\/07\/Claude-NEY_400x400.jpg 400w, https:\/\/conflansmontjoie.org\/wp-content\/uploads\/2025\/07\/Claude-NEY_400x400-300x300.jpg 300w, https:\/\/conflansmontjoie.org\/wp-content\/uploads\/2025\/07\/Claude-NEY_400x400-150x150.jpg 150w, https:\/\/conflansmontjoie.org\/wp-content\/uploads\/2025\/07\/Claude-NEY_400x400-75x75.jpg 75w\" sizes=\"(max-width: 400px) 100vw, 400px\" \/>\t\t\t\t\t\t\t\t\t\t\t<figcaption class=\"widget-image-caption wp-caption-text\">Claude-Henri Ney<br>1991<br>Secr\u00e9taire<br><img decoding=\"async\" src=\"http:\/\/conflansmontjoie.org\/wp-content\/uploads\/2024\/08\/cmj.webp\" width=\"10%\" height=\"10%\" \/><\/figcaption>\n\t\t\t\t\t\t\t\t\t\t<\/figure>\n\t\t\t\t\t\t\t\t\t<\/div>\n\t\t\t\t<\/div>\n\t\t\t\t<div class=\"elementor-element elementor-element-fc2d953 elementor-widget elementor-widget-text-editor\" data-id=\"fc2d953\" data-element_type=\"widget\" data-e-type=\"widget\" data-widget_type=\"text-editor.default\">\n\t\t\t\t<div class=\"elementor-widget-container\">\n\t\t\t\t\t\t\t\t\t<p>Claude Ney<\/p><p>2015<\/p>\t\t\t\t\t\t\t\t<\/div>\n\t\t\t\t<\/div>\n\t\t\t\t<div class=\"elementor-element elementor-element-de50a14 elementor-widget elementor-widget-image\" data-id=\"de50a14\" data-element_type=\"widget\" data-e-type=\"widget\" data-widget_type=\"image.default\">\n\t\t\t\t<div class=\"elementor-widget-container\">\n\t\t\t\t\t\t\t\t\t\t\t\t<figure class=\"wp-caption\">\n\t\t\t\t\t\t\t\t\t\t<img loading=\"lazy\" decoding=\"async\" width=\"82\" height=\"106\" src=\"https:\/\/conflansmontjoie.org\/wp-content\/uploads\/2025\/02\/Esnault_Francois.png\" class=\"attachment-large size-large wp-image-1171\" alt=\"\" \/>\t\t\t\t\t\t\t\t\t\t\t<figcaption class=\"widget-image-caption wp-caption-text\">Fran\u00e7ois Esnault<br>1990<br><img decoding=\"async\" src=\"http:\/\/conflansmontjoie.org\/wp-content\/uploads\/2024\/08\/cmj.webp\" width=\"10%\" height=\"10%\" \/><\/figcaption>\n\t\t\t\t\t\t\t\t\t\t<\/figure>\n\t\t\t\t\t\t\t\t\t<\/div>\n\t\t\t\t<\/div>\n\t\t\t\t<div class=\"elementor-element elementor-element-b9e1521 elementor-widget elementor-widget-text-editor\" data-id=\"b9e1521\" data-element_type=\"widget\" data-e-type=\"widget\" data-widget_type=\"text-editor.default\">\n\t\t\t\t<div class=\"elementor-widget-container\">\n\t\t\t\t\t\t\t\t\t<p>Fran\u00e7ois ESNAULT<br \/>Membre Fondateur<\/p><p>201&#8230;<\/p>\t\t\t\t\t\t\t\t<\/div>\n\t\t\t\t<\/div>\n\t\t\t\t\t<\/div>\n\t\t\t\t<\/div>\n\t\t\t\t<\/div>\n\t\t","protected":false},"excerpt":{"rendered":"<p>Bertrand Og\u00e9e2014Chef du protocole Bertrand OGEE 2023 Pierre Gaillard1990 Pierre GAILLARDMembre fondateur 2023 Jean-Claude Buslon1990 Jean-Claude BUSLON 2019 Joseph Cado2011 Joseph CADO 2022 2018 Jean-Rapha\u00ebl Thierry-Forestier-Lambert2013 Jean-Rapha\u00ebl Thierry Lambert Forestier 2018 2017 Claude-Henri Ney1991Secr\u00e9taire Claude Ney 2015 Fran\u00e7ois Esnault1990 Fran\u00e7ois ESNAULTMembre Fondateur 201&#8230;<\/p>\n","protected":false},"author":1,"featured_media":0,"parent":248,"menu_order":1,"comment_status":"closed","ping_status":"closed","template":"","meta":{"footnotes":""},"class_list":["post-271","page","type-page","status-publish","hentry"],"_links":{"self":[{"href":"https:\/\/conflansmontjoie.org\/index.php?rest_route=\/wp\/v2\/pages\/271","targetHints":{"allow":["GET"]}}],"collection":[{"href":"https:\/\/conflansmontjoie.org\/index.php?rest_route=\/wp\/v2\/pages"}],"about":[{"href":"https:\/\/conflansmontjoie.org\/index.php?rest_route=\/wp\/v2\/types\/page"}],"author":[{"embeddable":true,"href":"https:\/\/conflansmontjoie.org\/index.php?rest_route=\/wp\/v2\/users\/1"}],"replies":[{"embeddable":true,"href":"https:\/\/conflansmontjoie.org\/index.php?rest_route=%2Fwp%2Fv2%2Fcomments&post=271"}],"version-history":[{"count":136,"href":"https:\/\/conflansmontjoie.org\/index.php?rest_route=\/wp\/v2\/pages\/271\/revisions"}],"predecessor-version":[{"id":4269,"href":"https:\/\/conflansmontjoie.org\/index.php?rest_route=\/wp\/v2\/pages\/271\/revisions\/4269"}],"up":[{"embeddable":true,"href":"https:\/\/conflansmontjoie.org\/index.php?rest_route=\/wp\/v2\/pages\/248"}],"wp:attachment":[{"href":"https:\/\/conflansmontjoie.org\/index.php?rest_route=%2Fwp%2Fv2%2Fmedia&parent=271"}],"curies":[{"name":"wp","href":"https:\/\/api.w.org\/{rel}","templated":true}]}}