{"id":2494,"date":"2025-03-07T19:02:15","date_gmt":"2025-03-07T18:02:15","guid":{"rendered":"https:\/\/conflansmontjoie.org\/?page_id=2494"},"modified":"2025-03-12T18:33:31","modified_gmt":"2025-03-12T17:33:31","slug":"audio-description","status":"publish","type":"page","link":"https:\/\/conflansmontjoie.org\/?page_id=2494","title":{"rendered":"\u00c9quipements pour mal voyants (Th\u00e9atre)"},"content":{"rendered":"\t\t<div data-elementor-type=\"wp-page\" data-elementor-id=\"2494\" class=\"elementor elementor-2494\">\n\t\t\t\t<div class=\"elementor-element elementor-element-73a39d2 e-flex e-con-boxed e-con e-parent\" data-id=\"73a39d2\" data-element_type=\"container\" data-e-type=\"container\">\n\t\t\t\t\t<div class=\"e-con-inner\">\n\t\t\t\t<div class=\"elementor-element elementor-element-bc426c0 elementor-widget elementor-widget-text-editor\" data-id=\"bc426c0\" data-element_type=\"widget\" data-e-type=\"widget\" data-widget_type=\"text-editor.default\">\n\t\t\t\t<div class=\"elementor-widget-container\">\n\t\t\t\t\t\t\t\t\t<p><span class=\"x193iq5w xeuugli x13faqbe x1vvkbs x1xmvt09 x1lliihq x1s928wv xhkezso x1gmr53x x1cpjm7i x1fgarty x1943h6x xudqn12 x3x7a5m x6prxxf xvq8zen xo1l8bm xzsf02u x1yc453h\" dir=\"auto\">Donation d\u2019\u00e9quipements de sonorisation pour malentendants et malvoyants du <span class=\"html-span xdj266r x11i5rnm xat24cr x1mh8g0r xexx8yu x4uap5 x18d9i69 xkhd6sd x1hl2dhg x16tdsg8 x1vvkbs\"><span class=\"xt0psk2\"><span class=\"xjp7ctv\"><span aria-describedby=\"\u00abr5qp\u00bb\">Lions Club Conflans Montjoie<\/span><\/span><\/span><\/span> en faveur du <strong><a href=\"https:\/\/www.theatre-simone-signoret.fr\/\">Th\u00e9\u00e2tre Simone Signoret<\/a>\u00a0<\/strong> Ces \u00e9quipements permettront de r\u00e9aliser des spectacles en audio-description, donnant ainsi acc\u00e8s au th\u00e9\u00e2tre \u00e0 tous les publics. <\/span>L&rsquo;\u00e9quipement a \u00e9t\u00e9 test\u00e9 par plusieurs malvoyant(e)s ainsi que deux membres du Club, lors de la pi\u00e8ce de th\u00e9\u00e2tre \u00ab\u00a0Dolores\u00a0\u00bb le 11 mars dernier.<\/p><p>\u00a0<\/p>\t\t\t\t\t\t\t\t<\/div>\n\t\t\t\t<\/div>\n\t\t\t\t<div class=\"elementor-element elementor-element-9666e64 elementor-widget elementor-widget-image\" data-id=\"9666e64\" data-element_type=\"widget\" data-e-type=\"widget\" data-widget_type=\"image.default\">\n\t\t\t\t<div class=\"elementor-widget-container\">\n\t\t\t\t\t\t\t\t\t\t\t\t\t\t\t<img fetchpriority=\"high\" decoding=\"async\" width=\"960\" height=\"720\" src=\"https:\/\/conflansmontjoie.org\/wp-content\/uploads\/2025\/03\/Casque-audio-1024x768.jpg\" class=\"attachment-large size-large wp-image-1705\" alt=\"\" srcset=\"https:\/\/conflansmontjoie.org\/wp-content\/uploads\/2025\/03\/Casque-audio-1024x768.jpg 1024w, https:\/\/conflansmontjoie.org\/wp-content\/uploads\/2025\/03\/Casque-audio-300x225.jpg 300w, https:\/\/conflansmontjoie.org\/wp-content\/uploads\/2025\/03\/Casque-audio-768x576.jpg 768w, https:\/\/conflansmontjoie.org\/wp-content\/uploads\/2025\/03\/Casque-audio-1140x855.jpg 1140w, https:\/\/conflansmontjoie.org\/wp-content\/uploads\/2025\/03\/Casque-audio.jpg 1223w\" sizes=\"(max-width: 960px) 100vw, 960px\" \/>\t\t\t\t\t\t\t\t\t\t\t\t\t\t\t<\/div>\n\t\t\t\t<\/div>\n\t\t\t\t\t<\/div>\n\t\t\t\t<\/div>\n\t\t\t\t<\/div>\n\t\t","protected":false},"excerpt":{"rendered":"<p>Donation d\u2019\u00e9quipements de sonorisation pour malentendants et malvoyants du Lions Club Conflans Montjoie en faveur du Th\u00e9\u00e2tre Simone Signoret\u00a0 Ces \u00e9quipements permettront de r\u00e9aliser des spectacles en audio-description, donnant ainsi acc\u00e8s au th\u00e9\u00e2tre \u00e0 tous les publics. L&rsquo;\u00e9quipement a \u00e9t\u00e9 test\u00e9 par plusieurs malvoyant(e)s ainsi que deux membres du Club, lors de la pi\u00e8ce de th\u00e9\u00e2tre \u00ab\u00a0Dolores\u00a0\u00bb le 11 mars dernier. \u00a0<\/p>\n","protected":false},"author":1,"featured_media":0,"parent":0,"menu_order":0,"comment_status":"closed","ping_status":"closed","template":"","meta":{"footnotes":""},"class_list":["post-2494","page","type-page","status-publish","hentry"],"_links":{"self":[{"href":"https:\/\/conflansmontjoie.org\/index.php?rest_route=\/wp\/v2\/pages\/2494","targetHints":{"allow":["GET"]}}],"collection":[{"href":"https:\/\/conflansmontjoie.org\/index.php?rest_route=\/wp\/v2\/pages"}],"about":[{"href":"https:\/\/conflansmontjoie.org\/index.php?rest_route=\/wp\/v2\/types\/page"}],"author":[{"embeddable":true,"href":"https:\/\/conflansmontjoie.org\/index.php?rest_route=\/wp\/v2\/users\/1"}],"replies":[{"embeddable":true,"href":"https:\/\/conflansmontjoie.org\/index.php?rest_route=%2Fwp%2Fv2%2Fcomments&post=2494"}],"version-history":[{"count":20,"href":"https:\/\/conflansmontjoie.org\/index.php?rest_route=\/wp\/v2\/pages\/2494\/revisions"}],"predecessor-version":[{"id":3351,"href":"https:\/\/conflansmontjoie.org\/index.php?rest_route=\/wp\/v2\/pages\/2494\/revisions\/3351"}],"wp:attachment":[{"href":"https:\/\/conflansmontjoie.org\/index.php?rest_route=%2Fwp%2Fv2%2Fmedia&parent=2494"}],"curies":[{"name":"wp","href":"https:\/\/api.w.org\/{rel}","templated":true}]}}