{"id":2445,"date":"2025-03-07T11:41:06","date_gmt":"2025-03-07T10:41:06","guid":{"rendered":"https:\/\/conflansmontjoie.org\/?page_id=2445"},"modified":"2025-03-19T11:21:26","modified_gmt":"2025-03-19T10:21:26","slug":"aides-aux-victimes-de-catastrophes-naturelle","status":"publish","type":"page","link":"https:\/\/conflansmontjoie.org\/?page_id=2445","title":{"rendered":"Catastrophes naturelles"},"content":{"rendered":"\t\t<div data-elementor-type=\"wp-page\" data-elementor-id=\"2445\" class=\"elementor elementor-2445\">\n\t\t\t\t<div class=\"elementor-element elementor-element-58a50c8 e-flex e-con-boxed e-con e-parent\" data-id=\"58a50c8\" data-element_type=\"container\" data-e-type=\"container\">\n\t\t\t\t\t<div class=\"e-con-inner\">\n\t\t\t\t<div class=\"elementor-element elementor-element-595b32b elementor-widget elementor-widget-image\" data-id=\"595b32b\" data-element_type=\"widget\" data-e-type=\"widget\" data-widget_type=\"image.default\">\n\t\t\t\t<div class=\"elementor-widget-container\">\n\t\t\t\t\t\t\t\t\t\t\t\t\t\t\t<img decoding=\"async\" width=\"150\" height=\"150\" src=\"https:\/\/conflansmontjoie.org\/wp-content\/uploads\/2025\/03\/LCIF-Icon-Disaster-Relief-150x150.png\" class=\"attachment-thumbnail size-thumbnail wp-image-1864\" alt=\"\" srcset=\"https:\/\/conflansmontjoie.org\/wp-content\/uploads\/2025\/03\/LCIF-Icon-Disaster-Relief-150x150.png 150w, https:\/\/conflansmontjoie.org\/wp-content\/uploads\/2025\/03\/LCIF-Icon-Disaster-Relief-300x300.png 300w, https:\/\/conflansmontjoie.org\/wp-content\/uploads\/2025\/03\/LCIF-Icon-Disaster-Relief-75x75.png 75w\" sizes=\"(max-width: 150px) 100vw, 150px\" \/>\t\t\t\t\t\t\t\t\t\t\t\t\t\t\t<\/div>\n\t\t\t\t<\/div>\n\t\t\t\t\t<\/div>\n\t\t\t\t<\/div>\n\t\t<div class=\"elementor-element elementor-element-a43ead6 e-flex e-con-boxed e-con e-parent\" data-id=\"a43ead6\" data-element_type=\"container\" data-e-type=\"container\">\n\t\t\t\t\t<div class=\"e-con-inner\">\n\t\t\t\t<div class=\"elementor-element elementor-element-b5a1810 elementor-widget elementor-widget-text-editor\" data-id=\"b5a1810\" data-element_type=\"widget\" data-e-type=\"widget\" data-widget_type=\"text-editor.default\">\n\t\t\t\t<div class=\"elementor-widget-container\">\n\t\t\t\t\t\t\t\t\t<p><span style=\"color: #000000;\">Le Club, par le biais de son district et de la LCIF contribue souvent financi\u00e8rement en faveur des victimes de catastrophes naturelles en France et en Europe.\u00a0<\/span><\/p><ul><li><span style=\"color: #000000;\">Suite \u00e0 la catastrophe naturelle dans les Alpes-Maritimes en 2024 et donc afin d\u2019aider les personnes sinistr\u00e9es, le club a particip\u00e9 \u00e0 hauteur de 1500 \u20ac.<\/span><\/li><li><span style=\"color: #000000;\">Catastrophe S\u00e9isme en Turquie et Syrie en 2023, le club a particip\u00e9 \u00e0 hauteur de 1000 \u20ac.<\/span><\/li><li><span style=\"color: #000000;\">Catastrophe naturelle en Allemagne 2021, le club a particip\u00e9 \u00e0 hauteur de 1500 \u20ac.<\/span><br \/><p>\u00a0<\/p><\/li><\/ul><p><span style=\"color: #000000;\">Il faut savoir que 90 % des d\u00e9sastres naturels sont li\u00e9s \u00e0 l\u2019eau. 25,3 millions de personnes sont d\u00e9plac\u00e9es chaque ann\u00e9e en raison de catastrophes soudaines.<\/span><\/p>\t\t\t\t\t\t\t\t<\/div>\n\t\t\t\t<\/div>\n\t\t\t\t\t<\/div>\n\t\t\t\t<\/div>\n\t\t\t\t<\/div>\n\t\t","protected":false},"excerpt":{"rendered":"<p>Le Club, par le biais de son district et de la LCIF contribue souvent financi\u00e8rement en faveur des victimes de catastrophes naturelles en France et en Europe.\u00a0 Suite \u00e0 la catastrophe naturelle dans les Alpes-Maritimes en 2024 et donc afin d\u2019aider les personnes sinistr\u00e9es, le club a particip\u00e9 \u00e0 hauteur de 1500 \u20ac. Catastrophe S\u00e9isme en Turquie et Syrie en 2023, le club a particip\u00e9 \u00e0 hauteur de 1000 \u20ac. Catastrophe naturelle en Allemagne 2021, le club a particip\u00e9 \u00e0 hauteur de 1500 \u20ac. \u00a0 Il faut savoir que 90 % des d\u00e9sastres naturels sont li\u00e9s \u00e0 l\u2019eau. 25,3 millions de personnes sont d\u00e9plac\u00e9es chaque ann\u00e9e en raison de catastrophes soudaines.<\/p>\n","protected":false},"author":1,"featured_media":0,"parent":0,"menu_order":0,"comment_status":"closed","ping_status":"closed","template":"","meta":{"footnotes":""},"class_list":["post-2445","page","type-page","status-publish","hentry"],"_links":{"self":[{"href":"https:\/\/conflansmontjoie.org\/index.php?rest_route=\/wp\/v2\/pages\/2445","targetHints":{"allow":["GET"]}}],"collection":[{"href":"https:\/\/conflansmontjoie.org\/index.php?rest_route=\/wp\/v2\/pages"}],"about":[{"href":"https:\/\/conflansmontjoie.org\/index.php?rest_route=\/wp\/v2\/types\/page"}],"author":[{"embeddable":true,"href":"https:\/\/conflansmontjoie.org\/index.php?rest_route=\/wp\/v2\/users\/1"}],"replies":[{"embeddable":true,"href":"https:\/\/conflansmontjoie.org\/index.php?rest_route=%2Fwp%2Fv2%2Fcomments&post=2445"}],"version-history":[{"count":40,"href":"https:\/\/conflansmontjoie.org\/index.php?rest_route=\/wp\/v2\/pages\/2445\/revisions"}],"predecessor-version":[{"id":3580,"href":"https:\/\/conflansmontjoie.org\/index.php?rest_route=\/wp\/v2\/pages\/2445\/revisions\/3580"}],"wp:attachment":[{"href":"https:\/\/conflansmontjoie.org\/index.php?rest_route=%2Fwp%2Fv2%2Fmedia&parent=2445"}],"curies":[{"name":"wp","href":"https:\/\/api.w.org\/{rel}","templated":true}]}}