{"id":2368,"date":"2025-03-07T10:21:25","date_gmt":"2025-03-07T09:21:25","guid":{"rendered":"https:\/\/conflansmontjoie.org\/?page_id=2368"},"modified":"2025-03-12T17:10:54","modified_gmt":"2025-03-12T16:10:54","slug":"medico-collecte-de-lunettes","status":"publish","type":"page","link":"https:\/\/conflansmontjoie.org\/?page_id=2368","title":{"rendered":"M\u00e9dico &#8211; Collecte de lunettes"},"content":{"rendered":"\t\t<div data-elementor-type=\"wp-page\" data-elementor-id=\"2368\" class=\"elementor elementor-2368\">\n\t\t\t\t<div class=\"elementor-element elementor-element-f26dfa7 e-flex e-con-boxed e-con e-parent\" data-id=\"f26dfa7\" data-element_type=\"container\" data-e-type=\"container\">\n\t\t\t\t\t<div class=\"e-con-inner\">\n\t\t\t\t<div class=\"elementor-element elementor-element-23e2314 elementor-widget elementor-widget-image\" data-id=\"23e2314\" data-element_type=\"widget\" data-e-type=\"widget\" data-widget_type=\"image.default\">\n\t\t\t\t<div class=\"elementor-widget-container\">\n\t\t\t\t\t\t\t\t\t\t\t\t\t\t\t<img decoding=\"async\" width=\"150\" height=\"150\" src=\"https:\/\/conflansmontjoie.org\/wp-content\/uploads\/2025\/03\/Medico-150x150.jpg\" class=\"attachment-thumbnail size-thumbnail wp-image-1915\" alt=\"\" srcset=\"https:\/\/conflansmontjoie.org\/wp-content\/uploads\/2025\/03\/Medico-150x150.jpg 150w, https:\/\/conflansmontjoie.org\/wp-content\/uploads\/2025\/03\/Medico-300x300.jpg 300w, https:\/\/conflansmontjoie.org\/wp-content\/uploads\/2025\/03\/Medico-75x75.jpg 75w\" sizes=\"(max-width: 150px) 100vw, 150px\" \/>\t\t\t\t\t\t\t\t\t\t\t\t\t\t\t<\/div>\n\t\t\t\t<\/div>\n\t\t\t\t\t<\/div>\n\t\t\t\t<\/div>\n\t\t<div class=\"elementor-element elementor-element-45d22dc e-flex e-con-boxed e-con e-parent\" data-id=\"45d22dc\" data-element_type=\"container\" data-e-type=\"container\">\n\t\t\t\t\t<div class=\"e-con-inner\">\n\t\t\t\t<div class=\"elementor-element elementor-element-2b2484b elementor-widget elementor-widget-text-editor\" data-id=\"2b2484b\" data-element_type=\"widget\" data-e-type=\"widget\" data-widget_type=\"text-editor.default\">\n\t\t\t\t<div class=\"elementor-widget-container\">\n\t\t\t\t\t\t\t\t\t<p>Notre club collecte et emm\u00e8ne chaque ann\u00e9e des lunettes au Havre \u00e0 M\u00e9dico Lions. Nous r\u00e9coltons des lunettes lors de l&rsquo;organisation des \u00ab\u00a0Repair caf\u00e9\u00a0\u00bb, de donateurs, d&rsquo;opticien, d&rsquo;Ehpad et autres lieux de collecte.<\/p><p>M\u00e9dico collecte aujourd\u2019hui plus de 3 millions de paires de lunettes par an.<\/p><p>\u2022 Apr\u00e8s avoir \u00e9t\u00e9 tri\u00e9es dans l\u2019atelier du Havre, les lunettes en parfait \u00e9tat sont nettoy\u00e9es, \u00e9talonn\u00e9es, identifi\u00e9es et mises en sachet afin que les m\u00e9decins missionnaires puissent rapidement r\u00e9pondre aux besoins des patients examin\u00e9s.<\/p><p><img fetchpriority=\"high\" decoding=\"async\" class=\"size-medium wp-image-2344 aligncenter\" src=\"http:\/\/conflansmontjoie.org\/wp-content\/uploads\/2025\/03\/E44uNjvXoAMZwhG-300x300.jpeg\" alt=\"\" width=\"300\" height=\"300\" srcset=\"https:\/\/conflansmontjoie.org\/wp-content\/uploads\/2025\/03\/E44uNjvXoAMZwhG-300x300.jpeg 300w, https:\/\/conflansmontjoie.org\/wp-content\/uploads\/2025\/03\/E44uNjvXoAMZwhG-1024x1024.jpeg 1024w, https:\/\/conflansmontjoie.org\/wp-content\/uploads\/2025\/03\/E44uNjvXoAMZwhG-150x150.jpeg 150w, https:\/\/conflansmontjoie.org\/wp-content\/uploads\/2025\/03\/E44uNjvXoAMZwhG-768x768.jpeg 768w, https:\/\/conflansmontjoie.org\/wp-content\/uploads\/2025\/03\/E44uNjvXoAMZwhG-1536x1536.jpeg 1536w, https:\/\/conflansmontjoie.org\/wp-content\/uploads\/2025\/03\/E44uNjvXoAMZwhG-1140x1140.jpeg 1140w, https:\/\/conflansmontjoie.org\/wp-content\/uploads\/2025\/03\/E44uNjvXoAMZwhG-75x75.jpeg 75w, https:\/\/conflansmontjoie.org\/wp-content\/uploads\/2025\/03\/E44uNjvXoAMZwhG.jpeg 2048w\" sizes=\"(max-width: 300px) 100vw, 300px\" \/><\/p><p>\u2022 Toutes les lunettes exp\u00e9di\u00e9es ont fait l\u2019objet, au pr\u00e9alable, d\u2019une demande d\u2019un club Lions du pays concerne\u0301, d\u2019un m\u00e9decin ou d\u2019un dispensaire connu de Me\u0301dico et le plus souvent r\u00e9f\u00e9rence\u0301 \u00e0 la suite d\u2019une mission de nos amis Lions professionnels de Sante\u0301.<\/p>\t\t\t\t\t\t\t\t<\/div>\n\t\t\t\t<\/div>\n\t\t\t\t\t<\/div>\n\t\t\t\t<\/div>\n\t\t\t\t<\/div>\n\t\t","protected":false},"excerpt":{"rendered":"<p>Notre club collecte et emm\u00e8ne chaque ann\u00e9e des lunettes au Havre \u00e0 M\u00e9dico Lions. Nous r\u00e9coltons des lunettes lors de l&rsquo;organisation des \u00ab\u00a0Repair caf\u00e9\u00a0\u00bb, de donateurs, d&rsquo;opticien, d&rsquo;Ehpad et autres lieux de collecte. M\u00e9dico collecte aujourd\u2019hui plus de 3 millions de paires de lunettes par an. \u2022 Apr\u00e8s avoir \u00e9t\u00e9 tri\u00e9es dans l\u2019atelier du Havre, les lunettes en parfait \u00e9tat sont nettoy\u00e9es, \u00e9talonn\u00e9es, identifi\u00e9es et mises en sachet afin que les m\u00e9decins missionnaires puissent rapidement r\u00e9pondre aux besoins des patients examin\u00e9s. \u2022 Toutes les lunettes exp\u00e9di\u00e9es ont fait l\u2019objet, au pr\u00e9alable, d\u2019une demande d\u2019un club Lions du pays concerne\u0301, d\u2019un m\u00e9decin ou d\u2019un dispensaire connu de Me\u0301dico et le plus souvent r\u00e9f\u00e9rence\u0301 \u00e0 la suite d\u2019une mission de nos amis Lions professionnels de Sante\u0301.<\/p>\n","protected":false},"author":1,"featured_media":0,"parent":0,"menu_order":0,"comment_status":"closed","ping_status":"closed","template":"","meta":{"footnotes":""},"class_list":["post-2368","page","type-page","status-publish","hentry"],"_links":{"self":[{"href":"https:\/\/conflansmontjoie.org\/index.php?rest_route=\/wp\/v2\/pages\/2368","targetHints":{"allow":["GET"]}}],"collection":[{"href":"https:\/\/conflansmontjoie.org\/index.php?rest_route=\/wp\/v2\/pages"}],"about":[{"href":"https:\/\/conflansmontjoie.org\/index.php?rest_route=\/wp\/v2\/types\/page"}],"author":[{"embeddable":true,"href":"https:\/\/conflansmontjoie.org\/index.php?rest_route=\/wp\/v2\/users\/1"}],"replies":[{"embeddable":true,"href":"https:\/\/conflansmontjoie.org\/index.php?rest_route=%2Fwp%2Fv2%2Fcomments&post=2368"}],"version-history":[{"count":13,"href":"https:\/\/conflansmontjoie.org\/index.php?rest_route=\/wp\/v2\/pages\/2368\/revisions"}],"predecessor-version":[{"id":3217,"href":"https:\/\/conflansmontjoie.org\/index.php?rest_route=\/wp\/v2\/pages\/2368\/revisions\/3217"}],"wp:attachment":[{"href":"https:\/\/conflansmontjoie.org\/index.php?rest_route=%2Fwp%2Fv2%2Fmedia&parent=2368"}],"curies":[{"name":"wp","href":"https:\/\/api.w.org\/{rel}","templated":true}]}}