{"id":1785,"date":"2025-03-03T13:51:39","date_gmt":"2025-03-03T12:51:39","guid":{"rendered":"https:\/\/conflansmontjoie.org\/?page_id=1785"},"modified":"2025-03-12T19:11:36","modified_gmt":"2025-03-12T18:11:36","slug":"sante-oculaire","status":"publish","type":"page","link":"https:\/\/conflansmontjoie.org\/?page_id=1785","title":{"rendered":"Aide aux malvoyants et mal entendants"},"content":{"rendered":"\t\t<div data-elementor-type=\"wp-page\" data-elementor-id=\"1785\" class=\"elementor elementor-1785\">\n\t\t\t\t<div class=\"elementor-element elementor-element-c19765e e-flex e-con-boxed e-con e-parent\" data-id=\"c19765e\" data-element_type=\"container\" data-e-type=\"container\">\n\t\t\t\t\t<div class=\"e-con-inner\">\n\t\t\t\t<div class=\"elementor-element elementor-element-18ecec2 elementor-widget elementor-widget-image\" data-id=\"18ecec2\" data-element_type=\"widget\" data-e-type=\"widget\" data-widget_type=\"image.default\">\n\t\t\t\t<div class=\"elementor-widget-container\">\n\t\t\t\t\t\t\t\t\t\t\t\t\t\t\t<img decoding=\"async\" width=\"150\" height=\"150\" src=\"https:\/\/conflansmontjoie.org\/wp-content\/uploads\/2025\/03\/LCI_CauseArea_Icons_01a-vision_1c-150x150.png\" class=\"attachment-thumbnail size-thumbnail wp-image-1790\" alt=\"\" srcset=\"https:\/\/conflansmontjoie.org\/wp-content\/uploads\/2025\/03\/LCI_CauseArea_Icons_01a-vision_1c-150x150.png 150w, https:\/\/conflansmontjoie.org\/wp-content\/uploads\/2025\/03\/LCI_CauseArea_Icons_01a-vision_1c-300x300.png 300w, https:\/\/conflansmontjoie.org\/wp-content\/uploads\/2025\/03\/LCI_CauseArea_Icons_01a-vision_1c-1024x1024.png 1024w, https:\/\/conflansmontjoie.org\/wp-content\/uploads\/2025\/03\/LCI_CauseArea_Icons_01a-vision_1c-768x768.png 768w, https:\/\/conflansmontjoie.org\/wp-content\/uploads\/2025\/03\/LCI_CauseArea_Icons_01a-vision_1c-1536x1536.png 1536w, https:\/\/conflansmontjoie.org\/wp-content\/uploads\/2025\/03\/LCI_CauseArea_Icons_01a-vision_1c-2048x2048.png 2048w, https:\/\/conflansmontjoie.org\/wp-content\/uploads\/2025\/03\/LCI_CauseArea_Icons_01a-vision_1c-1140x1140.png 1140w, https:\/\/conflansmontjoie.org\/wp-content\/uploads\/2025\/03\/LCI_CauseArea_Icons_01a-vision_1c-75x75.png 75w\" sizes=\"(max-width: 150px) 100vw, 150px\" \/>\t\t\t\t\t\t\t\t\t\t\t\t\t\t\t<\/div>\n\t\t\t\t<\/div>\n\t\t\t\t\t<\/div>\n\t\t\t\t<\/div>\n\t\t<div class=\"elementor-element elementor-element-0d0a1ce e-flex e-con-boxed e-con e-parent\" data-id=\"0d0a1ce\" data-element_type=\"container\" data-e-type=\"container\">\n\t\t\t\t\t<div class=\"e-con-inner\">\n\t\t\t\t<div class=\"elementor-element elementor-element-060d9cc elementor-widget elementor-widget-text-editor\" data-id=\"060d9cc\" data-element_type=\"widget\" data-e-type=\"widget\" data-widget_type=\"text-editor.default\">\n\t\t\t\t<div class=\"elementor-widget-container\">\n\t\t\t\t\t\t\t\t\t<p>Nous pr\u00e9venons la c\u00e9cit\u00e9 \u00e9vitable et am\u00e9liorons la qualit\u00e9 de vie des personnes aveugles et malvoyante.<\/p>\t\t\t\t\t\t\t\t<\/div>\n\t\t\t\t<\/div>\n\t\t\t\t\t<\/div>\n\t\t\t\t<\/div>\n\t\t<div class=\"elementor-element elementor-element-264dc16 e-grid e-con-boxed e-con e-parent\" data-id=\"264dc16\" data-element_type=\"container\" data-e-type=\"container\">\n\t\t\t\t\t<div class=\"e-con-inner\">\n\t\t\t\t<div class=\"elementor-element elementor-element-cc6ef80 elementor-widget elementor-widget-image\" data-id=\"cc6ef80\" data-element_type=\"widget\" data-e-type=\"widget\" data-widget_type=\"image.default\">\n\t\t\t\t<div class=\"elementor-widget-container\">\n\t\t\t\t\t\t\t\t\t\t\t\t<figure class=\"wp-caption\">\n\t\t\t\t\t\t\t\t\t\t\t<a href=\"https:\/\/conflansmontjoie.org\/?page_id=1970\">\n\t\t\t\t\t\t\t<img decoding=\"async\" width=\"150\" height=\"150\" src=\"https:\/\/conflansmontjoie.org\/wp-content\/uploads\/2025\/03\/FB_IMG_1638779963408-150x150.jpg\" class=\"attachment-thumbnail size-thumbnail wp-image-1972\" alt=\"\" srcset=\"https:\/\/conflansmontjoie.org\/wp-content\/uploads\/2025\/03\/FB_IMG_1638779963408-150x150.jpg 150w, https:\/\/conflansmontjoie.org\/wp-content\/uploads\/2025\/03\/FB_IMG_1638779963408-300x300.jpg 300w, https:\/\/conflansmontjoie.org\/wp-content\/uploads\/2025\/03\/FB_IMG_1638779963408-75x75.jpg 75w\" sizes=\"(max-width: 150px) 100vw, 150px\" \/>\t\t\t\t\t\t\t\t<\/a>\n\t\t\t\t\t\t\t\t\t\t\t<figcaption class=\"widget-image-caption wp-caption-text\">Chien guide d'aveugle<\/figcaption>\n\t\t\t\t\t\t\t\t\t\t<\/figure>\n\t\t\t\t\t\t\t\t\t<\/div>\n\t\t\t\t<\/div>\n\t\t\t\t<div class=\"elementor-element elementor-element-650d7a3 elementor-widget elementor-widget-image\" data-id=\"650d7a3\" data-element_type=\"widget\" data-e-type=\"widget\" data-widget_type=\"image.default\">\n\t\t\t\t<div class=\"elementor-widget-container\">\n\t\t\t\t\t\t\t\t\t\t\t\t<figure class=\"wp-caption\">\n\t\t\t\t\t\t\t\t\t\t\t<a href=\"https:\/\/conflansmontjoie.org\/?page_id=2368\">\n\t\t\t\t\t\t\t<img decoding=\"async\" width=\"150\" height=\"150\" src=\"https:\/\/conflansmontjoie.org\/wp-content\/uploads\/2025\/03\/E44uNjvXoAMZwhG-150x150.jpeg\" class=\"attachment-thumbnail size-thumbnail wp-image-2344\" alt=\"\" srcset=\"https:\/\/conflansmontjoie.org\/wp-content\/uploads\/2025\/03\/E44uNjvXoAMZwhG-150x150.jpeg 150w, https:\/\/conflansmontjoie.org\/wp-content\/uploads\/2025\/03\/E44uNjvXoAMZwhG-300x300.jpeg 300w, https:\/\/conflansmontjoie.org\/wp-content\/uploads\/2025\/03\/E44uNjvXoAMZwhG-1024x1024.jpeg 1024w, https:\/\/conflansmontjoie.org\/wp-content\/uploads\/2025\/03\/E44uNjvXoAMZwhG-768x768.jpeg 768w, https:\/\/conflansmontjoie.org\/wp-content\/uploads\/2025\/03\/E44uNjvXoAMZwhG-1536x1536.jpeg 1536w, https:\/\/conflansmontjoie.org\/wp-content\/uploads\/2025\/03\/E44uNjvXoAMZwhG-1140x1140.jpeg 1140w, https:\/\/conflansmontjoie.org\/wp-content\/uploads\/2025\/03\/E44uNjvXoAMZwhG-75x75.jpeg 75w, https:\/\/conflansmontjoie.org\/wp-content\/uploads\/2025\/03\/E44uNjvXoAMZwhG.jpeg 2048w\" sizes=\"(max-width: 150px) 100vw, 150px\" \/>\t\t\t\t\t\t\t\t<\/a>\n\t\t\t\t\t\t\t\t\t\t\t<figcaption class=\"widget-image-caption wp-caption-text\">M\u00e9dico - R\u00e9colte de lunettes<\/figcaption>\n\t\t\t\t\t\t\t\t\t\t<\/figure>\n\t\t\t\t\t\t\t\t\t<\/div>\n\t\t\t\t<\/div>\n\t\t\t\t<div class=\"elementor-element elementor-element-94b0e52 elementor-widget elementor-widget-image\" data-id=\"94b0e52\" data-element_type=\"widget\" data-e-type=\"widget\" data-widget_type=\"image.default\">\n\t\t\t\t<div class=\"elementor-widget-container\">\n\t\t\t\t\t\t\t\t\t\t\t\t<figure class=\"wp-caption\">\n\t\t\t\t\t\t\t\t\t\t\t<a href=\"https:\/\/conflansmontjoie.org\/?page_id=3065\">\n\t\t\t\t\t\t\t<img loading=\"lazy\" decoding=\"async\" width=\"695\" height=\"414\" src=\"https:\/\/conflansmontjoie.org\/wp-content\/uploads\/2025\/03\/Chryostat.png\" class=\"attachment-large size-large wp-image-3067\" alt=\"\" srcset=\"https:\/\/conflansmontjoie.org\/wp-content\/uploads\/2025\/03\/Chryostat.png 695w, https:\/\/conflansmontjoie.org\/wp-content\/uploads\/2025\/03\/Chryostat-300x179.png 300w\" sizes=\"(max-width: 695px) 100vw, 695px\" \/>\t\t\t\t\t\t\t\t<\/a>\n\t\t\t\t\t\t\t\t\t\t\t<figcaption class=\"widget-image-caption wp-caption-text\">Chryostat<\/figcaption>\n\t\t\t\t\t\t\t\t\t\t<\/figure>\n\t\t\t\t\t\t\t\t\t<\/div>\n\t\t\t\t<\/div>\n\t\t\t\t\t<\/div>\n\t\t\t\t<\/div>\n\t\t\t\t<\/div>\n\t\t","protected":false},"excerpt":{"rendered":"<p>Nous pr\u00e9venons la c\u00e9cit\u00e9 \u00e9vitable et am\u00e9liorons la qualit\u00e9 de vie des personnes aveugles et malvoyante. Chien guide d&rsquo;aveugle M\u00e9dico &#8211; R\u00e9colte de lunettes Chryostat<\/p>\n","protected":false},"author":1,"featured_media":0,"parent":0,"menu_order":0,"comment_status":"closed","ping_status":"closed","template":"","meta":{"footnotes":""},"class_list":["post-1785","page","type-page","status-publish","hentry"],"_links":{"self":[{"href":"https:\/\/conflansmontjoie.org\/index.php?rest_route=\/wp\/v2\/pages\/1785","targetHints":{"allow":["GET"]}}],"collection":[{"href":"https:\/\/conflansmontjoie.org\/index.php?rest_route=\/wp\/v2\/pages"}],"about":[{"href":"https:\/\/conflansmontjoie.org\/index.php?rest_route=\/wp\/v2\/types\/page"}],"author":[{"embeddable":true,"href":"https:\/\/conflansmontjoie.org\/index.php?rest_route=\/wp\/v2\/users\/1"}],"replies":[{"embeddable":true,"href":"https:\/\/conflansmontjoie.org\/index.php?rest_route=%2Fwp%2Fv2%2Fcomments&post=1785"}],"version-history":[{"count":28,"href":"https:\/\/conflansmontjoie.org\/index.php?rest_route=\/wp\/v2\/pages\/1785\/revisions"}],"predecessor-version":[{"id":3357,"href":"https:\/\/conflansmontjoie.org\/index.php?rest_route=\/wp\/v2\/pages\/1785\/revisions\/3357"}],"wp:attachment":[{"href":"https:\/\/conflansmontjoie.org\/index.php?rest_route=%2Fwp%2Fv2%2Fmedia&parent=1785"}],"curies":[{"name":"wp","href":"https:\/\/api.w.org\/{rel}","templated":true}]}}