{"id":1775,"date":"2025-03-03T13:47:00","date_gmt":"2025-03-03T12:47:00","guid":{"rendered":"https:\/\/conflansmontjoie.org\/?page_id=1775"},"modified":"2025-03-07T11:22:32","modified_gmt":"2025-03-07T10:22:32","slug":"malnutrition","status":"publish","type":"page","link":"https:\/\/conflansmontjoie.org\/?page_id=1775","title":{"rendered":"La lutte contre la faim"},"content":{"rendered":"\t\t<div data-elementor-type=\"wp-page\" data-elementor-id=\"1775\" class=\"elementor elementor-1775\">\n\t\t\t\t<div class=\"elementor-element elementor-element-7c15a04 e-flex e-con-boxed e-con e-parent\" data-id=\"7c15a04\" data-element_type=\"container\" data-e-type=\"container\">\n\t\t\t\t\t<div class=\"e-con-inner\">\n\t\t\t\t<div class=\"elementor-element elementor-element-a9344c2 elementor-widget elementor-widget-image\" data-id=\"a9344c2\" data-element_type=\"widget\" data-e-type=\"widget\" data-widget_type=\"image.default\">\n\t\t\t\t<div class=\"elementor-widget-container\">\n\t\t\t\t\t\t\t\t\t\t\t\t\t\t\t<img decoding=\"async\" width=\"150\" height=\"150\" src=\"https:\/\/conflansmontjoie.org\/wp-content\/uploads\/2025\/03\/LCI_CauseArea_Icons_01a-hunger_1c-150x150.png\" class=\"attachment-thumbnail size-thumbnail wp-image-1780\" alt=\"\" srcset=\"https:\/\/conflansmontjoie.org\/wp-content\/uploads\/2025\/03\/LCI_CauseArea_Icons_01a-hunger_1c-150x150.png 150w, https:\/\/conflansmontjoie.org\/wp-content\/uploads\/2025\/03\/LCI_CauseArea_Icons_01a-hunger_1c-300x300.png 300w, https:\/\/conflansmontjoie.org\/wp-content\/uploads\/2025\/03\/LCI_CauseArea_Icons_01a-hunger_1c-75x75.png 75w\" sizes=\"(max-width: 150px) 100vw, 150px\" \/>\t\t\t\t\t\t\t\t\t\t\t\t\t\t\t<\/div>\n\t\t\t\t<\/div>\n\t\t\t\t<div class=\"elementor-element elementor-element-413e567 elementor-widget elementor-widget-text-editor\" data-id=\"413e567\" data-element_type=\"widget\" data-e-type=\"widget\" data-widget_type=\"text-editor.default\">\n\t\t\t\t<div class=\"elementor-widget-container\">\n\t\t\t\t\t\t\t\t\t<p>Nous am\u00e9liorons la s\u00e9curit\u00e9 alimentaire et l&rsquo;acc\u00e8s \u00e0 une alimentation nutritive pour lutter contre la malnutrition.<\/p>\t\t\t\t\t\t\t\t<\/div>\n\t\t\t\t<\/div>\n\t\t\t\t\t<\/div>\n\t\t\t\t<\/div>\n\t\t<div class=\"elementor-element elementor-element-371396a e-flex e-con-boxed e-con e-parent\" data-id=\"371396a\" data-element_type=\"container\" data-e-type=\"container\">\n\t\t\t\t\t<div class=\"e-con-inner\">\n\t\t\t\t\t<\/div>\n\t\t\t\t<\/div>\n\t\t<div class=\"elementor-element elementor-element-9081a3a e-grid e-con-boxed e-con e-parent\" data-id=\"9081a3a\" data-element_type=\"container\" data-e-type=\"container\">\n\t\t\t\t\t<div class=\"e-con-inner\">\n\t\t\t\t<div class=\"elementor-element elementor-element-c637889 elementor-widget elementor-widget-image\" data-id=\"c637889\" data-element_type=\"widget\" data-e-type=\"widget\" data-widget_type=\"image.default\">\n\t\t\t\t<div class=\"elementor-widget-container\">\n\t\t\t\t\t\t\t\t\t\t\t\t<figure class=\"wp-caption\">\n\t\t\t\t\t\t\t\t\t\t\t<a href=\"https:\/\/conflansmontjoie.org\/?page_id=775\">\n\t\t\t\t\t\t\t<img fetchpriority=\"high\" decoding=\"async\" width=\"300\" height=\"169\" src=\"https:\/\/conflansmontjoie.org\/wp-content\/uploads\/2025\/03\/315680513_5610689295663120_9109366260147371504_n-300x169.jpg\" class=\"attachment-medium size-medium wp-image-2151\" alt=\"\" srcset=\"https:\/\/conflansmontjoie.org\/wp-content\/uploads\/2025\/03\/315680513_5610689295663120_9109366260147371504_n-300x169.jpg 300w, https:\/\/conflansmontjoie.org\/wp-content\/uploads\/2025\/03\/315680513_5610689295663120_9109366260147371504_n-1024x576.jpg 1024w, https:\/\/conflansmontjoie.org\/wp-content\/uploads\/2025\/03\/315680513_5610689295663120_9109366260147371504_n-768x432.jpg 768w, https:\/\/conflansmontjoie.org\/wp-content\/uploads\/2025\/03\/315680513_5610689295663120_9109366260147371504_n-1536x864.jpg 1536w, https:\/\/conflansmontjoie.org\/wp-content\/uploads\/2025\/03\/315680513_5610689295663120_9109366260147371504_n-1140x641.jpg 1140w, https:\/\/conflansmontjoie.org\/wp-content\/uploads\/2025\/03\/315680513_5610689295663120_9109366260147371504_n.jpg 1600w\" sizes=\"(max-width: 300px) 100vw, 300px\" \/>\t\t\t\t\t\t\t\t<\/a>\n\t\t\t\t\t\t\t\t\t\t\t<figcaption class=\"widget-image-caption wp-caption-text\">Banque alimentaire<\/figcaption>\n\t\t\t\t\t\t\t\t\t\t<\/figure>\n\t\t\t\t\t\t\t\t\t<\/div>\n\t\t\t\t<\/div>\n\t\t\t\t\t<\/div>\n\t\t\t\t<\/div>\n\t\t\t\t<\/div>\n\t\t","protected":false},"excerpt":{"rendered":"<p>Nous am\u00e9liorons la s\u00e9curit\u00e9 alimentaire et l&rsquo;acc\u00e8s \u00e0 une alimentation nutritive pour lutter contre la malnutrition. Banque alimentaire<\/p>\n","protected":false},"author":1,"featured_media":0,"parent":0,"menu_order":0,"comment_status":"closed","ping_status":"closed","template":"","meta":{"footnotes":""},"class_list":["post-1775","page","type-page","status-publish","hentry"],"_links":{"self":[{"href":"https:\/\/conflansmontjoie.org\/index.php?rest_route=\/wp\/v2\/pages\/1775","targetHints":{"allow":["GET"]}}],"collection":[{"href":"https:\/\/conflansmontjoie.org\/index.php?rest_route=\/wp\/v2\/pages"}],"about":[{"href":"https:\/\/conflansmontjoie.org\/index.php?rest_route=\/wp\/v2\/types\/page"}],"author":[{"embeddable":true,"href":"https:\/\/conflansmontjoie.org\/index.php?rest_route=\/wp\/v2\/users\/1"}],"replies":[{"embeddable":true,"href":"https:\/\/conflansmontjoie.org\/index.php?rest_route=%2Fwp%2Fv2%2Fcomments&post=1775"}],"version-history":[{"count":16,"href":"https:\/\/conflansmontjoie.org\/index.php?rest_route=\/wp\/v2\/pages\/1775\/revisions"}],"predecessor-version":[{"id":2429,"href":"https:\/\/conflansmontjoie.org\/index.php?rest_route=\/wp\/v2\/pages\/1775\/revisions\/2429"}],"wp:attachment":[{"href":"https:\/\/conflansmontjoie.org\/index.php?rest_route=%2Fwp%2Fv2%2Fmedia&parent=1775"}],"curies":[{"name":"wp","href":"https:\/\/api.w.org\/{rel}","templated":true}]}}