{"id":1758,"date":"2025-03-02T23:21:42","date_gmt":"2025-03-02T22:21:42","guid":{"rendered":"https:\/\/conflansmontjoie.org\/?page_id=1758"},"modified":"2025-03-19T11:18:14","modified_gmt":"2025-03-19T10:18:14","slug":"cancer-infantile","status":"publish","type":"page","link":"https:\/\/conflansmontjoie.org\/?page_id=1758","title":{"rendered":"Le cancer infantile"},"content":{"rendered":"\t\t<div data-elementor-type=\"wp-page\" data-elementor-id=\"1758\" class=\"elementor elementor-1758\">\n\t\t\t\t<div class=\"elementor-element elementor-element-540f195 e-flex e-con-boxed e-con e-parent\" data-id=\"540f195\" data-element_type=\"container\" data-e-type=\"container\">\n\t\t\t\t\t<div class=\"e-con-inner\">\n\t\t\t\t<div class=\"elementor-element elementor-element-a3f6a40 elementor-widget elementor-widget-image\" data-id=\"a3f6a40\" data-element_type=\"widget\" data-e-type=\"widget\" data-widget_type=\"image.default\">\n\t\t\t\t<div class=\"elementor-widget-container\">\n\t\t\t\t\t\t\t\t\t\t\t\t\t\t\t<img decoding=\"async\" width=\"150\" height=\"150\" src=\"https:\/\/conflansmontjoie.org\/wp-content\/uploads\/2025\/03\/LCI_CauseArea_Icons_01a-childhoodcancer_1c-150x150.png\" class=\"attachment-thumbnail size-thumbnail wp-image-1760\" alt=\"\" srcset=\"https:\/\/conflansmontjoie.org\/wp-content\/uploads\/2025\/03\/LCI_CauseArea_Icons_01a-childhoodcancer_1c-150x150.png 150w, https:\/\/conflansmontjoie.org\/wp-content\/uploads\/2025\/03\/LCI_CauseArea_Icons_01a-childhoodcancer_1c-300x300.png 300w, https:\/\/conflansmontjoie.org\/wp-content\/uploads\/2025\/03\/LCI_CauseArea_Icons_01a-childhoodcancer_1c-1024x1024.png 1024w, https:\/\/conflansmontjoie.org\/wp-content\/uploads\/2025\/03\/LCI_CauseArea_Icons_01a-childhoodcancer_1c-768x768.png 768w, https:\/\/conflansmontjoie.org\/wp-content\/uploads\/2025\/03\/LCI_CauseArea_Icons_01a-childhoodcancer_1c-1536x1536.png 1536w, https:\/\/conflansmontjoie.org\/wp-content\/uploads\/2025\/03\/LCI_CauseArea_Icons_01a-childhoodcancer_1c-2048x2048.png 2048w, https:\/\/conflansmontjoie.org\/wp-content\/uploads\/2025\/03\/LCI_CauseArea_Icons_01a-childhoodcancer_1c-1140x1140.png 1140w, https:\/\/conflansmontjoie.org\/wp-content\/uploads\/2025\/03\/LCI_CauseArea_Icons_01a-childhoodcancer_1c-75x75.png 75w\" sizes=\"(max-width: 150px) 100vw, 150px\" \/>\t\t\t\t\t\t\t\t\t\t\t\t\t\t\t<\/div>\n\t\t\t\t<\/div>\n\t\t<div class=\"elementor-element elementor-element-91e05d1 e-grid e-con-full e-con e-child\" data-id=\"91e05d1\" data-element_type=\"container\" data-e-type=\"container\">\n\t\t\t\t<div class=\"elementor-element elementor-element-bb579cf elementor-widget elementor-widget-image\" data-id=\"bb579cf\" data-element_type=\"widget\" data-e-type=\"widget\" data-widget_type=\"image.default\">\n\t\t\t\t<div class=\"elementor-widget-container\">\n\t\t\t\t\t\t\t\t\t\t\t\t<figure class=\"wp-caption\">\n\t\t\t\t\t\t\t\t\t\t\t<a href=\"https:\/\/conflansmontjoie.org\/?page_id=801\">\n\t\t\t\t\t\t\t<img decoding=\"async\" width=\"150\" height=\"150\" src=\"https:\/\/conflansmontjoie.org\/wp-content\/uploads\/2025\/03\/Bouquet-28-150x150.jpg\" class=\"attachment-thumbnail size-thumbnail wp-image-2064\" alt=\"\" srcset=\"https:\/\/conflansmontjoie.org\/wp-content\/uploads\/2025\/03\/Bouquet-28-150x150.jpg 150w, https:\/\/conflansmontjoie.org\/wp-content\/uploads\/2025\/03\/Bouquet-28-300x300.jpg 300w, https:\/\/conflansmontjoie.org\/wp-content\/uploads\/2025\/03\/Bouquet-28-1024x1024.jpg 1024w, https:\/\/conflansmontjoie.org\/wp-content\/uploads\/2025\/03\/Bouquet-28-768x768.jpg 768w, https:\/\/conflansmontjoie.org\/wp-content\/uploads\/2025\/03\/Bouquet-28-1536x1536.jpg 1536w, https:\/\/conflansmontjoie.org\/wp-content\/uploads\/2025\/03\/Bouquet-28-1140x1140.jpg 1140w, https:\/\/conflansmontjoie.org\/wp-content\/uploads\/2025\/03\/Bouquet-28-75x75.jpg 75w, https:\/\/conflansmontjoie.org\/wp-content\/uploads\/2025\/03\/Bouquet-28.jpg 1805w\" sizes=\"(max-width: 150px) 100vw, 150px\" \/>\t\t\t\t\t\t\t\t<\/a>\n\t\t\t\t\t\t\t\t\t\t\t<figcaption class=\"widget-image-caption wp-caption-text\">Tulipes contre le Cancer p\u00e9diatrique<\/figcaption>\n\t\t\t\t\t\t\t\t\t\t<\/figure>\n\t\t\t\t\t\t\t\t\t<\/div>\n\t\t\t\t<\/div>\n\t\t\t\t<div class=\"elementor-element elementor-element-dffa30c elementor-widget elementor-widget-image\" data-id=\"dffa30c\" data-element_type=\"widget\" data-e-type=\"widget\" data-widget_type=\"image.default\">\n\t\t\t\t<div class=\"elementor-widget-container\">\n\t\t\t\t\t\t\t\t\t\t\t\t<figure class=\"wp-caption\">\n\t\t\t\t\t\t\t\t\t\t\t<a href=\"https:\/\/conflansmontjoie.org\/?page_id=1651\">\n\t\t\t\t\t\t\t<img fetchpriority=\"high\" decoding=\"async\" width=\"960\" height=\"720\" src=\"https:\/\/conflansmontjoie.org\/wp-content\/uploads\/2025\/03\/site-1024x768.jpg\" class=\"attachment-large size-large wp-image-1493\" alt=\"\" srcset=\"https:\/\/conflansmontjoie.org\/wp-content\/uploads\/2025\/03\/site-1024x768.jpg 1024w, https:\/\/conflansmontjoie.org\/wp-content\/uploads\/2025\/03\/site-300x225.jpg 300w, https:\/\/conflansmontjoie.org\/wp-content\/uploads\/2025\/03\/site-768x576.jpg 768w, https:\/\/conflansmontjoie.org\/wp-content\/uploads\/2025\/03\/site-1536x1152.jpg 1536w, https:\/\/conflansmontjoie.org\/wp-content\/uploads\/2025\/03\/site-1140x855.jpg 1140w, https:\/\/conflansmontjoie.org\/wp-content\/uploads\/2025\/03\/site.jpg 2000w\" sizes=\"(max-width: 960px) 100vw, 960px\" \/>\t\t\t\t\t\t\t\t<\/a>\n\t\t\t\t\t\t\t\t\t\t\t<figcaption class=\"widget-image-caption wp-caption-text\">Grand Loto contre le cancer p\u00e9diatrique<\/figcaption>\n\t\t\t\t\t\t\t\t\t\t<\/figure>\n\t\t\t\t\t\t\t\t\t<\/div>\n\t\t\t\t<\/div>\n\t\t\t\t<div class=\"elementor-element elementor-element-f599822 elementor-widget elementor-widget-image\" data-id=\"f599822\" data-element_type=\"widget\" data-e-type=\"widget\" data-widget_type=\"image.default\">\n\t\t\t\t<div class=\"elementor-widget-container\">\n\t\t\t\t\t\t\t\t\t\t\t\t<figure class=\"wp-caption\">\n\t\t\t\t\t\t\t\t\t\t\t<a href=\"https:\/\/conflansmontjoie.org\/?p=2633\">\n\t\t\t\t\t\t\t<img loading=\"lazy\" decoding=\"async\" width=\"539\" height=\"604\" src=\"https:\/\/conflansmontjoie.org\/wp-content\/uploads\/2025\/03\/Concert-Lions.jpg\" class=\"attachment-large size-large wp-image-1282\" alt=\"\" srcset=\"https:\/\/conflansmontjoie.org\/wp-content\/uploads\/2025\/03\/Concert-Lions.jpg 539w, https:\/\/conflansmontjoie.org\/wp-content\/uploads\/2025\/03\/Concert-Lions-268x300.jpg 268w\" sizes=\"(max-width: 539px) 100vw, 539px\" \/>\t\t\t\t\t\t\t\t<\/a>\n\t\t\t\t\t\t\t\t\t\t\t<figcaption class=\"widget-image-caption wp-caption-text\">Concert contre le cancer p\u00e9diatrique<\/figcaption>\n\t\t\t\t\t\t\t\t\t\t<\/figure>\n\t\t\t\t\t\t\t\t\t<\/div>\n\t\t\t\t<\/div>\n\t\t\t\t<\/div>\n\t\t\t\t\t<\/div>\n\t\t\t\t<\/div>\n\t\t<div class=\"elementor-element elementor-element-31b9fc0 e-flex e-con-boxed e-con e-parent\" data-id=\"31b9fc0\" data-element_type=\"container\" data-e-type=\"container\">\n\t\t\t\t\t<div class=\"e-con-inner\">\n\t\t\t\t<div class=\"elementor-element elementor-element-7f71548 elementor-widget elementor-widget-text-editor\" data-id=\"7f71548\" data-element_type=\"widget\" data-e-type=\"widget\" data-widget_type=\"text-editor.default\">\n\t\t\t\t<div class=\"elementor-widget-container\">\n\t\t\t\t\t\t\t\t\t<p>Nous r\u00e9pondons aux besoins des enfants et des familles confront\u00e9s au cancer infantile.<\/p>\t\t\t\t\t\t\t\t<\/div>\n\t\t\t\t<\/div>\n\t\t\t\t\t<\/div>\n\t\t\t\t<\/div>\n\t\t\t\t<\/div>\n\t\t","protected":false},"excerpt":{"rendered":"<p>Tulipes contre le Cancer p\u00e9diatrique Grand Loto contre le cancer p\u00e9diatrique Concert contre le cancer p\u00e9diatrique Nous r\u00e9pondons aux besoins des enfants et des familles confront\u00e9s au cancer infantile.<\/p>\n","protected":false},"author":1,"featured_media":0,"parent":0,"menu_order":0,"comment_status":"closed","ping_status":"closed","template":"","meta":{"footnotes":""},"class_list":["post-1758","page","type-page","status-publish","hentry"],"_links":{"self":[{"href":"https:\/\/conflansmontjoie.org\/index.php?rest_route=\/wp\/v2\/pages\/1758","targetHints":{"allow":["GET"]}}],"collection":[{"href":"https:\/\/conflansmontjoie.org\/index.php?rest_route=\/wp\/v2\/pages"}],"about":[{"href":"https:\/\/conflansmontjoie.org\/index.php?rest_route=\/wp\/v2\/types\/page"}],"author":[{"embeddable":true,"href":"https:\/\/conflansmontjoie.org\/index.php?rest_route=\/wp\/v2\/users\/1"}],"replies":[{"embeddable":true,"href":"https:\/\/conflansmontjoie.org\/index.php?rest_route=%2Fwp%2Fv2%2Fcomments&post=1758"}],"version-history":[{"count":20,"href":"https:\/\/conflansmontjoie.org\/index.php?rest_route=\/wp\/v2\/pages\/1758\/revisions"}],"predecessor-version":[{"id":3577,"href":"https:\/\/conflansmontjoie.org\/index.php?rest_route=\/wp\/v2\/pages\/1758\/revisions\/3577"}],"wp:attachment":[{"href":"https:\/\/conflansmontjoie.org\/index.php?rest_route=%2Fwp%2Fv2%2Fmedia&parent=1758"}],"curies":[{"name":"wp","href":"https:\/\/api.w.org\/{rel}","templated":true}]}}