{"id":1651,"date":"2025-03-02T10:45:20","date_gmt":"2025-03-02T09:45:20","guid":{"rendered":"https:\/\/conflansmontjoie.org\/?page_id=1651"},"modified":"2025-11-08T12:43:45","modified_gmt":"2025-11-08T11:43:45","slug":"loto-contre-le-cancer-pediatrique","status":"publish","type":"page","link":"https:\/\/conflansmontjoie.org\/?page_id=1651","title":{"rendered":"Grand Loto Conflans-Montjoie 2025"},"content":{"rendered":"\t\t<div data-elementor-type=\"wp-page\" data-elementor-id=\"1651\" class=\"elementor elementor-1651\">\n\t\t\t\t<div class=\"elementor-element elementor-element-695bb8e e-con-full e-flex e-con e-parent\" data-id=\"695bb8e\" data-element_type=\"container\" data-e-type=\"container\">\n\t\t\t\t<div class=\"elementor-element elementor-element-2aae191 elementor-widget elementor-widget-image\" data-id=\"2aae191\" data-element_type=\"widget\" data-e-type=\"widget\" data-widget_type=\"image.default\">\n\t\t\t\t<div class=\"elementor-widget-container\">\n\t\t\t\t\t\t\t\t\t\t\t\t\t\t\t<img decoding=\"async\" width=\"150\" height=\"150\" src=\"https:\/\/conflansmontjoie.org\/wp-content\/uploads\/2025\/03\/site-150x150.jpg\" class=\"attachment-thumbnail size-thumbnail wp-image-1493\" alt=\"\" srcset=\"https:\/\/conflansmontjoie.org\/wp-content\/uploads\/2025\/03\/site-150x150.jpg 150w, https:\/\/conflansmontjoie.org\/wp-content\/uploads\/2025\/03\/site-300x300.jpg 300w, https:\/\/conflansmontjoie.org\/wp-content\/uploads\/2025\/03\/site-75x75.jpg 75w\" sizes=\"(max-width: 150px) 100vw, 150px\" \/>\t\t\t\t\t\t\t\t\t\t\t\t\t\t\t<\/div>\n\t\t\t\t<\/div>\n\t\t\t\t<div class=\"elementor-element elementor-element-d5d36af elementor-widget elementor-widget-text-editor\" data-id=\"d5d36af\" data-element_type=\"widget\" data-e-type=\"widget\" data-widget_type=\"text-editor.default\">\n\t\t\t\t<div class=\"elementor-widget-container\">\n\t\t\t\t\t\t\t\t\t<div class=\"html-div xdj266r x11i5rnm xat24cr x1mh8g0r xexx8yu x4uap5 x18d9i69 xkhd6sd\" dir=\"auto\"><div class=\"html-div xdj266r x11i5rnm xat24cr x1mh8g0r xexx8yu x4uap5 x18d9i69 xkhd6sd\" dir=\"auto\"><div class=\"html-div xdj266r x11i5rnm xat24cr x1mh8g0r xexx8yu x4uap5 x18d9i69 xkhd6sd\" data-ad-rendering-role=\"story_message\"><div class=\"x1l90r2v x1iorvi4 x1ye3gou xn6708d\" data-ad-comet-preview=\"message\" data-ad-preview=\"message\"><div class=\"x78zum5 xdt5ytf xz62fqu x16ldp7u\"><div class=\"xu06os2 x1ok221b\"><div class=\"xdj266r x11i5rnm xat24cr x1mh8g0r x1vvkbs x126k92a\"><div dir=\"auto\"><span style=\"color: #000000;\">Le 9 novembre 2025, <span class=\"html-span xdj266r x11i5rnm xat24cr x1mh8g0r xexx8yu x4uap5 x18d9i69 xkhd6sd x1hl2dhg x16tdsg8 x1vvkbs\">a eu lieu la <a href=\"https:\/\/conflansmontjoie.org\/?p=4370\">3<\/a><\/span>\u00e8me \u00e9dition de notre g<span class=\"html-span xdj266r x11i5rnm xat24cr x1mh8g0r xexx8yu x4uap5 x18d9i69 xkhd6sd x1hl2dhg x16tdsg8 x1vvkbs\"><span class=\"xt0psk2\"><span class=\"xjp7ctv\"><span aria-describedby=\":r6i:\">rand Loto <\/span><\/span><\/span><\/span>avec pr\u00e8s de 400 participants \u00e0 la salle des f\u00eates Romagn\u00e9 de <span class=\"html-span xdj266r x11i5rnm xat24cr x1mh8g0r xexx8yu x4uap5 x18d9i69 xkhd6sd x1hl2dhg x16tdsg8 x1vvkbs\">Conflans-Sainte-Honorine<\/span>. Le Lions Club <span class=\"html-span xdj266r x11i5rnm xat24cr x1mh8g0r xexx8yu x4uap5 x18d9i69 xkhd6sd x1hl2dhg x16tdsg8 x1vvkbs\"><a class=\"x1i10hfl xjbqb8w x1ejq31n xd10rxx x1sy0etr x17r0tee x972fbf xcfux6l x1qhh985 xm0m39n x9f619 x1ypdohk xt0psk2 xe8uvvx xdj266r x11i5rnm xat24cr x1mh8g0r xexx8yu x4uap5 x18d9i69 xkhd6sd x16tdsg8 x1hl2dhg xggy1nq x1a2a7pz xkrqix3 x1sur9pj x1fey0fg x1s688f\" style=\"color: #000000; text-decoration: underline;\" tabindex=\"0\" role=\"link\" href=\"https:\/\/www.facebook.com\/profile.php?id=100006284537295&amp;__cft__[0]=AZUstMcDjVvIcquc_NqIgyPayXxGBOtHJQljcTeAvOiOFzwl4cc_JC9IEAM4WqQUfmpp-QDM21pofwcUf6rmldZQGJdfPnRjdLtU40tsmPJPXOZ9c_NXZyq3Lciz0R1vtYNa57qoEfCfciCTnBiCUlzRunBj27kQOgNdArN9hfyCtBWqIu438GoG7LcIniZv4Yo&amp;__tn__=-]K-y-y0.g-R\"><span class=\"xt0psk2\"><span class=\"xjp7ctv\"><span aria-describedby=\":r6j:\">Conflans Montjoie,<\/span><\/span><\/span><\/a><\/span> remercie le maire de la ville, <span class=\"html-span xdj266r x11i5rnm xat24cr x1mh8g0r xexx8yu x4uap5 x18d9i69 xkhd6sd x1hl2dhg x16tdsg8 x1vvkbs\"><span class=\"xt0psk2\"><span class=\"xjp7ctv\"><span aria-describedby=\":rou:\">Laurent Brosse, pour nous avoir permis une nouvelle fois de r\u00e9aliser ce Grand Loto contre le cancer p\u00e9diatrique dans cette salle.<\/span><\/span><\/span><\/span><\/span><\/div><div dir=\"auto\">\u00a0<\/div><div dir=\"auto\"><img fetchpriority=\"high\" decoding=\"async\" class=\"aligncenter wp-image-1644 size-large\" src=\"http:\/\/conflansmontjoie.org\/wp-content\/uploads\/2025\/03\/Loto-2025-1024x768.jpg\" alt=\"\" width=\"960\" height=\"720\" srcset=\"https:\/\/conflansmontjoie.org\/wp-content\/uploads\/2025\/03\/Loto-2025-1024x768.jpg 1024w, https:\/\/conflansmontjoie.org\/wp-content\/uploads\/2025\/03\/Loto-2025-300x225.jpg 300w, https:\/\/conflansmontjoie.org\/wp-content\/uploads\/2025\/03\/Loto-2025-768x576.jpg 768w, https:\/\/conflansmontjoie.org\/wp-content\/uploads\/2025\/03\/Loto-2025-1536x1152.jpg 1536w, https:\/\/conflansmontjoie.org\/wp-content\/uploads\/2025\/03\/Loto-2025-1140x855.jpg 1140w, https:\/\/conflansmontjoie.org\/wp-content\/uploads\/2025\/03\/Loto-2025.jpg 2048w\" sizes=\"(max-width: 960px) 100vw, 960px\" \/><\/div><\/div><\/div><\/div><div dir=\"auto\">\u00a0<\/div><div class=\"x78zum5 xdt5ytf xz62fqu x16ldp7u\"><div class=\"xu06os2 x1ok221b\"><div class=\"x11i5rnm xat24cr x1mh8g0r x1vvkbs xtlvy1s x126k92a\"><div dir=\"auto\"><span style=\"color: #000000;\"><span class=\"html-span xdj266r x11i5rnm xat24cr x1mh8g0r xexx8yu x4uap5 x18d9i69 xkhd6sd x1hl2dhg x16tdsg8 x1vvkbs\"><span class=\"xt0psk2\"><span class=\"xjp7ctv\"><span aria-describedby=\":rou:\">Nous remercions \u00e9galement les <\/span><\/span><\/span><\/span><\/span><span style=\"color: #000000;\">m\u00e9c\u00e8nes qui ont contribu\u00e9 \u00e0 ce belle apr\u00e8s-midi, les joueurs qui, par leur participation, permettent la r\u00e9alisation d&rsquo;actions contre le <span class=\"html-span xdj266r x11i5rnm xat24cr x1mh8g0r xexx8yu x4uap5 x18d9i69 xkhd6sd x1hl2dhg x16tdsg8 x1vvkbs\">cancer p\u00e9diatrique<\/span> et, surtout les b\u00e9n\u00e9voles, membres du club, conjoints et amis pour la parfaite organisation qui a permis \u00e0 tous de passer une agr\u00e9able journ\u00e9e dans la bonne humeur.<\/span><\/div><\/div><\/div><\/div><\/div><\/div><\/div><\/div>\t\t\t\t\t\t\t\t<\/div>\n\t\t\t\t<\/div>\n\t\t\t\t<\/div>\n\t\t<div class=\"elementor-element elementor-element-40b754d e-flex e-con-boxed e-con e-parent\" data-id=\"40b754d\" data-element_type=\"container\" data-e-type=\"container\">\n\t\t\t\t\t<div class=\"e-con-inner\">\n\t\t\t\t<div class=\"elementor-element elementor-element-224d6e8 elementor-widget elementor-widget-text-editor\" data-id=\"224d6e8\" data-element_type=\"widget\" data-e-type=\"widget\" data-widget_type=\"text-editor.default\">\n\t\t\t\t<div class=\"elementor-widget-container\">\n\t\t\t\t\t\t\t\t\t<h3><strong>Partenaires de notre grand loto 2025<\/strong><\/h3><ul><li><strong>Sur la commune de Conflans-Sainte-Honorine<\/strong><\/li><\/ul><p>Choteau, Thum R\u00e9pare, Neuroconfluence, Grand Frais, St\u00e9phane Chaussures,<br \/>Marionnaud, Gia Gia, Franck Provost, Pathe Gaumont, Renault, La salle des Sports, Neuroconfluence<\/p><ul><li><strong>Sur la commune d&rsquo;Andr\u00e9sy<\/strong><\/li><\/ul><p>U Express Andr\u00e9sy, Chic Time, Pineapple, La cave d\u2019Andr\u00e9sy, La Cucina, P\u00e9pite, Essens Etre, Sothys, Hesperie,<\/p><ul><li><strong>Sur la commune de Carri\u00e8res-sous-Poissy<\/strong><\/li><\/ul><p>Leclerc Saint-Louis, Le primo, Aux D\u00e9lices d&rsquo;Antonio<\/p><ul><li><strong>Sur la commune d&rsquo;Eragny<\/strong><\/li><\/ul><p>Grand Frais, Le Grand Cercle, Bain de perles,<\/p><ul><li><strong>Sur la commune de Maurecourt<\/strong><\/li><\/ul><p>Pharmacie, Au Castor, La Compagnie des fleurs,<br \/>Brasserie Versus, Tr\u00e9sor Indien, Dissidence,\u00a0<br \/>Carpe diem Coiffure, La maison d\u2019Andr\u00e9sy, Boucherie Fournaise, JC Auto, Garage Malti, Le Moulin de Maurecourt, Cr\u00e9dit Mutuel.<\/p><ul><li><strong>Sur la commune de Poissy<\/strong><\/li><\/ul><p>Neuville Poissy, Th\u00e9\u00e2tre de Poissy, Noyau de Poissy<br \/>Vignes de France, Boulevard Beirut.<\/p>\t\t\t\t\t\t\t\t<\/div>\n\t\t\t\t<\/div>\n\t\t\t\t\t<\/div>\n\t\t\t\t<\/div>\n\t\t\t\t<\/div>\n\t\t","protected":false},"excerpt":{"rendered":"<p>Le 9 novembre 2025, a eu lieu la 3\u00e8me \u00e9dition de notre grand Loto avec pr\u00e8s de 400 participants \u00e0 la salle des f\u00eates Romagn\u00e9 de Conflans-Sainte-Honorine. Le Lions Club Conflans Montjoie, remercie le maire de la ville, Laurent Brosse, pour nous avoir permis une nouvelle fois de r\u00e9aliser ce Grand Loto contre le cancer p\u00e9diatrique dans cette salle.\u00a0\u00a0Nous remercions \u00e9galement les m\u00e9c\u00e8nes qui ont contribu\u00e9 \u00e0 ce belle apr\u00e8s-midi, les joueurs qui, par leur participation, permettent la r\u00e9alisation d&rsquo;actions contre le cancer p\u00e9diatrique et, surtout les b\u00e9n\u00e9voles, membres du club, conjoints et amis pour la parfaite organisation qui a permis \u00e0 tous de passer une agr\u00e9able journ\u00e9e dans la bonne humeur. Partenaires de notre grand loto 2025 Sur la commune de Conflans-Sainte-Honorine Choteau, Thum R\u00e9pare, Neuroconfluence, Grand Frais, St\u00e9phane Chaussures,Marionnaud, Gia Gia, Franck Provost, Pathe Gaumont, Renault, La salle des Sports, Neuroconfluence Sur la commune d&rsquo;Andr\u00e9sy U Express Andr\u00e9sy, Chic Time, Pineapple, La cave d\u2019Andr\u00e9sy, La Cucina, P\u00e9pite, Essens Etre, Sothys, Hesperie, Sur la commune de Carri\u00e8res-sous-Poissy Leclerc Saint-Louis, Le primo, Aux D\u00e9lices d&rsquo;Antonio Sur la commune d&rsquo;Eragny Grand Frais, Le Grand Cercle, Bain de perles, Sur la commune de Maurecourt Pharmacie, Au Castor, La Compagnie des fleurs,Brasserie Versus, Tr\u00e9sor Indien, Dissidence,\u00a0Carpe diem Coiffure, La maison d\u2019Andr\u00e9sy, Boucherie Fournaise, JC Auto, Garage Malti, Le Moulin de Maurecourt, Cr\u00e9dit Mutuel. Sur la commune de Poissy Neuville Poissy, Th\u00e9\u00e2tre de Poissy, Noyau de PoissyVignes de France, Boulevard Beirut.<\/p>\n","protected":false},"author":1,"featured_media":0,"parent":0,"menu_order":0,"comment_status":"closed","ping_status":"closed","template":"","meta":{"footnotes":""},"class_list":["post-1651","page","type-page","status-publish","hentry"],"_links":{"self":[{"href":"https:\/\/conflansmontjoie.org\/index.php?rest_route=\/wp\/v2\/pages\/1651","targetHints":{"allow":["GET"]}}],"collection":[{"href":"https:\/\/conflansmontjoie.org\/index.php?rest_route=\/wp\/v2\/pages"}],"about":[{"href":"https:\/\/conflansmontjoie.org\/index.php?rest_route=\/wp\/v2\/types\/page"}],"author":[{"embeddable":true,"href":"https:\/\/conflansmontjoie.org\/index.php?rest_route=\/wp\/v2\/users\/1"}],"replies":[{"embeddable":true,"href":"https:\/\/conflansmontjoie.org\/index.php?rest_route=%2Fwp%2Fv2%2Fcomments&post=1651"}],"version-history":[{"count":51,"href":"https:\/\/conflansmontjoie.org\/index.php?rest_route=\/wp\/v2\/pages\/1651\/revisions"}],"predecessor-version":[{"id":4707,"href":"https:\/\/conflansmontjoie.org\/index.php?rest_route=\/wp\/v2\/pages\/1651\/revisions\/4707"}],"wp:attachment":[{"href":"https:\/\/conflansmontjoie.org\/index.php?rest_route=%2Fwp%2Fv2%2Fmedia&parent=1651"}],"curies":[{"name":"wp","href":"https:\/\/api.w.org\/{rel}","templated":true}]}}