{"id":1540,"date":"2025-03-01T22:54:11","date_gmt":"2025-03-01T21:54:11","guid":{"rendered":"https:\/\/conflansmontjoie.org\/?page_id=1540"},"modified":"2025-03-12T17:16:29","modified_gmt":"2025-03-12T16:16:29","slug":"repair-cafe-lions","status":"publish","type":"page","link":"https:\/\/conflansmontjoie.org\/?page_id=1540","title":{"rendered":"Repair Caf\u00e9 Lions"},"content":{"rendered":"\t\t<div data-elementor-type=\"wp-page\" data-elementor-id=\"1540\" class=\"elementor elementor-1540\">\n\t\t\t\t<div class=\"elementor-element elementor-element-2d09fa6 e-flex e-con-boxed e-con e-parent\" data-id=\"2d09fa6\" data-element_type=\"container\" data-e-type=\"container\">\n\t\t\t\t\t<div class=\"e-con-inner\">\n\t\t\t\t<div class=\"elementor-element elementor-element-6e4af68 elementor-widget elementor-widget-image\" data-id=\"6e4af68\" data-element_type=\"widget\" data-e-type=\"widget\" data-widget_type=\"image.default\">\n\t\t\t\t<div class=\"elementor-widget-container\">\n\t\t\t\t\t\t\t\t\t\t\t\t\t\t\t<img decoding=\"async\" src=\"http:\/\/conflansmontjoie.org\/wp-content\/uploads\/2025\/03\/Boite-Repair.jpg\" title=\"\" alt=\"\" loading=\"lazy\" \/>\t\t\t\t\t\t\t\t\t\t\t\t\t\t\t<\/div>\n\t\t\t\t<\/div>\n\t\t\t\t\t<\/div>\n\t\t\t\t<\/div>\n\t\t<div class=\"elementor-element elementor-element-8e21113 e-flex e-con-boxed e-con e-parent\" data-id=\"8e21113\" data-element_type=\"container\" data-e-type=\"container\">\n\t\t\t\t\t<div class=\"e-con-inner\">\n\t\t\t\t<div class=\"elementor-element elementor-element-c986748 elementor-widget elementor-widget-text-editor\" data-id=\"c986748\" data-element_type=\"widget\" data-e-type=\"widget\" data-widget_type=\"text-editor.default\">\n\t\t\t\t<div class=\"elementor-widget-container\">\n\t\t\t\t\t\t\t\t\t<p>Le Lions club Conflans Montjoie organise depuis 3 ans deux \u00ab\u00a0R\u00e9pair Caf\u00e9\u00a0\u00bb par an, un \u00e0 Carri\u00e8res-sous-Poissy et un autre \u00e0 Conflans-Sainte-Honorine.\u00a0 Nous avons r\u00e9ussi \u00e0 sauver plus de 2 tonnes de mat\u00e9riel !<\/p><p>Cette action permet de r\u00e9parer gratuitement un ensemble d&rsquo;objets en panne ou cass\u00e9s :\u00a0 v\u00eatements, appareils \u00e9lectriques et \u00e9lectroniques, v\u00e9los, jouets, informatique, \u2026 par des b\u00e9n\u00e9voles.\u00a0\u00a0<\/p><p><img fetchpriority=\"high\" decoding=\"async\" class=\"aligncenter wp-image-2127 size-medium\" src=\"http:\/\/conflansmontjoie.org\/wp-content\/uploads\/2025\/03\/DSC_5107-300x169.jpg\" alt=\"\" width=\"300\" height=\"169\" srcset=\"https:\/\/conflansmontjoie.org\/wp-content\/uploads\/2025\/03\/DSC_5107-300x169.jpg 300w, https:\/\/conflansmontjoie.org\/wp-content\/uploads\/2025\/03\/DSC_5107-1024x576.jpg 1024w, https:\/\/conflansmontjoie.org\/wp-content\/uploads\/2025\/03\/DSC_5107-768x432.jpg 768w, https:\/\/conflansmontjoie.org\/wp-content\/uploads\/2025\/03\/DSC_5107-1536x864.jpg 1536w, https:\/\/conflansmontjoie.org\/wp-content\/uploads\/2025\/03\/DSC_5107-2048x1152.jpg 2048w, https:\/\/conflansmontjoie.org\/wp-content\/uploads\/2025\/03\/DSC_5107-1140x641.jpg 1140w\" sizes=\"(max-width: 300px) 100vw, 300px\" \/><\/p><p>En effet, beaucoup d\u2019objets peuvent \u00eatre sauv\u00e9s de nos poubelles afin d&rsquo;\u00e9viter de surconsommer pour le bien de notre plan\u00e8te.<\/p><p>Trois possibilit\u00e9s :<\/p><ul><li>L&rsquo;objet est r\u00e9parable sur place, pas besoin de le r\u00e9parer vous avez fait un geste pour l&rsquo;environnement !<br \/><br \/><\/li><li>L&rsquo;objet est r\u00e9parable, mais vous devrez acheter la pi\u00e8ce \u00e0 changer et revenir l&rsquo;installer lors d&rsquo;un prochain \u00ab\u00a0Repair caf\u00e9\u00a0\u00bb.<br \/><br \/><\/li><li>Si l&rsquo;objet n&rsquo;est pas r\u00e9parable alors, la personne aura la conscience tranquille pour remplacer son objet.<\/li><\/ul><p>Lors de cette journ\u00e9e de r\u00e9paration nous r\u00e9cup\u00e9rons aussi :<\/p><ul><li>Les radios argentiques,<\/li><li><a href=\"https:\/\/conflansmontjoie.org\/?page_id=1540\">Les lunettes<\/a>,<\/li><li>Les cartouches d&rsquo;encre,<\/li><li>Les bouchons en plastique,<\/li><\/ul><div>\u00a0<\/div><div>\u00a0<\/div>\t\t\t\t\t\t\t\t<\/div>\n\t\t\t\t<\/div>\n\t\t\t\t\t<\/div>\n\t\t\t\t<\/div>\n\t\t\t\t<\/div>\n\t\t","protected":false},"excerpt":{"rendered":"<p>Le Lions club Conflans Montjoie organise depuis 3 ans deux \u00ab\u00a0R\u00e9pair Caf\u00e9\u00a0\u00bb par an, un \u00e0 Carri\u00e8res-sous-Poissy et un autre \u00e0 Conflans-Sainte-Honorine.\u00a0 Nous avons r\u00e9ussi \u00e0 sauver plus de 2 tonnes de mat\u00e9riel ! Cette action permet de r\u00e9parer gratuitement un ensemble d&rsquo;objets en panne ou cass\u00e9s :\u00a0 v\u00eatements, appareils \u00e9lectriques et \u00e9lectroniques, v\u00e9los, jouets, informatique, \u2026 par des b\u00e9n\u00e9voles.\u00a0\u00a0 En effet, beaucoup d\u2019objets peuvent \u00eatre sauv\u00e9s de nos poubelles afin d&rsquo;\u00e9viter de surconsommer pour le bien de notre plan\u00e8te. Trois possibilit\u00e9s : L&rsquo;objet est r\u00e9parable sur place, pas besoin de le r\u00e9parer vous avez fait un geste pour l&rsquo;environnement ! L&rsquo;objet est r\u00e9parable, mais vous devrez acheter la pi\u00e8ce \u00e0 changer et revenir l&rsquo;installer lors d&rsquo;un prochain \u00ab\u00a0Repair caf\u00e9\u00a0\u00bb. Si l&rsquo;objet n&rsquo;est pas r\u00e9parable alors, la personne aura la conscience tranquille pour remplacer son objet. Lors de cette journ\u00e9e de r\u00e9paration nous r\u00e9cup\u00e9rons aussi : Les radios argentiques, Les lunettes, Les cartouches d&rsquo;encre, Les bouchons en plastique, \u00a0\u00a0<\/p>\n","protected":false},"author":1,"featured_media":0,"parent":0,"menu_order":0,"comment_status":"closed","ping_status":"closed","template":"","meta":{"footnotes":""},"class_list":["post-1540","page","type-page","status-publish","hentry"],"_links":{"self":[{"href":"https:\/\/conflansmontjoie.org\/index.php?rest_route=\/wp\/v2\/pages\/1540","targetHints":{"allow":["GET"]}}],"collection":[{"href":"https:\/\/conflansmontjoie.org\/index.php?rest_route=\/wp\/v2\/pages"}],"about":[{"href":"https:\/\/conflansmontjoie.org\/index.php?rest_route=\/wp\/v2\/types\/page"}],"author":[{"embeddable":true,"href":"https:\/\/conflansmontjoie.org\/index.php?rest_route=\/wp\/v2\/users\/1"}],"replies":[{"embeddable":true,"href":"https:\/\/conflansmontjoie.org\/index.php?rest_route=%2Fwp%2Fv2%2Fcomments&post=1540"}],"version-history":[{"count":28,"href":"https:\/\/conflansmontjoie.org\/index.php?rest_route=\/wp\/v2\/pages\/1540\/revisions"}],"predecessor-version":[{"id":3226,"href":"https:\/\/conflansmontjoie.org\/index.php?rest_route=\/wp\/v2\/pages\/1540\/revisions\/3226"}],"wp:attachment":[{"href":"https:\/\/conflansmontjoie.org\/index.php?rest_route=%2Fwp%2Fv2%2Fmedia&parent=1540"}],"curies":[{"name":"wp","href":"https:\/\/api.w.org\/{rel}","templated":true}]}}