{"id":1530,"date":"2025-03-01T22:47:16","date_gmt":"2025-03-01T21:47:16","guid":{"rendered":"https:\/\/conflansmontjoie.org\/?page_id=1530"},"modified":"2025-03-10T12:15:29","modified_gmt":"2025-03-10T11:15:29","slug":"elementor-1530","status":"publish","type":"page","link":"https:\/\/conflansmontjoie.org\/?page_id=1530","title":{"rendered":"Concours d&rsquo;\u00e9loquence"},"content":{"rendered":"\t\t<div data-elementor-type=\"wp-page\" data-elementor-id=\"1530\" class=\"elementor elementor-1530\">\n\t\t\t\t<div class=\"elementor-element elementor-element-36f776d e-flex e-con-boxed e-con e-parent\" data-id=\"36f776d\" data-element_type=\"container\" data-e-type=\"container\">\n\t\t\t\t\t<div class=\"e-con-inner\">\n\t\t\t\t<div class=\"elementor-element elementor-element-90ad336 elementor-widget elementor-widget-image\" data-id=\"90ad336\" data-element_type=\"widget\" data-e-type=\"widget\" data-widget_type=\"image.default\">\n\t\t\t\t<div class=\"elementor-widget-container\">\n\t\t\t\t\t\t\t\t\t\t\t\t\t\t\t<img decoding=\"async\" width=\"150\" height=\"150\" src=\"https:\/\/conflansmontjoie.org\/wp-content\/uploads\/2025\/03\/Concours-deloc-150x150.jpg\" class=\"attachment-thumbnail size-thumbnail wp-image-2567\" alt=\"\" srcset=\"https:\/\/conflansmontjoie.org\/wp-content\/uploads\/2025\/03\/Concours-deloc-150x150.jpg 150w, https:\/\/conflansmontjoie.org\/wp-content\/uploads\/2025\/03\/Concours-deloc-300x300.jpg 300w, https:\/\/conflansmontjoie.org\/wp-content\/uploads\/2025\/03\/Concours-deloc-75x75.jpg 75w\" sizes=\"(max-width: 150px) 100vw, 150px\" \/>\t\t\t\t\t\t\t\t\t\t\t\t\t\t\t<\/div>\n\t\t\t\t<\/div>\n\t\t\t\t<div class=\"elementor-element elementor-element-79c4e98 elementor-widget elementor-widget-text-editor\" data-id=\"79c4e98\" data-element_type=\"widget\" data-e-type=\"widget\" data-widget_type=\"text-editor.default\">\n\t\t\t\t<div class=\"elementor-widget-container\">\n\t\t\t\t\t\t\t\t\t<p>Le concours d\u2019\u00e9loquence est toujours l&rsquo;occasion de d\u00e9couvrir des jeunes brillants et talentueux. Gr\u00e2ce \u00e0 ce concours ces jeunes d\u00e9couvrent l&rsquo;art oratoire qui est un outil culturel et\u00a0 ludique.\u00a0<\/p><p>Apr\u00e8s quelques ann\u00e9es de pause, depuis 3 ans le club pr\u00e9sente \u00e0 chaque fois une ou un candidat(e). Cette ann\u00e9e Agathe \u00e9l\u00e8ve de seconde au Lyc\u00e9e Charles de Gaulle \u00e0 Poissy repr\u00e9sentera notre club \u00e0 la finale r\u00e9gionale. Cette derni\u00e8re aura lieu le <strong>22 mars 2025<\/strong> au Lyc\u00e9e Notre Dame des Oiseaux de Verneuil-sur-Seine.<\/p><p>La finale nationale aura lieu \u00e0 Dijon pour la convention nationale des Lions.<\/p>\t\t\t\t\t\t\t\t<\/div>\n\t\t\t\t<\/div>\n\t\t\t\t<div class=\"elementor-element elementor-element-870ec11 elementor-widget elementor-widget-image\" data-id=\"870ec11\" data-element_type=\"widget\" data-e-type=\"widget\" data-widget_type=\"image.default\">\n\t\t\t\t<div class=\"elementor-widget-container\">\n\t\t\t\t\t\t\t\t\t\t\t\t<figure class=\"wp-caption\">\n\t\t\t\t\t\t\t\t\t\t<img fetchpriority=\"high\" decoding=\"async\" width=\"960\" height=\"720\" src=\"https:\/\/conflansmontjoie.org\/wp-content\/uploads\/2025\/03\/IMG_7257-1024x768.jpeg\" class=\"attachment-large size-large wp-image-2568\" alt=\"\" srcset=\"https:\/\/conflansmontjoie.org\/wp-content\/uploads\/2025\/03\/IMG_7257-1024x768.jpeg 1024w, https:\/\/conflansmontjoie.org\/wp-content\/uploads\/2025\/03\/IMG_7257-300x225.jpeg 300w, https:\/\/conflansmontjoie.org\/wp-content\/uploads\/2025\/03\/IMG_7257-768x576.jpeg 768w, https:\/\/conflansmontjoie.org\/wp-content\/uploads\/2025\/03\/IMG_7257-1536x1152.jpeg 1536w, https:\/\/conflansmontjoie.org\/wp-content\/uploads\/2025\/03\/IMG_7257-2048x1536.jpeg 2048w, https:\/\/conflansmontjoie.org\/wp-content\/uploads\/2025\/03\/IMG_7257-1140x855.jpeg 1140w\" sizes=\"(max-width: 960px) 100vw, 960px\" \/>\t\t\t\t\t\t\t\t\t\t\t<figcaption class=\"widget-image-caption wp-caption-text\">Agathe (3\u00e8me en partant de la droite)<\/figcaption>\n\t\t\t\t\t\t\t\t\t\t<\/figure>\n\t\t\t\t\t\t\t\t\t<\/div>\n\t\t\t\t<\/div>\n\t\t\t\t<div class=\"elementor-element elementor-element-b4e866f elementor-widget elementor-widget-image\" data-id=\"b4e866f\" data-element_type=\"widget\" data-e-type=\"widget\" data-widget_type=\"image.default\">\n\t\t\t\t<div class=\"elementor-widget-container\">\n\t\t\t\t\t\t\t\t\t\t\t\t\t\t\t<img decoding=\"async\" width=\"525\" height=\"653\" src=\"https:\/\/conflansmontjoie.org\/wp-content\/uploads\/2025\/03\/Concours-deloc2.jpg\" class=\"attachment-large size-large wp-image-2576\" alt=\"\" srcset=\"https:\/\/conflansmontjoie.org\/wp-content\/uploads\/2025\/03\/Concours-deloc2.jpg 525w, https:\/\/conflansmontjoie.org\/wp-content\/uploads\/2025\/03\/Concours-deloc2-241x300.jpg 241w\" sizes=\"(max-width: 525px) 100vw, 525px\" \/>\t\t\t\t\t\t\t\t\t\t\t\t\t\t\t<\/div>\n\t\t\t\t<\/div>\n\t\t\t\t\t<\/div>\n\t\t\t\t<\/div>\n\t\t\t\t<\/div>\n\t\t","protected":false},"excerpt":{"rendered":"<p>Le concours d\u2019\u00e9loquence est toujours l&rsquo;occasion de d\u00e9couvrir des jeunes brillants et talentueux. Gr\u00e2ce \u00e0 ce concours ces jeunes d\u00e9couvrent l&rsquo;art oratoire qui est un outil culturel et\u00a0 ludique.\u00a0 Apr\u00e8s quelques ann\u00e9es de pause, depuis 3 ans le club pr\u00e9sente \u00e0 chaque fois une ou un candidat(e). Cette ann\u00e9e Agathe \u00e9l\u00e8ve de seconde au Lyc\u00e9e Charles de Gaulle \u00e0 Poissy repr\u00e9sentera notre club \u00e0 la finale r\u00e9gionale. Cette derni\u00e8re aura lieu le 22 mars 2025 au Lyc\u00e9e Notre Dame des Oiseaux de Verneuil-sur-Seine. La finale nationale aura lieu \u00e0 Dijon pour la convention nationale des Lions. Agathe (3\u00e8me en partant de la droite)<\/p>\n","protected":false},"author":1,"featured_media":0,"parent":0,"menu_order":0,"comment_status":"closed","ping_status":"closed","template":"","meta":{"footnotes":""},"class_list":["post-1530","page","type-page","status-publish","hentry"],"_links":{"self":[{"href":"https:\/\/conflansmontjoie.org\/index.php?rest_route=\/wp\/v2\/pages\/1530","targetHints":{"allow":["GET"]}}],"collection":[{"href":"https:\/\/conflansmontjoie.org\/index.php?rest_route=\/wp\/v2\/pages"}],"about":[{"href":"https:\/\/conflansmontjoie.org\/index.php?rest_route=\/wp\/v2\/types\/page"}],"author":[{"embeddable":true,"href":"https:\/\/conflansmontjoie.org\/index.php?rest_route=\/wp\/v2\/users\/1"}],"replies":[{"embeddable":true,"href":"https:\/\/conflansmontjoie.org\/index.php?rest_route=%2Fwp%2Fv2%2Fcomments&post=1530"}],"version-history":[{"count":30,"href":"https:\/\/conflansmontjoie.org\/index.php?rest_route=\/wp\/v2\/pages\/1530\/revisions"}],"predecessor-version":[{"id":2906,"href":"https:\/\/conflansmontjoie.org\/index.php?rest_route=\/wp\/v2\/pages\/1530\/revisions\/2906"}],"wp:attachment":[{"href":"https:\/\/conflansmontjoie.org\/index.php?rest_route=%2Fwp%2Fv2%2Fmedia&parent=1530"}],"curies":[{"name":"wp","href":"https:\/\/api.w.org\/{rel}","templated":true}]}}